{"id":9595,"date":"2025-01-10T15:48:48","date_gmt":"2025-01-10T15:48:48","guid":{"rendered":"https:\/\/deli-home.pt\/?post_type=product&#038;p=9595"},"modified":"2025-12-23T09:57:19","modified_gmt":"2025-12-23T09:57:19","slug":"janela-pvc-fixa-2000x500","status":"publish","type":"product","link":"https:\/\/deli-home.pt\/es\/produtos\/janela-pvc-fixa-2000x500\/","title":{"rendered":"Ventana PVC fija 2000\u00d7500"},"content":{"rendered":"<p>Ventana PVC fija 2000\u00d7500<\/p>\n<p>A janela PVC fixa 2000&#215;500 oferece qualidade certificada e um desempenho superior em isolamento t\u00e9rmico e ac\u00fastico. Com um design robusto e funcional, \u00e9 uma escolha ideal para quem procura conforto e efici\u00eancia energ\u00e9tica.<\/p>\n<p>Fabricada em PVC isolado de 70 mm com 6 c\u00e2maras, esta janela destaca-se pela durabilidade e resist\u00eancia. A estrutura interna em a\u00e7o refor\u00e7ado aumenta a estabilidade, garantindo uma vida \u00fatil prolongada.<\/p>\n<p>Equipada com vidro duplo de 24 mm preenchido com g\u00e1s \u00e1rgon, esta janela proporciona um isolamento ac\u00fastico avan\u00e7ado, reduzindo os ru\u00eddos exteriores, e um excelente desempenho t\u00e9rmico, mantendo a sua casa confort\u00e1vel em todas as esta\u00e7\u00f5es do ano.<\/p>\n<p>Esta solu\u00e7\u00e3o \u00e9 perfeita para ampliar uma janela ou porta existente em PVC.<\/p>\n<p>A possibilidade de liga\u00e7\u00e3o atrav\u00e9s do perfil de uni\u00e3o garante uma est\u00e9tica harmoniosa e cont\u00ednua, adaptando-se facilmente a diferentes estilos de decora\u00e7\u00e3o.<\/p>","protected":false},"excerpt":{"rendered":"<p>Esta janela fixa em PVC com perfil de 70 mm oferece um isolamento t\u00e9rmico e ac\u00fastico superior, gra\u00e7as \u00e0s suas 6 c\u00e2maras e ao vidro duplo com g\u00e1s \u00c1rgon.<\/p>\n<p>Com estrutura interna em a\u00e7o para maior estabilidade, \u00e9 a solu\u00e7\u00e3o certificada ideal para ampliar v\u00e3os ou combinar com outras unidades, garantindo m\u00e1xima efici\u00eancia energ\u00e9tica e luminosidade.<\/p>\n<p><a href=\"https:\/\/youtu.be\/Sd0H1qhz6PI?si=kRGGCVVa361dijZl\" target=\"_blank\" rel=\"noopener\">Instala\u00e7\u00e3o de Janelas de PVC (Portugu\u00eas)<\/a><\/p>\n<p><a href=\"https:\/\/www.youtube.com\/watch?v=8WfxOoc-Jzc\" target=\"_blank\" rel=\"noopener\">Guia de utiliza\u00e7\u00e3o &#8211; Janelas PVC (Portugu\u00eas)<\/a><\/p>\n<p><a href=\"https:\/\/deli-home.pt\/wp-content\/uploads\/2025\/12\/ES-e-PT-Manual-de-instrucoes-Janelas-PVC-24.11.25.pdf\" target=\"_blank\" rel=\"noopener\">Manual de Instru\u00e7\u00f5es &#8211; Janelas de PVC (Portugu\u00eas)<\/a><\/p>\n<p><strong>EAN: 5600437714423<\/strong><\/p>","protected":false},"featured_media":9596,"template":"","meta":{"site-sidebar-layout":"default","site-content-layout":"","ast-site-content-layout":"default","site-content-style":"default","site-sidebar-style":"default","ast-global-header-display":"","ast-banner-title-visibility":"","ast-main-header-display":"","ast-hfb-above-header-display":"","ast-hfb-below-header-display":"","ast-hfb-mobile-header-display":"","site-post-title":"","ast-breadcrumbs-content":"","ast-featured-img":"","footer-sml-layout":"","ast-disable-related-posts":"","theme-transparent-header-meta":"default","adv-header-id-meta":"","stick-header-meta":"","header-above-stick-meta":"","header-main-stick-meta":"","header-below-stick-meta":"","astra-migrate-meta-layouts":"set","ast-page-background-enabled":"default","ast-page-background-meta":{"desktop":{"background-color":"var(--ast-global-color-4)","background-image":"","background-repeat":"repeat","background-position":"center center","background-size":"auto","background-attachment":"scroll","background-type":"","background-media":"","overlay-type":"","overlay-color":"","overlay-opacity":"","overlay-gradient":""},"tablet":{"background-color":"","background-image":"","background-repeat":"repeat","background-position":"center center","background-size":"auto","background-attachment":"scroll","background-type":"","background-media":"","overlay-type":"","overlay-color":"","overlay-opacity":"","overlay-gradient":""},"mobile":{"background-color":"","background-image":"","background-repeat":"repeat","background-position":"center center","background-size":"auto","background-attachment":"scroll","background-type":"","background-media":"","overlay-type":"","overlay-color":"","overlay-opacity":"","overlay-gradient":""}},"ast-content-background-meta":{"desktop":{"background-color":"var(--ast-global-color-5)","background-image":"","background-repeat":"repeat","background-position":"center center","background-size":"auto","background-attachment":"scroll","background-type":"","background-media":"","overlay-type":"","overlay-color":"","overlay-opacity":"","overlay-gradient":""},"tablet":{"background-color":"var(--ast-global-color-5)","background-image":"","background-repeat":"repeat","background-position":"center center","background-size":"auto","background-attachment":"scroll","background-type":"","background-media":"","overlay-type":"","overlay-color":"","overlay-opacity":"","overlay-gradient":""},"mobile":{"background-color":"var(--ast-global-color-5)","background-image":"","background-repeat":"repeat","background-position":"center center","background-size":"auto","background-attachment":"scroll","background-type":"","background-media":"","overlay-type":"","overlay-color":"","overlay-opacity":"","overlay-gradient":""}}},"product_brand":[],"product_cat":[74,34,77,72],"product_tag":[],"class_list":{"0":"post-9595","1":"product","2":"type-product","3":"status-publish","4":"has-post-thumbnail","6":"product_cat-janelas-pvc-70mm","7":"product_cat-janelas-pvc","8":"product_cat-janelas-s-estore","9":"product_cat-linha-pvc","10":"desktop-align-left","11":"tablet-align-left","12":"mobile-align-left","14":"first","15":"instock","16":"taxable","17":"shipping-taxable","18":"purchasable","19":"product-type-simple"},"yoast_head":"<!-- This site is optimized with the Yoast SEO plugin v27.5 - https:\/\/yoast.com\/product\/yoast-seo-wordpress\/ -->\n<title>Janela PVC fixa 2000x500 - Deli Home Iberia<\/title>\n<meta name=\"description\" content=\"Janela fixa em PVC 2000x500 com vidro duplo e isolamento t\u00e9rmico. Estrutura refor\u00e7ada em a\u00e7o galvanizado para maior resist\u00eancia.\" \/>\n<meta name=\"robots\" content=\"index, follow, max-snippet:-1, max-image-preview:large, max-video-preview:-1\" \/>\n<link rel=\"canonical\" href=\"https:\/\/deli-home.pt\/es\/produtos\/janela-pvc-fixa-2000x500\/\" \/>\n<meta property=\"og:locale\" content=\"es_ES\" \/>\n<meta property=\"og:type\" content=\"article\" \/>\n<meta property=\"og:title\" content=\"Janela PVC fixa 2000x500 - Deli Home Iberia\" \/>\n<meta property=\"og:description\" content=\"Janela fixa em PVC 2000x500 com vidro duplo e isolamento t\u00e9rmico. Estrutura refor\u00e7ada em a\u00e7o galvanizado para maior resist\u00eancia.\" \/>\n<meta property=\"og:url\" content=\"https:\/\/deli-home.pt\/es\/produtos\/janela-pvc-fixa-2000x500\/\" \/>\n<meta property=\"og:site_name\" content=\"Deli Home Iberia\" \/>\n<meta property=\"article:modified_time\" content=\"2025-12-23T09:57:19+00:00\" \/>\n<meta property=\"og:image\" content=\"https:\/\/deli-home.pt\/wp-content\/uploads\/2025\/01\/5600437714423.jpg\" \/>\n\t<meta property=\"og:image:width\" content=\"1000\" \/>\n\t<meta property=\"og:image:height\" content=\"1000\" \/>\n\t<meta property=\"og:image:type\" content=\"image\/jpeg\" \/>\n<meta name=\"twitter:card\" content=\"summary_large_image\" \/>\n<meta name=\"twitter:label1\" content=\"Tiempo de lectura\" \/>\n\t<meta name=\"twitter:data1\" content=\"1 minuto\" \/>\n<script type=\"application\/ld+json\" class=\"yoast-schema-graph\">{\"@context\":\"https:\\\/\\\/schema.org\",\"@graph\":[{\"@type\":\"WebPage\",\"@id\":\"https:\\\/\\\/deli-home.pt\\\/produtos\\\/janela-pvc-fixa-2000x500\\\/\",\"url\":\"https:\\\/\\\/deli-home.pt\\\/produtos\\\/janela-pvc-fixa-2000x500\\\/\",\"name\":\"Janela PVC fixa 2000x500 - Deli Home Iberia\",\"isPartOf\":{\"@id\":\"https:\\\/\\\/deli-home.pt\\\/#website\"},\"primaryImageOfPage\":{\"@id\":\"https:\\\/\\\/deli-home.pt\\\/produtos\\\/janela-pvc-fixa-2000x500\\\/#primaryimage\"},\"image\":{\"@id\":\"https:\\\/\\\/deli-home.pt\\\/produtos\\\/janela-pvc-fixa-2000x500\\\/#primaryimage\"},\"thumbnailUrl\":\"https:\\\/\\\/deli-home.pt\\\/wp-content\\\/uploads\\\/2025\\\/01\\\/5600437714423.jpg\",\"datePublished\":\"2025-01-10T15:48:48+00:00\",\"dateModified\":\"2025-12-23T09:57:19+00:00\",\"description\":\"Janela fixa em PVC 2000x500 com vidro duplo e isolamento t\u00e9rmico. Estrutura refor\u00e7ada em a\u00e7o galvanizado para maior resist\u00eancia.\",\"breadcrumb\":{\"@id\":\"https:\\\/\\\/deli-home.pt\\\/produtos\\\/janela-pvc-fixa-2000x500\\\/#breadcrumb\"},\"inLanguage\":\"es\",\"potentialAction\":[{\"@type\":\"ReadAction\",\"target\":[\"https:\\\/\\\/deli-home.pt\\\/produtos\\\/janela-pvc-fixa-2000x500\\\/\"]}]},{\"@type\":\"ImageObject\",\"inLanguage\":\"es\",\"@id\":\"https:\\\/\\\/deli-home.pt\\\/produtos\\\/janela-pvc-fixa-2000x500\\\/#primaryimage\",\"url\":\"https:\\\/\\\/deli-home.pt\\\/wp-content\\\/uploads\\\/2025\\\/01\\\/5600437714423.jpg\",\"contentUrl\":\"https:\\\/\\\/deli-home.pt\\\/wp-content\\\/uploads\\\/2025\\\/01\\\/5600437714423.jpg\",\"width\":1000,\"height\":1000,\"caption\":\"10229-24\"},{\"@type\":\"BreadcrumbList\",\"@id\":\"https:\\\/\\\/deli-home.pt\\\/produtos\\\/janela-pvc-fixa-2000x500\\\/#breadcrumb\",\"itemListElement\":[{\"@type\":\"ListItem\",\"position\":1,\"name\":\"Home\",\"item\":\"https:\\\/\\\/deli-home.pt\\\/\"},{\"@type\":\"ListItem\",\"position\":2,\"name\":\"Produtos\",\"item\":\"https:\\\/\\\/deli-home.pt\\\/store-2\\\/\"},{\"@type\":\"ListItem\",\"position\":3,\"name\":\"Janela PVC fixa 2000&#215;500\"}]},{\"@type\":\"WebSite\",\"@id\":\"https:\\\/\\\/deli-home.pt\\\/#website\",\"url\":\"https:\\\/\\\/deli-home.pt\\\/\",\"name\":\"Deli Home Iberia\",\"description\":\"\",\"publisher\":{\"@id\":\"https:\\\/\\\/deli-home.pt\\\/#organization\"},\"potentialAction\":[{\"@type\":\"SearchAction\",\"target\":{\"@type\":\"EntryPoint\",\"urlTemplate\":\"https:\\\/\\\/deli-home.pt\\\/?s={search_term_string}\"},\"query-input\":{\"@type\":\"PropertyValueSpecification\",\"valueRequired\":true,\"valueName\":\"search_term_string\"}}],\"inLanguage\":\"es\"},{\"@type\":\"Organization\",\"@id\":\"https:\\\/\\\/deli-home.pt\\\/#organization\",\"name\":\"Deli Home Iberia\",\"url\":\"https:\\\/\\\/deli-home.pt\\\/\",\"logo\":{\"@type\":\"ImageObject\",\"inLanguage\":\"es\",\"@id\":\"https:\\\/\\\/deli-home.pt\\\/#\\\/schema\\\/logo\\\/image\\\/\",\"url\":\"https:\\\/\\\/deli-home.pt\\\/wp-content\\\/uploads\\\/2024\\\/09\\\/cropped-cropped-logo-DH-png.png\",\"contentUrl\":\"https:\\\/\\\/deli-home.pt\\\/wp-content\\\/uploads\\\/2024\\\/09\\\/cropped-cropped-logo-DH-png.png\",\"width\":1181,\"height\":429,\"caption\":\"Deli Home Iberia\"},\"image\":{\"@id\":\"https:\\\/\\\/deli-home.pt\\\/#\\\/schema\\\/logo\\\/image\\\/\"}}]}<\/script>\n<!-- \/ Yoast SEO plugin. -->","yoast_head_json":{"title":"Janela PVC fixa 2000x500 - Deli Home Iberia","description":"Janela fixa em PVC 2000x500 com vidro duplo e isolamento t\u00e9rmico. Estrutura refor\u00e7ada em a\u00e7o galvanizado para maior resist\u00eancia.","robots":{"index":"index","follow":"follow","max-snippet":"max-snippet:-1","max-image-preview":"max-image-preview:large","max-video-preview":"max-video-preview:-1"},"canonical":"https:\/\/deli-home.pt\/es\/produtos\/janela-pvc-fixa-2000x500\/","og_locale":"es_ES","og_type":"article","og_title":"Janela PVC fixa 2000x500 - Deli Home Iberia","og_description":"Janela fixa em PVC 2000x500 com vidro duplo e isolamento t\u00e9rmico. Estrutura refor\u00e7ada em a\u00e7o galvanizado para maior resist\u00eancia.","og_url":"https:\/\/deli-home.pt\/es\/produtos\/janela-pvc-fixa-2000x500\/","og_site_name":"Deli Home Iberia","article_modified_time":"2025-12-23T09:57:19+00:00","og_image":[{"width":1000,"height":1000,"url":"https:\/\/deli-home.pt\/wp-content\/uploads\/2025\/01\/5600437714423.jpg","type":"image\/jpeg"}],"twitter_card":"summary_large_image","twitter_misc":{"Tiempo de lectura":"1 minuto"},"schema":{"@context":"https:\/\/schema.org","@graph":[{"@type":"WebPage","@id":"https:\/\/deli-home.pt\/produtos\/janela-pvc-fixa-2000x500\/","url":"https:\/\/deli-home.pt\/produtos\/janela-pvc-fixa-2000x500\/","name":"Janela PVC fixa 2000x500 - Deli Home Iberia","isPartOf":{"@id":"https:\/\/deli-home.pt\/#website"},"primaryImageOfPage":{"@id":"https:\/\/deli-home.pt\/produtos\/janela-pvc-fixa-2000x500\/#primaryimage"},"image":{"@id":"https:\/\/deli-home.pt\/produtos\/janela-pvc-fixa-2000x500\/#primaryimage"},"thumbnailUrl":"https:\/\/deli-home.pt\/wp-content\/uploads\/2025\/01\/5600437714423.jpg","datePublished":"2025-01-10T15:48:48+00:00","dateModified":"2025-12-23T09:57:19+00:00","description":"Janela fixa em PVC 2000x500 com vidro duplo e isolamento t\u00e9rmico. Estrutura refor\u00e7ada em a\u00e7o galvanizado para maior resist\u00eancia.","breadcrumb":{"@id":"https:\/\/deli-home.pt\/produtos\/janela-pvc-fixa-2000x500\/#breadcrumb"},"inLanguage":"es","potentialAction":[{"@type":"ReadAction","target":["https:\/\/deli-home.pt\/produtos\/janela-pvc-fixa-2000x500\/"]}]},{"@type":"ImageObject","inLanguage":"es","@id":"https:\/\/deli-home.pt\/produtos\/janela-pvc-fixa-2000x500\/#primaryimage","url":"https:\/\/deli-home.pt\/wp-content\/uploads\/2025\/01\/5600437714423.jpg","contentUrl":"https:\/\/deli-home.pt\/wp-content\/uploads\/2025\/01\/5600437714423.jpg","width":1000,"height":1000,"caption":"10229-24"},{"@type":"BreadcrumbList","@id":"https:\/\/deli-home.pt\/produtos\/janela-pvc-fixa-2000x500\/#breadcrumb","itemListElement":[{"@type":"ListItem","position":1,"name":"Home","item":"https:\/\/deli-home.pt\/"},{"@type":"ListItem","position":2,"name":"Produtos","item":"https:\/\/deli-home.pt\/store-2\/"},{"@type":"ListItem","position":3,"name":"Janela PVC fixa 2000&#215;500"}]},{"@type":"WebSite","@id":"https:\/\/deli-home.pt\/#website","url":"https:\/\/deli-home.pt\/","name":"Deli Home Iberia","description":"","publisher":{"@id":"https:\/\/deli-home.pt\/#organization"},"potentialAction":[{"@type":"SearchAction","target":{"@type":"EntryPoint","urlTemplate":"https:\/\/deli-home.pt\/?s={search_term_string}"},"query-input":{"@type":"PropertyValueSpecification","valueRequired":true,"valueName":"search_term_string"}}],"inLanguage":"es"},{"@type":"Organization","@id":"https:\/\/deli-home.pt\/#organization","name":"Deli Home Iberia","url":"https:\/\/deli-home.pt\/","logo":{"@type":"ImageObject","inLanguage":"es","@id":"https:\/\/deli-home.pt\/#\/schema\/logo\/image\/","url":"https:\/\/deli-home.pt\/wp-content\/uploads\/2024\/09\/cropped-cropped-logo-DH-png.png","contentUrl":"https:\/\/deli-home.pt\/wp-content\/uploads\/2024\/09\/cropped-cropped-logo-DH-png.png","width":1181,"height":429,"caption":"Deli Home Iberia"},"image":{"@id":"https:\/\/deli-home.pt\/#\/schema\/logo\/image\/"}}]}},"_links":{"self":[{"href":"https:\/\/deli-home.pt\/es\/wp-json\/wp\/v2\/product\/9595","targetHints":{"allow":["GET"]}}],"collection":[{"href":"https:\/\/deli-home.pt\/es\/wp-json\/wp\/v2\/product"}],"about":[{"href":"https:\/\/deli-home.pt\/es\/wp-json\/wp\/v2\/types\/product"}],"wp:featuredmedia":[{"embeddable":true,"href":"https:\/\/deli-home.pt\/es\/wp-json\/wp\/v2\/media\/9596"}],"wp:attachment":[{"href":"https:\/\/deli-home.pt\/es\/wp-json\/wp\/v2\/media?parent=9595"}],"wp:term":[{"taxonomy":"product_brand","embeddable":true,"href":"https:\/\/deli-home.pt\/es\/wp-json\/wp\/v2\/product_brand?post=9595"},{"taxonomy":"product_cat","embeddable":true,"href":"https:\/\/deli-home.pt\/es\/wp-json\/wp\/v2\/product_cat?post=9595"},{"taxonomy":"product_tag","embeddable":true,"href":"https:\/\/deli-home.pt\/es\/wp-json\/wp\/v2\/product_tag?post=9595"}],"curies":[{"name":"wp","href":"https:\/\/api.w.org\/{rel}","templated":true}]}}