{"id":9577,"date":"2025-01-10T15:13:13","date_gmt":"2025-01-10T15:13:13","guid":{"rendered":"https:\/\/deli-home.pt\/?post_type=product&#038;p=9577"},"modified":"2025-12-22T15:55:56","modified_gmt":"2025-12-22T15:55:56","slug":"janela-pvc-sacada-esquerda-2000x880","status":"publish","type":"product","link":"https:\/\/deli-home.pt\/es\/produtos\/janela-pvc-sacada-esquerda-2000x880\/","title":{"rendered":"Janela PVC sacada Esquerda 2000\u00d7880"},"content":{"rendered":"<p>Janela PVC sacada Esquerda 2000\u00d7880<br \/>\nA janela oscilobatente oferece um alto padr\u00e3o de qualidade certificada, ideal para proporcionar conforto e efici\u00eancia energ\u00e9tica na sua casa.<\/p>\n<p>Fabricada em PVC isolado de 70 mm com 6 c\u00e2maras e estrutura de a\u00e7o no interior, oferece durabilidade e isolamento t\u00e9rmico excepcionais.<\/p>\n<p>Equipada com vidro duplo de 24 mm e preenchido com g\u00e1s Argon, proporciona isolamento ac\u00fastico e t\u00e9rmico avan\u00e7ado, ajudando a manter a sua casa tranquila e confort\u00e1vel em todas as esta\u00e7\u00f5es.<\/p>\n<p>O puxador com estrutura met\u00e1lica revestida a PVC oferece uma opera\u00e7\u00e3o suave e duradoura, combinando funcionalidade e estilo.<\/p>\n<p>Com design moderno e efici\u00eancia energ\u00e9tica, esta janela \u00e9 uma escolha confi\u00e1vel para quem procura qualidade e desempenho superior.<\/p>","protected":false},"excerpt":{"rendered":"<p>Esta janela oscilobatente com perfil de 70 mm oferece um isolamento t\u00e9rmico e ac\u00fastico superior, gra\u00e7as \u00e0s suas 6 c\u00e2maras e ao vidro duplo com g\u00e1s \u00c1rgon.<\/p>\n<p>Com uma estrutura interna em a\u00e7o que garante robustez e durabilidade, apresenta um design moderno ideal para varandas.<\/p>\n<p>\u00c9 a solu\u00e7\u00e3o certificada para quem procura m\u00e1xima efici\u00eancia energ\u00e9tica e conforto em casa.<\/p>\n<p><a href=\"https:\/\/youtu.be\/Sd0H1qhz6PI?si=kRGGCVVa361dijZl\" target=\"_blank\" rel=\"noopener\">Instala\u00e7\u00e3o de Janelas de PVC (Portugu\u00eas)<\/a><\/p>\n<p><a href=\"https:\/\/www.youtube.com\/watch?v=8WfxOoc-Jzc\" target=\"_blank\" rel=\"noopener\">Guia de utiliza\u00e7\u00e3o &#8211; Janelas PVC (Portugu\u00eas)<\/a><\/p>\n<p><a href=\"https:\/\/deli-home.pt\/wp-content\/uploads\/2025\/12\/ES-e-PT-Manual-de-instrucoes-Janelas-PVC-24.11.25.pdf\" target=\"_blank\" rel=\"noopener\">Manual de Instru\u00e7\u00f5es &#8211; Janelas de PVC (Portugu\u00eas)<\/a><\/p>\n<p><strong>EAN: 8711283331768<\/strong><\/p>","protected":false},"featured_media":9580,"template":"","meta":{"site-sidebar-layout":"default","site-content-layout":"","ast-site-content-layout":"default","site-content-style":"default","site-sidebar-style":"default","ast-global-header-display":"","ast-banner-title-visibility":"","ast-main-header-display":"","ast-hfb-above-header-display":"","ast-hfb-below-header-display":"","ast-hfb-mobile-header-display":"","site-post-title":"","ast-breadcrumbs-content":"","ast-featured-img":"","footer-sml-layout":"","ast-disable-related-posts":"","theme-transparent-header-meta":"default","adv-header-id-meta":"","stick-header-meta":"","header-above-stick-meta":"","header-main-stick-meta":"","header-below-stick-meta":"","astra-migrate-meta-layouts":"set","ast-page-background-enabled":"default","ast-page-background-meta":{"desktop":{"background-color":"var(--ast-global-color-4)","background-image":"","background-repeat":"repeat","background-position":"center center","background-size":"auto","background-attachment":"scroll","background-type":"","background-media":"","overlay-type":"","overlay-color":"","overlay-opacity":"","overlay-gradient":""},"tablet":{"background-color":"","background-image":"","background-repeat":"repeat","background-position":"center center","background-size":"auto","background-attachment":"scroll","background-type":"","background-media":"","overlay-type":"","overlay-color":"","overlay-opacity":"","overlay-gradient":""},"mobile":{"background-color":"","background-image":"","background-repeat":"repeat","background-position":"center center","background-size":"auto","background-attachment":"scroll","background-type":"","background-media":"","overlay-type":"","overlay-color":"","overlay-opacity":"","overlay-gradient":""}},"ast-content-background-meta":{"desktop":{"background-color":"var(--ast-global-color-5)","background-image":"","background-repeat":"repeat","background-position":"center center","background-size":"auto","background-attachment":"scroll","background-type":"","background-media":"","overlay-type":"","overlay-color":"","overlay-opacity":"","overlay-gradient":""},"tablet":{"background-color":"var(--ast-global-color-5)","background-image":"","background-repeat":"repeat","background-position":"center center","background-size":"auto","background-attachment":"scroll","background-type":"","background-media":"","overlay-type":"","overlay-color":"","overlay-opacity":"","overlay-gradient":""},"mobile":{"background-color":"var(--ast-global-color-5)","background-image":"","background-repeat":"repeat","background-position":"center center","background-size":"auto","background-attachment":"scroll","background-type":"","background-media":"","overlay-type":"","overlay-color":"","overlay-opacity":"","overlay-gradient":""}}},"product_brand":[],"product_cat":[74,34,77,72],"product_tag":[],"class_list":{"0":"post-9577","1":"product","2":"type-product","3":"status-publish","4":"has-post-thumbnail","6":"product_cat-janelas-pvc-70mm","7":"product_cat-janelas-pvc","8":"product_cat-janelas-s-estore","9":"product_cat-linha-pvc","10":"desktop-align-left","11":"tablet-align-left","12":"mobile-align-left","14":"first","15":"instock","16":"taxable","17":"shipping-taxable","18":"product-type-simple"},"yoast_head":"<!-- This site is optimized with the Yoast SEO plugin v27.3 - https:\/\/yoast.com\/product\/yoast-seo-wordpress\/ -->\n<title>Janela PVC sacada Esquerda 2000\u00d7880 - Deli Home Iberia<\/title>\n<meta name=\"description\" content=\"Janela de Sacada PVC Esquerda 2000\u00d7880, com vidro duplo de alta qualidade. Oferece um excelente isolamento t\u00e9rmico e ac\u00fastico, aliando funcionalidade a um design moderno e elegante. Ideal para acesso a varandas ou terra\u00e7os.\" \/>\n<meta name=\"robots\" content=\"index, follow, max-snippet:-1, max-image-preview:large, max-video-preview:-1\" \/>\n<link rel=\"canonical\" href=\"https:\/\/deli-home.pt\/es\/produtos\/janela-pvc-sacada-esquerda-2000x880\/\" \/>\n<meta property=\"og:locale\" content=\"es_ES\" \/>\n<meta property=\"og:type\" content=\"article\" \/>\n<meta property=\"og:title\" content=\"Janela PVC sacada Esquerda 2000\u00d7880 - Deli Home Iberia\" \/>\n<meta property=\"og:description\" content=\"Janela de Sacada PVC Esquerda 2000\u00d7880, com vidro duplo de alta qualidade. Oferece um excelente isolamento t\u00e9rmico e ac\u00fastico, aliando funcionalidade a um design moderno e elegante. Ideal para acesso a varandas ou terra\u00e7os.\" \/>\n<meta property=\"og:url\" content=\"https:\/\/deli-home.pt\/es\/produtos\/janela-pvc-sacada-esquerda-2000x880\/\" \/>\n<meta property=\"og:site_name\" content=\"Deli Home Iberia\" \/>\n<meta property=\"article:modified_time\" content=\"2025-12-22T15:55:56+00:00\" \/>\n<meta property=\"og:image\" content=\"https:\/\/deli-home.pt\/wp-content\/uploads\/2025\/01\/8711283331768.jpg\" \/>\n\t<meta property=\"og:image:width\" content=\"1000\" \/>\n\t<meta property=\"og:image:height\" content=\"1000\" \/>\n\t<meta property=\"og:image:type\" content=\"image\/jpeg\" \/>\n<meta name=\"twitter:card\" content=\"summary_large_image\" \/>\n<meta name=\"twitter:label1\" content=\"Tiempo de lectura\" \/>\n\t<meta name=\"twitter:data1\" content=\"1 minuto\" \/>\n<script type=\"application\/ld+json\" class=\"yoast-schema-graph\">{\"@context\":\"https:\\\/\\\/schema.org\",\"@graph\":[{\"@type\":\"WebPage\",\"@id\":\"https:\\\/\\\/deli-home.pt\\\/produtos\\\/janela-pvc-sacada-esquerda-2000x880\\\/\",\"url\":\"https:\\\/\\\/deli-home.pt\\\/produtos\\\/janela-pvc-sacada-esquerda-2000x880\\\/\",\"name\":\"Janela PVC sacada Esquerda 2000\u00d7880 - Deli Home Iberia\",\"isPartOf\":{\"@id\":\"https:\\\/\\\/deli-home.pt\\\/#website\"},\"primaryImageOfPage\":{\"@id\":\"https:\\\/\\\/deli-home.pt\\\/produtos\\\/janela-pvc-sacada-esquerda-2000x880\\\/#primaryimage\"},\"image\":{\"@id\":\"https:\\\/\\\/deli-home.pt\\\/produtos\\\/janela-pvc-sacada-esquerda-2000x880\\\/#primaryimage\"},\"thumbnailUrl\":\"https:\\\/\\\/deli-home.pt\\\/wp-content\\\/uploads\\\/2025\\\/01\\\/8711283331768.jpg\",\"datePublished\":\"2025-01-10T15:13:13+00:00\",\"dateModified\":\"2025-12-22T15:55:56+00:00\",\"description\":\"Janela de Sacada PVC Esquerda 2000\u00d7880, com vidro duplo de alta qualidade. Oferece um excelente isolamento t\u00e9rmico e ac\u00fastico, aliando funcionalidade a um design moderno e elegante. Ideal para acesso a varandas ou terra\u00e7os.\",\"breadcrumb\":{\"@id\":\"https:\\\/\\\/deli-home.pt\\\/produtos\\\/janela-pvc-sacada-esquerda-2000x880\\\/#breadcrumb\"},\"inLanguage\":\"es\",\"potentialAction\":[{\"@type\":\"ReadAction\",\"target\":[\"https:\\\/\\\/deli-home.pt\\\/produtos\\\/janela-pvc-sacada-esquerda-2000x880\\\/\"]}]},{\"@type\":\"ImageObject\",\"inLanguage\":\"es\",\"@id\":\"https:\\\/\\\/deli-home.pt\\\/produtos\\\/janela-pvc-sacada-esquerda-2000x880\\\/#primaryimage\",\"url\":\"https:\\\/\\\/deli-home.pt\\\/wp-content\\\/uploads\\\/2025\\\/01\\\/8711283331768.jpg\",\"contentUrl\":\"https:\\\/\\\/deli-home.pt\\\/wp-content\\\/uploads\\\/2025\\\/01\\\/8711283331768.jpg\",\"width\":1000,\"height\":1000,\"caption\":\"10229-24\"},{\"@type\":\"BreadcrumbList\",\"@id\":\"https:\\\/\\\/deli-home.pt\\\/produtos\\\/janela-pvc-sacada-esquerda-2000x880\\\/#breadcrumb\",\"itemListElement\":[{\"@type\":\"ListItem\",\"position\":1,\"name\":\"Home\",\"item\":\"https:\\\/\\\/deli-home.pt\\\/\"},{\"@type\":\"ListItem\",\"position\":2,\"name\":\"Produtos\",\"item\":\"https:\\\/\\\/deli-home.pt\\\/store-2\\\/\"},{\"@type\":\"ListItem\",\"position\":3,\"name\":\"Janela PVC sacada Esquerda 2000\u00d7880\"}]},{\"@type\":\"WebSite\",\"@id\":\"https:\\\/\\\/deli-home.pt\\\/#website\",\"url\":\"https:\\\/\\\/deli-home.pt\\\/\",\"name\":\"Deli Home Iberia\",\"description\":\"\",\"publisher\":{\"@id\":\"https:\\\/\\\/deli-home.pt\\\/#organization\"},\"potentialAction\":[{\"@type\":\"SearchAction\",\"target\":{\"@type\":\"EntryPoint\",\"urlTemplate\":\"https:\\\/\\\/deli-home.pt\\\/?s={search_term_string}\"},\"query-input\":{\"@type\":\"PropertyValueSpecification\",\"valueRequired\":true,\"valueName\":\"search_term_string\"}}],\"inLanguage\":\"es\"},{\"@type\":\"Organization\",\"@id\":\"https:\\\/\\\/deli-home.pt\\\/#organization\",\"name\":\"Deli Home Iberia\",\"url\":\"https:\\\/\\\/deli-home.pt\\\/\",\"logo\":{\"@type\":\"ImageObject\",\"inLanguage\":\"es\",\"@id\":\"https:\\\/\\\/deli-home.pt\\\/#\\\/schema\\\/logo\\\/image\\\/\",\"url\":\"https:\\\/\\\/deli-home.pt\\\/wp-content\\\/uploads\\\/2024\\\/09\\\/cropped-cropped-logo-DH-png.png\",\"contentUrl\":\"https:\\\/\\\/deli-home.pt\\\/wp-content\\\/uploads\\\/2024\\\/09\\\/cropped-cropped-logo-DH-png.png\",\"width\":1181,\"height\":429,\"caption\":\"Deli Home Iberia\"},\"image\":{\"@id\":\"https:\\\/\\\/deli-home.pt\\\/#\\\/schema\\\/logo\\\/image\\\/\"}}]}<\/script>\n<!-- \/ Yoast SEO plugin. -->","yoast_head_json":{"title":"Janela PVC sacada Esquerda 2000\u00d7880 - Deli Home Iberia","description":"Janela de Sacada PVC Esquerda 2000\u00d7880, com vidro duplo de alta qualidade. Oferece um excelente isolamento t\u00e9rmico e ac\u00fastico, aliando funcionalidade a um design moderno e elegante. Ideal para acesso a varandas ou terra\u00e7os.","robots":{"index":"index","follow":"follow","max-snippet":"max-snippet:-1","max-image-preview":"max-image-preview:large","max-video-preview":"max-video-preview:-1"},"canonical":"https:\/\/deli-home.pt\/es\/produtos\/janela-pvc-sacada-esquerda-2000x880\/","og_locale":"es_ES","og_type":"article","og_title":"Janela PVC sacada Esquerda 2000\u00d7880 - Deli Home Iberia","og_description":"Janela de Sacada PVC Esquerda 2000\u00d7880, com vidro duplo de alta qualidade. Oferece um excelente isolamento t\u00e9rmico e ac\u00fastico, aliando funcionalidade a um design moderno e elegante. Ideal para acesso a varandas ou terra\u00e7os.","og_url":"https:\/\/deli-home.pt\/es\/produtos\/janela-pvc-sacada-esquerda-2000x880\/","og_site_name":"Deli Home Iberia","article_modified_time":"2025-12-22T15:55:56+00:00","og_image":[{"width":1000,"height":1000,"url":"https:\/\/deli-home.pt\/wp-content\/uploads\/2025\/01\/8711283331768.jpg","type":"image\/jpeg"}],"twitter_card":"summary_large_image","twitter_misc":{"Tiempo de lectura":"1 minuto"},"schema":{"@context":"https:\/\/schema.org","@graph":[{"@type":"WebPage","@id":"https:\/\/deli-home.pt\/produtos\/janela-pvc-sacada-esquerda-2000x880\/","url":"https:\/\/deli-home.pt\/produtos\/janela-pvc-sacada-esquerda-2000x880\/","name":"Janela PVC sacada Esquerda 2000\u00d7880 - Deli Home Iberia","isPartOf":{"@id":"https:\/\/deli-home.pt\/#website"},"primaryImageOfPage":{"@id":"https:\/\/deli-home.pt\/produtos\/janela-pvc-sacada-esquerda-2000x880\/#primaryimage"},"image":{"@id":"https:\/\/deli-home.pt\/produtos\/janela-pvc-sacada-esquerda-2000x880\/#primaryimage"},"thumbnailUrl":"https:\/\/deli-home.pt\/wp-content\/uploads\/2025\/01\/8711283331768.jpg","datePublished":"2025-01-10T15:13:13+00:00","dateModified":"2025-12-22T15:55:56+00:00","description":"Janela de Sacada PVC Esquerda 2000\u00d7880, com vidro duplo de alta qualidade. Oferece um excelente isolamento t\u00e9rmico e ac\u00fastico, aliando funcionalidade a um design moderno e elegante. Ideal para acesso a varandas ou terra\u00e7os.","breadcrumb":{"@id":"https:\/\/deli-home.pt\/produtos\/janela-pvc-sacada-esquerda-2000x880\/#breadcrumb"},"inLanguage":"es","potentialAction":[{"@type":"ReadAction","target":["https:\/\/deli-home.pt\/produtos\/janela-pvc-sacada-esquerda-2000x880\/"]}]},{"@type":"ImageObject","inLanguage":"es","@id":"https:\/\/deli-home.pt\/produtos\/janela-pvc-sacada-esquerda-2000x880\/#primaryimage","url":"https:\/\/deli-home.pt\/wp-content\/uploads\/2025\/01\/8711283331768.jpg","contentUrl":"https:\/\/deli-home.pt\/wp-content\/uploads\/2025\/01\/8711283331768.jpg","width":1000,"height":1000,"caption":"10229-24"},{"@type":"BreadcrumbList","@id":"https:\/\/deli-home.pt\/produtos\/janela-pvc-sacada-esquerda-2000x880\/#breadcrumb","itemListElement":[{"@type":"ListItem","position":1,"name":"Home","item":"https:\/\/deli-home.pt\/"},{"@type":"ListItem","position":2,"name":"Produtos","item":"https:\/\/deli-home.pt\/store-2\/"},{"@type":"ListItem","position":3,"name":"Janela PVC sacada Esquerda 2000\u00d7880"}]},{"@type":"WebSite","@id":"https:\/\/deli-home.pt\/#website","url":"https:\/\/deli-home.pt\/","name":"Deli Home Iberia","description":"","publisher":{"@id":"https:\/\/deli-home.pt\/#organization"},"potentialAction":[{"@type":"SearchAction","target":{"@type":"EntryPoint","urlTemplate":"https:\/\/deli-home.pt\/?s={search_term_string}"},"query-input":{"@type":"PropertyValueSpecification","valueRequired":true,"valueName":"search_term_string"}}],"inLanguage":"es"},{"@type":"Organization","@id":"https:\/\/deli-home.pt\/#organization","name":"Deli Home Iberia","url":"https:\/\/deli-home.pt\/","logo":{"@type":"ImageObject","inLanguage":"es","@id":"https:\/\/deli-home.pt\/#\/schema\/logo\/image\/","url":"https:\/\/deli-home.pt\/wp-content\/uploads\/2024\/09\/cropped-cropped-logo-DH-png.png","contentUrl":"https:\/\/deli-home.pt\/wp-content\/uploads\/2024\/09\/cropped-cropped-logo-DH-png.png","width":1181,"height":429,"caption":"Deli Home Iberia"},"image":{"@id":"https:\/\/deli-home.pt\/#\/schema\/logo\/image\/"}}]}},"_links":{"self":[{"href":"https:\/\/deli-home.pt\/es\/wp-json\/wp\/v2\/product\/9577","targetHints":{"allow":["GET"]}}],"collection":[{"href":"https:\/\/deli-home.pt\/es\/wp-json\/wp\/v2\/product"}],"about":[{"href":"https:\/\/deli-home.pt\/es\/wp-json\/wp\/v2\/types\/product"}],"wp:featuredmedia":[{"embeddable":true,"href":"https:\/\/deli-home.pt\/es\/wp-json\/wp\/v2\/media\/9580"}],"wp:attachment":[{"href":"https:\/\/deli-home.pt\/es\/wp-json\/wp\/v2\/media?parent=9577"}],"wp:term":[{"taxonomy":"product_brand","embeddable":true,"href":"https:\/\/deli-home.pt\/es\/wp-json\/wp\/v2\/product_brand?post=9577"},{"taxonomy":"product_cat","embeddable":true,"href":"https:\/\/deli-home.pt\/es\/wp-json\/wp\/v2\/product_cat?post=9577"},{"taxonomy":"product_tag","embeddable":true,"href":"https:\/\/deli-home.pt\/es\/wp-json\/wp\/v2\/product_tag?post=9577"}],"curies":[{"name":"wp","href":"https:\/\/api.w.org\/{rel}","templated":true}]}}