{"id":5404,"date":"2024-12-23T15:48:32","date_gmt":"2024-12-23T15:48:32","guid":{"rendered":"https:\/\/deli-home.pt\/?post_type=product&#038;p=5404"},"modified":"2025-12-23T14:38:18","modified_gmt":"2025-12-23T14:38:18","slug":"perfil-de-carvalho-claro-decowall-wood","status":"publish","type":"product","link":"https:\/\/deli-home.pt\/es\/produtos\/perfil-de-carvalho-claro-decowall-wood\/","title":{"rendered":"Perfil de acabamento Decowall Wood carvalho claro 2600x45x12"},"content":{"rendered":"<p data-start=\"110\" data-end=\"167\">Perfil de Acabamento em MDF Carvalho Claro 2600x45x12<\/p>\n<p data-start=\"169\" data-end=\"401\">Com os Perfis de Acabamento em MDF Carvalho Claro, pode transformar qualquer espa\u00e7o da sua casa de forma simples e r\u00e1pida. Estes perfis criam uma atmosfera natural e acolhedora, perfeita para diferentes estilos de decora\u00e7\u00e3o.<\/p>\n<p data-start=\"403\" data-end=\"629\">Pode optar por revestir uma parede inteira ou destacar apenas uma \u00e1rea, como atr\u00e1s da mesa de jantar ou da televis\u00e3o. O acabamento em melamina de carvalho proporciona um aspeto praticamente id\u00eantico ao da madeira real.<\/p>\n<p data-start=\"631\" data-end=\"819\">A instala\u00e7\u00e3o \u00e9 simples com o kit de montagem, que traz parafusos e suportes.<\/p>\n<p data-start=\"821\" data-end=\"966\">A madeira utilizada prov\u00e9m de florestas geridas de forma sustent\u00e1vel. Cada embalagem cobre\u00a00,78 m\u00b2 de parede.<\/p>","protected":false},"excerpt":{"rendered":"<p>Perfil de Acabamento em MDF Carvalho Claro (260&#215;4,5&#215;1,2 cm) ideal para destacar paredes ou \u00e1reas espec\u00edficas.<\/p>\n<p>Cada embalagem cobre 0,78 m\u00b2.<\/p>\n<p><strong>EAN: 8711283461779<\/strong><\/p>","protected":false},"featured_media":5405,"template":"","meta":{"site-sidebar-layout":"default","site-content-layout":"","ast-site-content-layout":"default","site-content-style":"default","site-sidebar-style":"default","ast-global-header-display":"","ast-banner-title-visibility":"","ast-main-header-display":"","ast-hfb-above-header-display":"","ast-hfb-below-header-display":"","ast-hfb-mobile-header-display":"","site-post-title":"","ast-breadcrumbs-content":"","ast-featured-img":"","footer-sml-layout":"","ast-disable-related-posts":"","theme-transparent-header-meta":"default","adv-header-id-meta":"","stick-header-meta":"","header-above-stick-meta":"","header-main-stick-meta":"","header-below-stick-meta":"","astra-migrate-meta-layouts":"set","ast-page-background-enabled":"default","ast-page-background-meta":{"desktop":{"background-color":"var(--ast-global-color-4)","background-image":"","background-repeat":"repeat","background-position":"center center","background-size":"auto","background-attachment":"scroll","background-type":"","background-media":"","overlay-type":"","overlay-color":"","overlay-opacity":"","overlay-gradient":""},"tablet":{"background-color":"","background-image":"","background-repeat":"repeat","background-position":"center center","background-size":"auto","background-attachment":"scroll","background-type":"","background-media":"","overlay-type":"","overlay-color":"","overlay-opacity":"","overlay-gradient":""},"mobile":{"background-color":"","background-image":"","background-repeat":"repeat","background-position":"center center","background-size":"auto","background-attachment":"scroll","background-type":"","background-media":"","overlay-type":"","overlay-color":"","overlay-opacity":"","overlay-gradient":""}},"ast-content-background-meta":{"desktop":{"background-color":"var(--ast-global-color-5)","background-image":"","background-repeat":"repeat","background-position":"center center","background-size":"auto","background-attachment":"scroll","background-type":"","background-media":"","overlay-type":"","overlay-color":"","overlay-opacity":"","overlay-gradient":""},"tablet":{"background-color":"var(--ast-global-color-5)","background-image":"","background-repeat":"repeat","background-position":"center center","background-size":"auto","background-attachment":"scroll","background-type":"","background-media":"","overlay-type":"","overlay-color":"","overlay-opacity":"","overlay-gradient":""},"mobile":{"background-color":"var(--ast-global-color-5)","background-image":"","background-repeat":"repeat","background-position":"center center","background-size":"auto","background-attachment":"scroll","background-type":"","background-media":"","overlay-type":"","overlay-color":"","overlay-opacity":"","overlay-gradient":""}}},"product_brand":[],"product_cat":[69,32],"product_tag":[],"class_list":{"0":"post-5404","1":"product","2":"type-product","3":"status-publish","4":"has-post-thumbnail","6":"product_cat-acessorios-decowall","7":"product_cat-isolamento-revestimento","8":"desktop-align-left","9":"tablet-align-left","10":"mobile-align-left","12":"first","13":"instock","14":"taxable","15":"shipping-taxable","16":"purchasable","17":"product-type-simple"},"yoast_head":"<!-- This site is optimized with the Yoast SEO plugin v27.5 - https:\/\/yoast.com\/product\/yoast-seo-wordpress\/ -->\n<title>Perfil de acabamento Decowall Wood carvalho claro 2600x45x12 - Deli Home Iberia<\/title>\n<meta name=\"description\" content=\"Perfil de Acabamento em MDF Carvalho Claro (260x4,5x1,2 cm) ideal para destacar paredes ou \u00e1reas espec\u00edficas. Cada embalagem cobre 0,78 m\u00b2.\" \/>\n<meta name=\"robots\" content=\"index, follow, max-snippet:-1, max-image-preview:large, max-video-preview:-1\" \/>\n<link rel=\"canonical\" href=\"https:\/\/deli-home.pt\/es\/produtos\/perfil-de-carvalho-claro-decowall-wood\/\" \/>\n<meta property=\"og:locale\" content=\"es_ES\" \/>\n<meta property=\"og:type\" content=\"article\" \/>\n<meta property=\"og:title\" content=\"Perfil de acabamento Decowall Wood carvalho claro 2600x45x12 - Deli Home Iberia\" \/>\n<meta property=\"og:description\" content=\"Perfil de Acabamento em MDF Carvalho Claro (260x4,5x1,2 cm) ideal para destacar paredes ou \u00e1reas espec\u00edficas. Cada embalagem cobre 0,78 m\u00b2.\" \/>\n<meta property=\"og:url\" content=\"https:\/\/deli-home.pt\/es\/produtos\/perfil-de-carvalho-claro-decowall-wood\/\" \/>\n<meta property=\"og:site_name\" content=\"Deli Home Iberia\" \/>\n<meta property=\"article:modified_time\" content=\"2025-12-23T14:38:18+00:00\" \/>\n<meta property=\"og:image\" content=\"https:\/\/deli-home.pt\/wp-content\/uploads\/2024\/12\/perfil-acabamento-carvalho-claro-decowall-wood.jpg\" \/>\n\t<meta property=\"og:image:width\" content=\"1000\" \/>\n\t<meta property=\"og:image:height\" content=\"1000\" \/>\n\t<meta property=\"og:image:type\" content=\"image\/jpeg\" \/>\n<meta name=\"twitter:card\" content=\"summary_large_image\" \/>\n<meta name=\"twitter:label1\" content=\"Tiempo de lectura\" \/>\n\t<meta name=\"twitter:data1\" content=\"1 minuto\" \/>\n<script type=\"application\/ld+json\" class=\"yoast-schema-graph\">{\"@context\":\"https:\\\/\\\/schema.org\",\"@graph\":[{\"@type\":\"WebPage\",\"@id\":\"https:\\\/\\\/deli-home.pt\\\/produtos\\\/perfil-de-carvalho-claro-decowall-wood\\\/\",\"url\":\"https:\\\/\\\/deli-home.pt\\\/produtos\\\/perfil-de-carvalho-claro-decowall-wood\\\/\",\"name\":\"Perfil de acabamento Decowall Wood carvalho claro 2600x45x12 - Deli Home Iberia\",\"isPartOf\":{\"@id\":\"https:\\\/\\\/deli-home.pt\\\/#website\"},\"primaryImageOfPage\":{\"@id\":\"https:\\\/\\\/deli-home.pt\\\/produtos\\\/perfil-de-carvalho-claro-decowall-wood\\\/#primaryimage\"},\"image\":{\"@id\":\"https:\\\/\\\/deli-home.pt\\\/produtos\\\/perfil-de-carvalho-claro-decowall-wood\\\/#primaryimage\"},\"thumbnailUrl\":\"https:\\\/\\\/deli-home.pt\\\/wp-content\\\/uploads\\\/2024\\\/12\\\/perfil-acabamento-carvalho-claro-decowall-wood.jpg\",\"datePublished\":\"2024-12-23T15:48:32+00:00\",\"dateModified\":\"2025-12-23T14:38:18+00:00\",\"description\":\"Perfil de Acabamento em MDF Carvalho Claro (260x4,5x1,2 cm) ideal para destacar paredes ou \u00e1reas espec\u00edficas. Cada embalagem cobre 0,78 m\u00b2.\",\"breadcrumb\":{\"@id\":\"https:\\\/\\\/deli-home.pt\\\/produtos\\\/perfil-de-carvalho-claro-decowall-wood\\\/#breadcrumb\"},\"inLanguage\":\"es\",\"potentialAction\":[{\"@type\":\"ReadAction\",\"target\":[\"https:\\\/\\\/deli-home.pt\\\/produtos\\\/perfil-de-carvalho-claro-decowall-wood\\\/\"]}]},{\"@type\":\"ImageObject\",\"inLanguage\":\"es\",\"@id\":\"https:\\\/\\\/deli-home.pt\\\/produtos\\\/perfil-de-carvalho-claro-decowall-wood\\\/#primaryimage\",\"url\":\"https:\\\/\\\/deli-home.pt\\\/wp-content\\\/uploads\\\/2024\\\/12\\\/perfil-acabamento-carvalho-claro-decowall-wood.jpg\",\"contentUrl\":\"https:\\\/\\\/deli-home.pt\\\/wp-content\\\/uploads\\\/2024\\\/12\\\/perfil-acabamento-carvalho-claro-decowall-wood.jpg\",\"width\":1000,\"height\":1000,\"caption\":\"10229-24\"},{\"@type\":\"BreadcrumbList\",\"@id\":\"https:\\\/\\\/deli-home.pt\\\/produtos\\\/perfil-de-carvalho-claro-decowall-wood\\\/#breadcrumb\",\"itemListElement\":[{\"@type\":\"ListItem\",\"position\":1,\"name\":\"Home\",\"item\":\"https:\\\/\\\/deli-home.pt\\\/\"},{\"@type\":\"ListItem\",\"position\":2,\"name\":\"Produtos\",\"item\":\"https:\\\/\\\/deli-home.pt\\\/store-2\\\/\"},{\"@type\":\"ListItem\",\"position\":3,\"name\":\"Perfil de acabamento Decowall Wood carvalho claro 2600x45x12\"}]},{\"@type\":\"WebSite\",\"@id\":\"https:\\\/\\\/deli-home.pt\\\/#website\",\"url\":\"https:\\\/\\\/deli-home.pt\\\/\",\"name\":\"Deli Home Iberia\",\"description\":\"\",\"publisher\":{\"@id\":\"https:\\\/\\\/deli-home.pt\\\/#organization\"},\"potentialAction\":[{\"@type\":\"SearchAction\",\"target\":{\"@type\":\"EntryPoint\",\"urlTemplate\":\"https:\\\/\\\/deli-home.pt\\\/?s={search_term_string}\"},\"query-input\":{\"@type\":\"PropertyValueSpecification\",\"valueRequired\":true,\"valueName\":\"search_term_string\"}}],\"inLanguage\":\"es\"},{\"@type\":\"Organization\",\"@id\":\"https:\\\/\\\/deli-home.pt\\\/#organization\",\"name\":\"Deli Home Iberia\",\"url\":\"https:\\\/\\\/deli-home.pt\\\/\",\"logo\":{\"@type\":\"ImageObject\",\"inLanguage\":\"es\",\"@id\":\"https:\\\/\\\/deli-home.pt\\\/#\\\/schema\\\/logo\\\/image\\\/\",\"url\":\"https:\\\/\\\/deli-home.pt\\\/wp-content\\\/uploads\\\/2024\\\/09\\\/cropped-cropped-logo-DH-png.png\",\"contentUrl\":\"https:\\\/\\\/deli-home.pt\\\/wp-content\\\/uploads\\\/2024\\\/09\\\/cropped-cropped-logo-DH-png.png\",\"width\":1181,\"height\":429,\"caption\":\"Deli Home Iberia\"},\"image\":{\"@id\":\"https:\\\/\\\/deli-home.pt\\\/#\\\/schema\\\/logo\\\/image\\\/\"}}]}<\/script>\n<!-- \/ Yoast SEO plugin. -->","yoast_head_json":{"title":"Perfil de acabamento Decowall Wood carvalho claro 2600x45x12 - Deli Home Iberia","description":"Perfil de Acabamento em MDF Carvalho Claro (260x4,5x1,2 cm) ideal para destacar paredes ou \u00e1reas espec\u00edficas. Cada embalagem cobre 0,78 m\u00b2.","robots":{"index":"index","follow":"follow","max-snippet":"max-snippet:-1","max-image-preview":"max-image-preview:large","max-video-preview":"max-video-preview:-1"},"canonical":"https:\/\/deli-home.pt\/es\/produtos\/perfil-de-carvalho-claro-decowall-wood\/","og_locale":"es_ES","og_type":"article","og_title":"Perfil de acabamento Decowall Wood carvalho claro 2600x45x12 - Deli Home Iberia","og_description":"Perfil de Acabamento em MDF Carvalho Claro (260x4,5x1,2 cm) ideal para destacar paredes ou \u00e1reas espec\u00edficas. Cada embalagem cobre 0,78 m\u00b2.","og_url":"https:\/\/deli-home.pt\/es\/produtos\/perfil-de-carvalho-claro-decowall-wood\/","og_site_name":"Deli Home Iberia","article_modified_time":"2025-12-23T14:38:18+00:00","og_image":[{"width":1000,"height":1000,"url":"https:\/\/deli-home.pt\/wp-content\/uploads\/2024\/12\/perfil-acabamento-carvalho-claro-decowall-wood.jpg","type":"image\/jpeg"}],"twitter_card":"summary_large_image","twitter_misc":{"Tiempo de lectura":"1 minuto"},"schema":{"@context":"https:\/\/schema.org","@graph":[{"@type":"WebPage","@id":"https:\/\/deli-home.pt\/produtos\/perfil-de-carvalho-claro-decowall-wood\/","url":"https:\/\/deli-home.pt\/produtos\/perfil-de-carvalho-claro-decowall-wood\/","name":"Perfil de acabamento Decowall Wood carvalho claro 2600x45x12 - Deli Home Iberia","isPartOf":{"@id":"https:\/\/deli-home.pt\/#website"},"primaryImageOfPage":{"@id":"https:\/\/deli-home.pt\/produtos\/perfil-de-carvalho-claro-decowall-wood\/#primaryimage"},"image":{"@id":"https:\/\/deli-home.pt\/produtos\/perfil-de-carvalho-claro-decowall-wood\/#primaryimage"},"thumbnailUrl":"https:\/\/deli-home.pt\/wp-content\/uploads\/2024\/12\/perfil-acabamento-carvalho-claro-decowall-wood.jpg","datePublished":"2024-12-23T15:48:32+00:00","dateModified":"2025-12-23T14:38:18+00:00","description":"Perfil de Acabamento em MDF Carvalho Claro (260x4,5x1,2 cm) ideal para destacar paredes ou \u00e1reas espec\u00edficas. Cada embalagem cobre 0,78 m\u00b2.","breadcrumb":{"@id":"https:\/\/deli-home.pt\/produtos\/perfil-de-carvalho-claro-decowall-wood\/#breadcrumb"},"inLanguage":"es","potentialAction":[{"@type":"ReadAction","target":["https:\/\/deli-home.pt\/produtos\/perfil-de-carvalho-claro-decowall-wood\/"]}]},{"@type":"ImageObject","inLanguage":"es","@id":"https:\/\/deli-home.pt\/produtos\/perfil-de-carvalho-claro-decowall-wood\/#primaryimage","url":"https:\/\/deli-home.pt\/wp-content\/uploads\/2024\/12\/perfil-acabamento-carvalho-claro-decowall-wood.jpg","contentUrl":"https:\/\/deli-home.pt\/wp-content\/uploads\/2024\/12\/perfil-acabamento-carvalho-claro-decowall-wood.jpg","width":1000,"height":1000,"caption":"10229-24"},{"@type":"BreadcrumbList","@id":"https:\/\/deli-home.pt\/produtos\/perfil-de-carvalho-claro-decowall-wood\/#breadcrumb","itemListElement":[{"@type":"ListItem","position":1,"name":"Home","item":"https:\/\/deli-home.pt\/"},{"@type":"ListItem","position":2,"name":"Produtos","item":"https:\/\/deli-home.pt\/store-2\/"},{"@type":"ListItem","position":3,"name":"Perfil de acabamento Decowall Wood carvalho claro 2600x45x12"}]},{"@type":"WebSite","@id":"https:\/\/deli-home.pt\/#website","url":"https:\/\/deli-home.pt\/","name":"Deli Home Iberia","description":"","publisher":{"@id":"https:\/\/deli-home.pt\/#organization"},"potentialAction":[{"@type":"SearchAction","target":{"@type":"EntryPoint","urlTemplate":"https:\/\/deli-home.pt\/?s={search_term_string}"},"query-input":{"@type":"PropertyValueSpecification","valueRequired":true,"valueName":"search_term_string"}}],"inLanguage":"es"},{"@type":"Organization","@id":"https:\/\/deli-home.pt\/#organization","name":"Deli Home Iberia","url":"https:\/\/deli-home.pt\/","logo":{"@type":"ImageObject","inLanguage":"es","@id":"https:\/\/deli-home.pt\/#\/schema\/logo\/image\/","url":"https:\/\/deli-home.pt\/wp-content\/uploads\/2024\/09\/cropped-cropped-logo-DH-png.png","contentUrl":"https:\/\/deli-home.pt\/wp-content\/uploads\/2024\/09\/cropped-cropped-logo-DH-png.png","width":1181,"height":429,"caption":"Deli Home Iberia"},"image":{"@id":"https:\/\/deli-home.pt\/#\/schema\/logo\/image\/"}}]}},"_links":{"self":[{"href":"https:\/\/deli-home.pt\/es\/wp-json\/wp\/v2\/product\/5404","targetHints":{"allow":["GET"]}}],"collection":[{"href":"https:\/\/deli-home.pt\/es\/wp-json\/wp\/v2\/product"}],"about":[{"href":"https:\/\/deli-home.pt\/es\/wp-json\/wp\/v2\/types\/product"}],"wp:featuredmedia":[{"embeddable":true,"href":"https:\/\/deli-home.pt\/es\/wp-json\/wp\/v2\/media\/5405"}],"wp:attachment":[{"href":"https:\/\/deli-home.pt\/es\/wp-json\/wp\/v2\/media?parent=5404"}],"wp:term":[{"taxonomy":"product_brand","embeddable":true,"href":"https:\/\/deli-home.pt\/es\/wp-json\/wp\/v2\/product_brand?post=5404"},{"taxonomy":"product_cat","embeddable":true,"href":"https:\/\/deli-home.pt\/es\/wp-json\/wp\/v2\/product_cat?post=5404"},{"taxonomy":"product_tag","embeddable":true,"href":"https:\/\/deli-home.pt\/es\/wp-json\/wp\/v2\/product_tag?post=5404"}],"curies":[{"name":"wp","href":"https:\/\/api.w.org\/{rel}","templated":true}]}}