{"id":5358,"date":"2024-12-23T12:12:40","date_gmt":"2024-12-23T12:12:40","guid":{"rendered":"https:\/\/deli-home.pt\/?post_type=product&#038;p=5358"},"modified":"2025-12-23T14:46:59","modified_gmt":"2025-12-23T14:46:59","slug":"decowall-tile-nogueira","status":"publish","type":"product","link":"https:\/\/deli-home.pt\/es\/produtos\/decowall-tile-nogueira\/","title":{"rendered":"Decowall carvalho nogueira 500x500x17"},"content":{"rendered":"<p data-start=\"173\" data-end=\"212\">Decowall carvalho nogueira 500x500x17<\/p>\n<p data-start=\"214\" data-end=\"322\">Decore as paredes e tetos da sua casa, loja ou escrit\u00f3rio com o Decowall, que une est\u00e9tica e funcionalidade.<\/p>\n<p data-start=\"324\" data-end=\"552\">Al\u00e9m de criar um ambiente acolhedor e requintado, o produto melhora o conforto ac\u00fastico. O isolamento de feltro incorporado e o efeito 3D das ripas em MDF revestidas absorvem as ondas sonoras, criando um ambiente mais tranquilo.<\/p>\n<p data-start=\"554\" data-end=\"724\">A sua instala\u00e7\u00e3o \u00e9 f\u00e1cil e r\u00e1pida e pode optar por instal\u00e1-lo na horizontal ou na vertical, ou at\u00e9 explorar diferentes orienta\u00e7\u00f5es dos mosaicos para efeitos \u00fanicos.<\/p>\n<div class=\"ast-oembed-container\" style=\"height: 100%;\"><iframe title=\"CanDo green Decowall Acoustic Tile - Montagem PT\" width=\"500\" height=\"281\" src=\"https:\/\/www.youtube.com\/embed\/koCDk8B_oJg?feature=oembed\" frameborder=\"0\" allow=\"accelerometer; autoplay; clipboard-write; encrypted-media; gyroscope; picture-in-picture; web-share\" referrerpolicy=\"strict-origin-when-cross-origin\" allowfullscreen><\/iframe><\/div>","protected":false},"excerpt":{"rendered":"<p data-start=\"214\" data-end=\"322\">Decore as paredes e tetos da sua casa, loja ou escrit\u00f3rio com o Decowall, que une est\u00e9tica e funcionalidade.<\/p>\n<p data-start=\"324\" data-end=\"552\">Al\u00e9m de criar um ambiente acolhedor e requintado, o produto melhora o conforto ac\u00fastico. O isolamento de feltro incorporado e o efeito 3D das ripas em MDF revestidas absorvem as ondas sonoras, criando um ambiente mais tranquilo.<\/p>\n<p data-start=\"554\" data-end=\"724\">A sua instala\u00e7\u00e3o \u00e9 f\u00e1cil e r\u00e1pida e pode optar por instal\u00e1-lo na horizontal ou na vertical, ou at\u00e9 explorar diferentes orienta\u00e7\u00f5es dos mosaicos para efeitos \u00fanicos.<\/p>\n<p data-start=\"554\" data-end=\"724\"><strong>EAN: 8711283476858<\/strong><\/p>","protected":false},"featured_media":5359,"template":"","meta":{"site-sidebar-layout":"default","site-content-layout":"","ast-site-content-layout":"default","site-content-style":"default","site-sidebar-style":"default","ast-global-header-display":"","ast-banner-title-visibility":"","ast-main-header-display":"","ast-hfb-above-header-display":"","ast-hfb-below-header-display":"","ast-hfb-mobile-header-display":"","site-post-title":"","ast-breadcrumbs-content":"","ast-featured-img":"","footer-sml-layout":"","ast-disable-related-posts":"","theme-transparent-header-meta":"default","adv-header-id-meta":"","stick-header-meta":"","header-above-stick-meta":"","header-main-stick-meta":"","header-below-stick-meta":"","astra-migrate-meta-layouts":"set","ast-page-background-enabled":"default","ast-page-background-meta":{"desktop":{"background-color":"var(--ast-global-color-4)","background-image":"","background-repeat":"repeat","background-position":"center center","background-size":"auto","background-attachment":"scroll","background-type":"","background-media":"","overlay-type":"","overlay-color":"","overlay-opacity":"","overlay-gradient":""},"tablet":{"background-color":"","background-image":"","background-repeat":"repeat","background-position":"center center","background-size":"auto","background-attachment":"scroll","background-type":"","background-media":"","overlay-type":"","overlay-color":"","overlay-opacity":"","overlay-gradient":""},"mobile":{"background-color":"","background-image":"","background-repeat":"repeat","background-position":"center center","background-size":"auto","background-attachment":"scroll","background-type":"","background-media":"","overlay-type":"","overlay-color":"","overlay-opacity":"","overlay-gradient":""}},"ast-content-background-meta":{"desktop":{"background-color":"var(--ast-global-color-5)","background-image":"","background-repeat":"repeat","background-position":"center center","background-size":"auto","background-attachment":"scroll","background-type":"","background-media":"","overlay-type":"","overlay-color":"","overlay-opacity":"","overlay-gradient":""},"tablet":{"background-color":"var(--ast-global-color-5)","background-image":"","background-repeat":"repeat","background-position":"center center","background-size":"auto","background-attachment":"scroll","background-type":"","background-media":"","overlay-type":"","overlay-color":"","overlay-opacity":"","overlay-gradient":""},"mobile":{"background-color":"var(--ast-global-color-5)","background-image":"","background-repeat":"repeat","background-position":"center center","background-size":"auto","background-attachment":"scroll","background-type":"","background-media":"","overlay-type":"","overlay-color":"","overlay-opacity":"","overlay-gradient":""}}},"product_brand":[],"product_cat":[68,32],"product_tag":[],"class_list":{"0":"post-5358","1":"product","2":"type-product","3":"status-publish","4":"has-post-thumbnail","6":"product_cat-decowall","7":"product_cat-isolamento-revestimento","8":"desktop-align-left","9":"tablet-align-left","10":"mobile-align-left","12":"first","13":"instock","14":"taxable","15":"shipping-taxable","16":"purchasable","17":"product-type-simple"},"yoast_head":"<!-- This site is optimized with the Yoast SEO plugin v27.5 - https:\/\/yoast.com\/product\/yoast-seo-wordpress\/ -->\n<title>Decowall carvalho nogueira 500x500x17 - Deli Home Iberia<\/title>\n<meta name=\"description\" content=\"Decowall Carvalho Nogueira (50x50x1,7 cm). Ripas MDF com efeito 3D e isolamento ac\u00fastico em feltro. F\u00e1cil instala\u00e7\u00e3o, vers\u00e1til em horizontal ou vertical.\" \/>\n<meta name=\"robots\" content=\"index, follow, max-snippet:-1, max-image-preview:large, max-video-preview:-1\" \/>\n<link rel=\"canonical\" href=\"https:\/\/deli-home.pt\/es\/produtos\/decowall-tile-nogueira\/\" \/>\n<meta property=\"og:locale\" content=\"es_ES\" \/>\n<meta property=\"og:type\" content=\"article\" \/>\n<meta property=\"og:title\" content=\"Decowall carvalho nogueira 500x500x17 - Deli Home Iberia\" \/>\n<meta property=\"og:description\" content=\"Decowall Carvalho Nogueira (50x50x1,7 cm). Ripas MDF com efeito 3D e isolamento ac\u00fastico em feltro. F\u00e1cil instala\u00e7\u00e3o, vers\u00e1til em horizontal ou vertical.\" \/>\n<meta property=\"og:url\" content=\"https:\/\/deli-home.pt\/es\/produtos\/decowall-tile-nogueira\/\" \/>\n<meta property=\"og:site_name\" content=\"Deli Home Iberia\" \/>\n<meta property=\"article:modified_time\" content=\"2025-12-23T14:46:59+00:00\" \/>\n<meta property=\"og:image\" content=\"https:\/\/deli-home.pt\/wp-content\/uploads\/2024\/12\/decowall-tile-nogueira.jpg\" \/>\n\t<meta property=\"og:image:width\" content=\"1000\" \/>\n\t<meta property=\"og:image:height\" content=\"1000\" \/>\n\t<meta property=\"og:image:type\" content=\"image\/jpeg\" \/>\n<meta name=\"twitter:card\" content=\"summary_large_image\" \/>\n<meta name=\"twitter:label1\" content=\"Tiempo de lectura\" \/>\n\t<meta name=\"twitter:data1\" content=\"1 minuto\" \/>\n<script type=\"application\/ld+json\" class=\"yoast-schema-graph\">{\"@context\":\"https:\\\/\\\/schema.org\",\"@graph\":[{\"@type\":\"WebPage\",\"@id\":\"https:\\\/\\\/deli-home.pt\\\/produtos\\\/decowall-tile-nogueira\\\/\",\"url\":\"https:\\\/\\\/deli-home.pt\\\/produtos\\\/decowall-tile-nogueira\\\/\",\"name\":\"Decowall carvalho nogueira 500x500x17 - Deli Home Iberia\",\"isPartOf\":{\"@id\":\"https:\\\/\\\/deli-home.pt\\\/#website\"},\"primaryImageOfPage\":{\"@id\":\"https:\\\/\\\/deli-home.pt\\\/produtos\\\/decowall-tile-nogueira\\\/#primaryimage\"},\"image\":{\"@id\":\"https:\\\/\\\/deli-home.pt\\\/produtos\\\/decowall-tile-nogueira\\\/#primaryimage\"},\"thumbnailUrl\":\"https:\\\/\\\/deli-home.pt\\\/wp-content\\\/uploads\\\/2024\\\/12\\\/decowall-tile-nogueira.jpg\",\"datePublished\":\"2024-12-23T12:12:40+00:00\",\"dateModified\":\"2025-12-23T14:46:59+00:00\",\"description\":\"Decowall Carvalho Nogueira (50x50x1,7 cm). Ripas MDF com efeito 3D e isolamento ac\u00fastico em feltro. F\u00e1cil instala\u00e7\u00e3o, vers\u00e1til em horizontal ou vertical.\",\"breadcrumb\":{\"@id\":\"https:\\\/\\\/deli-home.pt\\\/produtos\\\/decowall-tile-nogueira\\\/#breadcrumb\"},\"inLanguage\":\"es\",\"potentialAction\":[{\"@type\":\"ReadAction\",\"target\":[\"https:\\\/\\\/deli-home.pt\\\/produtos\\\/decowall-tile-nogueira\\\/\"]}]},{\"@type\":\"ImageObject\",\"inLanguage\":\"es\",\"@id\":\"https:\\\/\\\/deli-home.pt\\\/produtos\\\/decowall-tile-nogueira\\\/#primaryimage\",\"url\":\"https:\\\/\\\/deli-home.pt\\\/wp-content\\\/uploads\\\/2024\\\/12\\\/decowall-tile-nogueira.jpg\",\"contentUrl\":\"https:\\\/\\\/deli-home.pt\\\/wp-content\\\/uploads\\\/2024\\\/12\\\/decowall-tile-nogueira.jpg\",\"width\":1000,\"height\":1000,\"caption\":\"10229-24\"},{\"@type\":\"BreadcrumbList\",\"@id\":\"https:\\\/\\\/deli-home.pt\\\/produtos\\\/decowall-tile-nogueira\\\/#breadcrumb\",\"itemListElement\":[{\"@type\":\"ListItem\",\"position\":1,\"name\":\"Home\",\"item\":\"https:\\\/\\\/deli-home.pt\\\/\"},{\"@type\":\"ListItem\",\"position\":2,\"name\":\"Produtos\",\"item\":\"https:\\\/\\\/deli-home.pt\\\/store-2\\\/\"},{\"@type\":\"ListItem\",\"position\":3,\"name\":\"Decowall carvalho nogueira 500x500x17\"}]},{\"@type\":\"WebSite\",\"@id\":\"https:\\\/\\\/deli-home.pt\\\/#website\",\"url\":\"https:\\\/\\\/deli-home.pt\\\/\",\"name\":\"Deli Home Iberia\",\"description\":\"\",\"publisher\":{\"@id\":\"https:\\\/\\\/deli-home.pt\\\/#organization\"},\"potentialAction\":[{\"@type\":\"SearchAction\",\"target\":{\"@type\":\"EntryPoint\",\"urlTemplate\":\"https:\\\/\\\/deli-home.pt\\\/?s={search_term_string}\"},\"query-input\":{\"@type\":\"PropertyValueSpecification\",\"valueRequired\":true,\"valueName\":\"search_term_string\"}}],\"inLanguage\":\"es\"},{\"@type\":\"Organization\",\"@id\":\"https:\\\/\\\/deli-home.pt\\\/#organization\",\"name\":\"Deli Home Iberia\",\"url\":\"https:\\\/\\\/deli-home.pt\\\/\",\"logo\":{\"@type\":\"ImageObject\",\"inLanguage\":\"es\",\"@id\":\"https:\\\/\\\/deli-home.pt\\\/#\\\/schema\\\/logo\\\/image\\\/\",\"url\":\"https:\\\/\\\/deli-home.pt\\\/wp-content\\\/uploads\\\/2024\\\/09\\\/cropped-cropped-logo-DH-png.png\",\"contentUrl\":\"https:\\\/\\\/deli-home.pt\\\/wp-content\\\/uploads\\\/2024\\\/09\\\/cropped-cropped-logo-DH-png.png\",\"width\":1181,\"height\":429,\"caption\":\"Deli Home Iberia\"},\"image\":{\"@id\":\"https:\\\/\\\/deli-home.pt\\\/#\\\/schema\\\/logo\\\/image\\\/\"}}]}<\/script>\n<!-- \/ Yoast SEO plugin. -->","yoast_head_json":{"title":"Decowall carvalho nogueira 500x500x17 - Deli Home Iberia","description":"Decowall Carvalho Nogueira (50x50x1,7 cm). Ripas MDF com efeito 3D e isolamento ac\u00fastico em feltro. F\u00e1cil instala\u00e7\u00e3o, vers\u00e1til em horizontal ou vertical.","robots":{"index":"index","follow":"follow","max-snippet":"max-snippet:-1","max-image-preview":"max-image-preview:large","max-video-preview":"max-video-preview:-1"},"canonical":"https:\/\/deli-home.pt\/es\/produtos\/decowall-tile-nogueira\/","og_locale":"es_ES","og_type":"article","og_title":"Decowall carvalho nogueira 500x500x17 - Deli Home Iberia","og_description":"Decowall Carvalho Nogueira (50x50x1,7 cm). Ripas MDF com efeito 3D e isolamento ac\u00fastico em feltro. F\u00e1cil instala\u00e7\u00e3o, vers\u00e1til em horizontal ou vertical.","og_url":"https:\/\/deli-home.pt\/es\/produtos\/decowall-tile-nogueira\/","og_site_name":"Deli Home Iberia","article_modified_time":"2025-12-23T14:46:59+00:00","og_image":[{"width":1000,"height":1000,"url":"https:\/\/deli-home.pt\/wp-content\/uploads\/2024\/12\/decowall-tile-nogueira.jpg","type":"image\/jpeg"}],"twitter_card":"summary_large_image","twitter_misc":{"Tiempo de lectura":"1 minuto"},"schema":{"@context":"https:\/\/schema.org","@graph":[{"@type":"WebPage","@id":"https:\/\/deli-home.pt\/produtos\/decowall-tile-nogueira\/","url":"https:\/\/deli-home.pt\/produtos\/decowall-tile-nogueira\/","name":"Decowall carvalho nogueira 500x500x17 - Deli Home Iberia","isPartOf":{"@id":"https:\/\/deli-home.pt\/#website"},"primaryImageOfPage":{"@id":"https:\/\/deli-home.pt\/produtos\/decowall-tile-nogueira\/#primaryimage"},"image":{"@id":"https:\/\/deli-home.pt\/produtos\/decowall-tile-nogueira\/#primaryimage"},"thumbnailUrl":"https:\/\/deli-home.pt\/wp-content\/uploads\/2024\/12\/decowall-tile-nogueira.jpg","datePublished":"2024-12-23T12:12:40+00:00","dateModified":"2025-12-23T14:46:59+00:00","description":"Decowall Carvalho Nogueira (50x50x1,7 cm). Ripas MDF com efeito 3D e isolamento ac\u00fastico em feltro. F\u00e1cil instala\u00e7\u00e3o, vers\u00e1til em horizontal ou vertical.","breadcrumb":{"@id":"https:\/\/deli-home.pt\/produtos\/decowall-tile-nogueira\/#breadcrumb"},"inLanguage":"es","potentialAction":[{"@type":"ReadAction","target":["https:\/\/deli-home.pt\/produtos\/decowall-tile-nogueira\/"]}]},{"@type":"ImageObject","inLanguage":"es","@id":"https:\/\/deli-home.pt\/produtos\/decowall-tile-nogueira\/#primaryimage","url":"https:\/\/deli-home.pt\/wp-content\/uploads\/2024\/12\/decowall-tile-nogueira.jpg","contentUrl":"https:\/\/deli-home.pt\/wp-content\/uploads\/2024\/12\/decowall-tile-nogueira.jpg","width":1000,"height":1000,"caption":"10229-24"},{"@type":"BreadcrumbList","@id":"https:\/\/deli-home.pt\/produtos\/decowall-tile-nogueira\/#breadcrumb","itemListElement":[{"@type":"ListItem","position":1,"name":"Home","item":"https:\/\/deli-home.pt\/"},{"@type":"ListItem","position":2,"name":"Produtos","item":"https:\/\/deli-home.pt\/store-2\/"},{"@type":"ListItem","position":3,"name":"Decowall carvalho nogueira 500x500x17"}]},{"@type":"WebSite","@id":"https:\/\/deli-home.pt\/#website","url":"https:\/\/deli-home.pt\/","name":"Deli Home Iberia","description":"","publisher":{"@id":"https:\/\/deli-home.pt\/#organization"},"potentialAction":[{"@type":"SearchAction","target":{"@type":"EntryPoint","urlTemplate":"https:\/\/deli-home.pt\/?s={search_term_string}"},"query-input":{"@type":"PropertyValueSpecification","valueRequired":true,"valueName":"search_term_string"}}],"inLanguage":"es"},{"@type":"Organization","@id":"https:\/\/deli-home.pt\/#organization","name":"Deli Home Iberia","url":"https:\/\/deli-home.pt\/","logo":{"@type":"ImageObject","inLanguage":"es","@id":"https:\/\/deli-home.pt\/#\/schema\/logo\/image\/","url":"https:\/\/deli-home.pt\/wp-content\/uploads\/2024\/09\/cropped-cropped-logo-DH-png.png","contentUrl":"https:\/\/deli-home.pt\/wp-content\/uploads\/2024\/09\/cropped-cropped-logo-DH-png.png","width":1181,"height":429,"caption":"Deli Home Iberia"},"image":{"@id":"https:\/\/deli-home.pt\/#\/schema\/logo\/image\/"}}]}},"_links":{"self":[{"href":"https:\/\/deli-home.pt\/es\/wp-json\/wp\/v2\/product\/5358","targetHints":{"allow":["GET"]}}],"collection":[{"href":"https:\/\/deli-home.pt\/es\/wp-json\/wp\/v2\/product"}],"about":[{"href":"https:\/\/deli-home.pt\/es\/wp-json\/wp\/v2\/types\/product"}],"wp:featuredmedia":[{"embeddable":true,"href":"https:\/\/deli-home.pt\/es\/wp-json\/wp\/v2\/media\/5359"}],"wp:attachment":[{"href":"https:\/\/deli-home.pt\/es\/wp-json\/wp\/v2\/media?parent=5358"}],"wp:term":[{"taxonomy":"product_brand","embeddable":true,"href":"https:\/\/deli-home.pt\/es\/wp-json\/wp\/v2\/product_brand?post=5358"},{"taxonomy":"product_cat","embeddable":true,"href":"https:\/\/deli-home.pt\/es\/wp-json\/wp\/v2\/product_cat?post=5358"},{"taxonomy":"product_tag","embeddable":true,"href":"https:\/\/deli-home.pt\/es\/wp-json\/wp\/v2\/product_tag?post=5358"}],"curies":[{"name":"wp","href":"https:\/\/api.w.org\/{rel}","templated":true}]}}