{"id":5265,"date":"2024-12-23T10:16:47","date_gmt":"2024-12-23T10:16:47","guid":{"rendered":"https:\/\/deli-home.pt\/?post_type=product&#038;p=5265"},"modified":"2025-03-27T12:21:49","modified_gmt":"2025-03-27T12:21:49","slug":"prateleira-melamina-branca-2l","status":"publish","type":"product","link":"https:\/\/deli-home.pt\/es\/produtos\/prateleira-melamina-branca-2l\/","title":{"rendered":"Prateleira de melamina branca 2L"},"content":{"rendered":"<p data-start=\"75\" data-end=\"113\">Prateleira de Melamina Branca 2L<\/p>\n<p data-start=\"115\" data-end=\"317\">A prateleira de aglomerado com revestimento de melamina em branco oferece versatilidade e eleg\u00e2ncia para qualquer ambiente. O acabamento em ambos os lados garante uma apar\u00eancia uniforme e sofisticada.<\/p>\n<p data-start=\"319\" data-end=\"520\">O design clean e sofisticado adapta-se facilmente a diversos estilos de decora\u00e7\u00e3o. A cor branca cria um visual luminoso e contempor\u00e2neo, enquanto a melamina facilita a limpeza e assegura resist\u00eancia.<\/p>\n<p data-start=\"522\" data-end=\"699\">Utilize-a para construir m\u00f3veis ou para projetos diversos.<\/p>\n<p data-start=\"522\" data-end=\"699\">Esta prateleira combina funcionalidade e est\u00e9tica, sendo uma op\u00e7\u00e3o pr\u00e1tica para qualquer espa\u00e7o.<\/p>\n<p data-start=\"701\" data-end=\"850\">As suas dimens\u00f5es permitem criar projetos personalizados, como m\u00f3veis ou arm\u00e1rios, que podem ser complementados com prateleiras de outros tamanhos.<\/p>","protected":false},"excerpt":{"rendered":"<p>Prateleira de Melamina Branca 2L A prateleira de aglomerado com revestimento de melamina em branco oferece versatilidade e eleg\u00e2ncia para qualquer ambiente. O acabamento em ambos os lados garante uma apar\u00eancia uniforme e sofisticada. O design clean e sofisticado adapta-se facilmente a diversos estilos de decora\u00e7\u00e3o. A cor branca cria um visual luminoso e contempor\u00e2neo, [&hellip;]<\/p>\n","protected":false},"featured_media":5273,"template":"","meta":{"site-sidebar-layout":"default","site-content-layout":"","ast-site-content-layout":"default","site-content-style":"default","site-sidebar-style":"default","ast-global-header-display":"","ast-banner-title-visibility":"","ast-main-header-display":"","ast-hfb-above-header-display":"","ast-hfb-below-header-display":"","ast-hfb-mobile-header-display":"","site-post-title":"","ast-breadcrumbs-content":"","ast-featured-img":"","footer-sml-layout":"","ast-disable-related-posts":"","theme-transparent-header-meta":"default","adv-header-id-meta":"","stick-header-meta":"","header-above-stick-meta":"","header-main-stick-meta":"","header-below-stick-meta":"","astra-migrate-meta-layouts":"set","ast-page-background-enabled":"default","ast-page-background-meta":{"desktop":{"background-color":"var(--ast-global-color-4)","background-image":"","background-repeat":"repeat","background-position":"center center","background-size":"auto","background-attachment":"scroll","background-type":"","background-media":"","overlay-type":"","overlay-color":"","overlay-opacity":"","overlay-gradient":""},"tablet":{"background-color":"","background-image":"","background-repeat":"repeat","background-position":"center center","background-size":"auto","background-attachment":"scroll","background-type":"","background-media":"","overlay-type":"","overlay-color":"","overlay-opacity":"","overlay-gradient":""},"mobile":{"background-color":"","background-image":"","background-repeat":"repeat","background-position":"center center","background-size":"auto","background-attachment":"scroll","background-type":"","background-media":"","overlay-type":"","overlay-color":"","overlay-opacity":"","overlay-gradient":""}},"ast-content-background-meta":{"desktop":{"background-color":"var(--ast-global-color-5)","background-image":"","background-repeat":"repeat","background-position":"center center","background-size":"auto","background-attachment":"scroll","background-type":"","background-media":"","overlay-type":"","overlay-color":"","overlay-opacity":"","overlay-gradient":""},"tablet":{"background-color":"var(--ast-global-color-5)","background-image":"","background-repeat":"repeat","background-position":"center center","background-size":"auto","background-attachment":"scroll","background-type":"","background-media":"","overlay-type":"","overlay-color":"","overlay-opacity":"","overlay-gradient":""},"mobile":{"background-color":"var(--ast-global-color-5)","background-image":"","background-repeat":"repeat","background-position":"center center","background-size":"auto","background-attachment":"scroll","background-type":"","background-media":"","overlay-type":"","overlay-color":"","overlay-opacity":"","overlay-gradient":""}}},"product_brand":[],"product_cat":[31],"product_tag":[],"class_list":{"0":"post-5265","1":"product","2":"type-product","3":"status-publish","4":"has-post-thumbnail","6":"product_cat-prateleiras-melamina","7":"desktop-align-left","8":"tablet-align-left","9":"mobile-align-left","11":"first","12":"instock","13":"taxable","14":"shipping-taxable","15":"purchasable","16":"product-type-variable"},"yoast_head":"<!-- This site is optimized with the Yoast SEO plugin v27.5 - https:\/\/yoast.com\/product\/yoast-seo-wordpress\/ -->\n<title>Prateleira de melamina branca 2L - Deli Home Iberia<\/title>\n<meta name=\"description\" content=\"Prateleira de melamina branca 2L. Vers\u00e1til e resistente, ideal para organizar e decorar com um toque moderno e funcional.\" \/>\n<meta name=\"robots\" content=\"index, follow, max-snippet:-1, max-image-preview:large, max-video-preview:-1\" \/>\n<link rel=\"canonical\" href=\"https:\/\/deli-home.pt\/es\/produtos\/prateleira-melamina-branca-2l\/\" \/>\n<meta property=\"og:locale\" content=\"es_ES\" \/>\n<meta property=\"og:type\" content=\"article\" \/>\n<meta property=\"og:title\" content=\"Prateleira de melamina branca 2L - Deli Home Iberia\" \/>\n<meta property=\"og:description\" content=\"Prateleira de melamina branca 2L. Vers\u00e1til e resistente, ideal para organizar e decorar com um toque moderno e funcional.\" \/>\n<meta property=\"og:url\" content=\"https:\/\/deli-home.pt\/es\/produtos\/prateleira-melamina-branca-2l\/\" \/>\n<meta property=\"og:site_name\" content=\"Deli Home Iberia\" \/>\n<meta property=\"article:modified_time\" content=\"2025-03-27T12:21:49+00:00\" \/>\n<meta property=\"og:image\" content=\"https:\/\/deli-home.pt\/wp-content\/uploads\/2024\/12\/prateleira-2l-branca.jpg\" \/>\n\t<meta property=\"og:image:width\" content=\"1000\" \/>\n\t<meta property=\"og:image:height\" content=\"1000\" \/>\n\t<meta property=\"og:image:type\" content=\"image\/jpeg\" \/>\n<meta name=\"twitter:card\" content=\"summary_large_image\" \/>\n<meta name=\"twitter:label1\" content=\"Tiempo de lectura\" \/>\n\t<meta name=\"twitter:data1\" content=\"1 minuto\" \/>\n<script type=\"application\/ld+json\" class=\"yoast-schema-graph\">{\"@context\":\"https:\\\/\\\/schema.org\",\"@graph\":[{\"@type\":\"WebPage\",\"@id\":\"https:\\\/\\\/deli-home.pt\\\/produtos\\\/prateleira-melamina-branca-2l\\\/\",\"url\":\"https:\\\/\\\/deli-home.pt\\\/produtos\\\/prateleira-melamina-branca-2l\\\/\",\"name\":\"Prateleira de melamina branca 2L - Deli Home Iberia\",\"isPartOf\":{\"@id\":\"https:\\\/\\\/deli-home.pt\\\/#website\"},\"primaryImageOfPage\":{\"@id\":\"https:\\\/\\\/deli-home.pt\\\/produtos\\\/prateleira-melamina-branca-2l\\\/#primaryimage\"},\"image\":{\"@id\":\"https:\\\/\\\/deli-home.pt\\\/produtos\\\/prateleira-melamina-branca-2l\\\/#primaryimage\"},\"thumbnailUrl\":\"https:\\\/\\\/deli-home.pt\\\/wp-content\\\/uploads\\\/2024\\\/12\\\/prateleira-2l-branca.jpg\",\"datePublished\":\"2024-12-23T10:16:47+00:00\",\"dateModified\":\"2025-03-27T12:21:49+00:00\",\"description\":\"Prateleira de melamina branca 2L. Vers\u00e1til e resistente, ideal para organizar e decorar com um toque moderno e funcional.\",\"breadcrumb\":{\"@id\":\"https:\\\/\\\/deli-home.pt\\\/produtos\\\/prateleira-melamina-branca-2l\\\/#breadcrumb\"},\"inLanguage\":\"es\",\"potentialAction\":[{\"@type\":\"ReadAction\",\"target\":[\"https:\\\/\\\/deli-home.pt\\\/produtos\\\/prateleira-melamina-branca-2l\\\/\"]}]},{\"@type\":\"ImageObject\",\"inLanguage\":\"es\",\"@id\":\"https:\\\/\\\/deli-home.pt\\\/produtos\\\/prateleira-melamina-branca-2l\\\/#primaryimage\",\"url\":\"https:\\\/\\\/deli-home.pt\\\/wp-content\\\/uploads\\\/2024\\\/12\\\/prateleira-2l-branca.jpg\",\"contentUrl\":\"https:\\\/\\\/deli-home.pt\\\/wp-content\\\/uploads\\\/2024\\\/12\\\/prateleira-2l-branca.jpg\",\"width\":1000,\"height\":1000,\"caption\":\"10229-24\"},{\"@type\":\"BreadcrumbList\",\"@id\":\"https:\\\/\\\/deli-home.pt\\\/produtos\\\/prateleira-melamina-branca-2l\\\/#breadcrumb\",\"itemListElement\":[{\"@type\":\"ListItem\",\"position\":1,\"name\":\"Home\",\"item\":\"https:\\\/\\\/deli-home.pt\\\/\"},{\"@type\":\"ListItem\",\"position\":2,\"name\":\"Produtos\",\"item\":\"https:\\\/\\\/deli-home.pt\\\/store-2\\\/\"},{\"@type\":\"ListItem\",\"position\":3,\"name\":\"Prateleira de melamina branca 2L\"}]},{\"@type\":\"WebSite\",\"@id\":\"https:\\\/\\\/deli-home.pt\\\/#website\",\"url\":\"https:\\\/\\\/deli-home.pt\\\/\",\"name\":\"Deli Home Iberia\",\"description\":\"\",\"publisher\":{\"@id\":\"https:\\\/\\\/deli-home.pt\\\/#organization\"},\"potentialAction\":[{\"@type\":\"SearchAction\",\"target\":{\"@type\":\"EntryPoint\",\"urlTemplate\":\"https:\\\/\\\/deli-home.pt\\\/?s={search_term_string}\"},\"query-input\":{\"@type\":\"PropertyValueSpecification\",\"valueRequired\":true,\"valueName\":\"search_term_string\"}}],\"inLanguage\":\"es\"},{\"@type\":\"Organization\",\"@id\":\"https:\\\/\\\/deli-home.pt\\\/#organization\",\"name\":\"Deli Home Iberia\",\"url\":\"https:\\\/\\\/deli-home.pt\\\/\",\"logo\":{\"@type\":\"ImageObject\",\"inLanguage\":\"es\",\"@id\":\"https:\\\/\\\/deli-home.pt\\\/#\\\/schema\\\/logo\\\/image\\\/\",\"url\":\"https:\\\/\\\/deli-home.pt\\\/wp-content\\\/uploads\\\/2024\\\/09\\\/cropped-cropped-logo-DH-png.png\",\"contentUrl\":\"https:\\\/\\\/deli-home.pt\\\/wp-content\\\/uploads\\\/2024\\\/09\\\/cropped-cropped-logo-DH-png.png\",\"width\":1181,\"height\":429,\"caption\":\"Deli Home Iberia\"},\"image\":{\"@id\":\"https:\\\/\\\/deli-home.pt\\\/#\\\/schema\\\/logo\\\/image\\\/\"}}]}<\/script>\n<!-- \/ Yoast SEO plugin. -->","yoast_head_json":{"title":"Prateleira de melamina branca 2L - Deli Home Iberia","description":"Prateleira de melamina branca 2L. Vers\u00e1til e resistente, ideal para organizar e decorar com um toque moderno e funcional.","robots":{"index":"index","follow":"follow","max-snippet":"max-snippet:-1","max-image-preview":"max-image-preview:large","max-video-preview":"max-video-preview:-1"},"canonical":"https:\/\/deli-home.pt\/es\/produtos\/prateleira-melamina-branca-2l\/","og_locale":"es_ES","og_type":"article","og_title":"Prateleira de melamina branca 2L - Deli Home Iberia","og_description":"Prateleira de melamina branca 2L. Vers\u00e1til e resistente, ideal para organizar e decorar com um toque moderno e funcional.","og_url":"https:\/\/deli-home.pt\/es\/produtos\/prateleira-melamina-branca-2l\/","og_site_name":"Deli Home Iberia","article_modified_time":"2025-03-27T12:21:49+00:00","og_image":[{"width":1000,"height":1000,"url":"https:\/\/deli-home.pt\/wp-content\/uploads\/2024\/12\/prateleira-2l-branca.jpg","type":"image\/jpeg"}],"twitter_card":"summary_large_image","twitter_misc":{"Tiempo de lectura":"1 minuto"},"schema":{"@context":"https:\/\/schema.org","@graph":[{"@type":"WebPage","@id":"https:\/\/deli-home.pt\/produtos\/prateleira-melamina-branca-2l\/","url":"https:\/\/deli-home.pt\/produtos\/prateleira-melamina-branca-2l\/","name":"Prateleira de melamina branca 2L - Deli Home Iberia","isPartOf":{"@id":"https:\/\/deli-home.pt\/#website"},"primaryImageOfPage":{"@id":"https:\/\/deli-home.pt\/produtos\/prateleira-melamina-branca-2l\/#primaryimage"},"image":{"@id":"https:\/\/deli-home.pt\/produtos\/prateleira-melamina-branca-2l\/#primaryimage"},"thumbnailUrl":"https:\/\/deli-home.pt\/wp-content\/uploads\/2024\/12\/prateleira-2l-branca.jpg","datePublished":"2024-12-23T10:16:47+00:00","dateModified":"2025-03-27T12:21:49+00:00","description":"Prateleira de melamina branca 2L. Vers\u00e1til e resistente, ideal para organizar e decorar com um toque moderno e funcional.","breadcrumb":{"@id":"https:\/\/deli-home.pt\/produtos\/prateleira-melamina-branca-2l\/#breadcrumb"},"inLanguage":"es","potentialAction":[{"@type":"ReadAction","target":["https:\/\/deli-home.pt\/produtos\/prateleira-melamina-branca-2l\/"]}]},{"@type":"ImageObject","inLanguage":"es","@id":"https:\/\/deli-home.pt\/produtos\/prateleira-melamina-branca-2l\/#primaryimage","url":"https:\/\/deli-home.pt\/wp-content\/uploads\/2024\/12\/prateleira-2l-branca.jpg","contentUrl":"https:\/\/deli-home.pt\/wp-content\/uploads\/2024\/12\/prateleira-2l-branca.jpg","width":1000,"height":1000,"caption":"10229-24"},{"@type":"BreadcrumbList","@id":"https:\/\/deli-home.pt\/produtos\/prateleira-melamina-branca-2l\/#breadcrumb","itemListElement":[{"@type":"ListItem","position":1,"name":"Home","item":"https:\/\/deli-home.pt\/"},{"@type":"ListItem","position":2,"name":"Produtos","item":"https:\/\/deli-home.pt\/store-2\/"},{"@type":"ListItem","position":3,"name":"Prateleira de melamina branca 2L"}]},{"@type":"WebSite","@id":"https:\/\/deli-home.pt\/#website","url":"https:\/\/deli-home.pt\/","name":"Deli Home Iberia","description":"","publisher":{"@id":"https:\/\/deli-home.pt\/#organization"},"potentialAction":[{"@type":"SearchAction","target":{"@type":"EntryPoint","urlTemplate":"https:\/\/deli-home.pt\/?s={search_term_string}"},"query-input":{"@type":"PropertyValueSpecification","valueRequired":true,"valueName":"search_term_string"}}],"inLanguage":"es"},{"@type":"Organization","@id":"https:\/\/deli-home.pt\/#organization","name":"Deli Home Iberia","url":"https:\/\/deli-home.pt\/","logo":{"@type":"ImageObject","inLanguage":"es","@id":"https:\/\/deli-home.pt\/#\/schema\/logo\/image\/","url":"https:\/\/deli-home.pt\/wp-content\/uploads\/2024\/09\/cropped-cropped-logo-DH-png.png","contentUrl":"https:\/\/deli-home.pt\/wp-content\/uploads\/2024\/09\/cropped-cropped-logo-DH-png.png","width":1181,"height":429,"caption":"Deli Home Iberia"},"image":{"@id":"https:\/\/deli-home.pt\/#\/schema\/logo\/image\/"}}]}},"_links":{"self":[{"href":"https:\/\/deli-home.pt\/es\/wp-json\/wp\/v2\/product\/5265","targetHints":{"allow":["GET"]}}],"collection":[{"href":"https:\/\/deli-home.pt\/es\/wp-json\/wp\/v2\/product"}],"about":[{"href":"https:\/\/deli-home.pt\/es\/wp-json\/wp\/v2\/types\/product"}],"wp:featuredmedia":[{"embeddable":true,"href":"https:\/\/deli-home.pt\/es\/wp-json\/wp\/v2\/media\/5273"}],"wp:attachment":[{"href":"https:\/\/deli-home.pt\/es\/wp-json\/wp\/v2\/media?parent=5265"}],"wp:term":[{"taxonomy":"product_brand","embeddable":true,"href":"https:\/\/deli-home.pt\/es\/wp-json\/wp\/v2\/product_brand?post=5265"},{"taxonomy":"product_cat","embeddable":true,"href":"https:\/\/deli-home.pt\/es\/wp-json\/wp\/v2\/product_cat?post=5265"},{"taxonomy":"product_tag","embeddable":true,"href":"https:\/\/deli-home.pt\/es\/wp-json\/wp\/v2\/product_tag?post=5265"}],"curies":[{"name":"wp","href":"https:\/\/api.w.org\/{rel}","templated":true}]}}