{"id":4147,"date":"2024-10-29T15:16:42","date_gmt":"2024-10-29T15:16:42","guid":{"rendered":"https:\/\/deli-home.pt\/?post_type=product&#038;p=4147"},"modified":"2024-10-29T17:03:42","modified_gmt":"2024-10-29T17:03:42","slug":"packs-barrotes-pn-tosco-200cm","status":"publish","type":"product","link":"https:\/\/deli-home.pt\/es\/produtos\/packs-barrotes-pn-tosco-200cm\/","title":{"rendered":"Packs de 4\/6\/9\/10 Listones de Abeto sin cepillar 200cm"},"content":{"rendered":"<p>Estes packs de listones de abeto sin cepillar ofrecen una soluci\u00f3n robusta y natural para una variedad de proyectos de construcci\u00f3n y dise\u00f1o.<\/p>\n<p>Fabricados en abeto, tienen un aspecto r\u00fastico y aut\u00e9ntico, a\u00f1adiendo encanto y calidez a cualquier espacio.<\/p>\n<p>Su textura sin cepillar realza el aspecto natural de la madera, d\u00e1ndole un aspecto \u00fanico y atractivo.<\/p>\n<p>Ideal para usar en estructuras de techos, revestimientos de paredes, muebles y m\u00e1s, esta viga proporciona resistencia y durabilidad, adem\u00e1s de agregar un toque de car\u00e1cter a cualquier proyecto.<\/p>\n<p>Packs de 4\/6\/9\/10 unidades con dimensiones desde 13\u00d727 hasta 38x38mm y 200cm de longitud.<\/p>\n<p>&nbsp;<\/p>","protected":false},"excerpt":{"rendered":"<p>Estes packs de barrotes de pinho n\u00f3rdico tosco oferece uma solu\u00e7\u00e3o robusta e natural para uma variedade de projetos de constru\u00e7\u00e3o e design. Feitos de pinho n\u00f3rdico, possuem uma apar\u00eancia r\u00fastica e aut\u00eantica, adicionando charme e calor a qualquer espa\u00e7o. A sua textura tosca real\u00e7a o aspecto natural da madeira, conferindo um visual \u00fanico e [&hellip;]<\/p>\n","protected":false},"featured_media":4152,"template":"","meta":{"site-sidebar-layout":"default","site-content-layout":"","ast-site-content-layout":"default","site-content-style":"default","site-sidebar-style":"default","ast-global-header-display":"","ast-banner-title-visibility":"","ast-main-header-display":"","ast-hfb-above-header-display":"","ast-hfb-below-header-display":"","ast-hfb-mobile-header-display":"","site-post-title":"","ast-breadcrumbs-content":"","ast-featured-img":"","footer-sml-layout":"","ast-disable-related-posts":"","theme-transparent-header-meta":"default","adv-header-id-meta":"","stick-header-meta":"","header-above-stick-meta":"","header-main-stick-meta":"","header-below-stick-meta":"","astra-migrate-meta-layouts":"set","ast-page-background-enabled":"default","ast-page-background-meta":{"desktop":{"background-color":"var(--ast-global-color-4)","background-image":"","background-repeat":"repeat","background-position":"center center","background-size":"auto","background-attachment":"scroll","background-type":"","background-media":"","overlay-type":"","overlay-color":"","overlay-opacity":"","overlay-gradient":""},"tablet":{"background-color":"","background-image":"","background-repeat":"repeat","background-position":"center center","background-size":"auto","background-attachment":"scroll","background-type":"","background-media":"","overlay-type":"","overlay-color":"","overlay-opacity":"","overlay-gradient":""},"mobile":{"background-color":"","background-image":"","background-repeat":"repeat","background-position":"center center","background-size":"auto","background-attachment":"scroll","background-type":"","background-media":"","overlay-type":"","overlay-color":"","overlay-opacity":"","overlay-gradient":""}},"ast-content-background-meta":{"desktop":{"background-color":"var(--ast-global-color-5)","background-image":"","background-repeat":"repeat","background-position":"center center","background-size":"auto","background-attachment":"scroll","background-type":"","background-media":"","overlay-type":"","overlay-color":"","overlay-opacity":"","overlay-gradient":""},"tablet":{"background-color":"var(--ast-global-color-5)","background-image":"","background-repeat":"repeat","background-position":"center center","background-size":"auto","background-attachment":"scroll","background-type":"","background-media":"","overlay-type":"","overlay-color":"","overlay-opacity":"","overlay-gradient":""},"mobile":{"background-color":"var(--ast-global-color-5)","background-image":"","background-repeat":"repeat","background-position":"center center","background-size":"auto","background-attachment":"scroll","background-type":"","background-media":"","overlay-type":"","overlay-color":"","overlay-opacity":"","overlay-gradient":""}}},"product_brand":[],"product_cat":[57,27],"product_tag":[],"class_list":{"0":"post-4147","1":"product","2":"type-product","3":"status-publish","4":"has-post-thumbnail","6":"product_cat-barrote-de-p-n-tosco","7":"product_cat-barrotes","8":"desktop-align-left","9":"tablet-align-left","10":"mobile-align-left","12":"first","13":"instock","14":"taxable","15":"shipping-taxable","16":"purchasable","17":"product-type-variable"},"yoast_head":"<!-- This site is optimized with the Yoast SEO plugin v27.5 - https:\/\/yoast.com\/product\/yoast-seo-wordpress\/ -->\n<title>Packs de 4\/6\/9\/10 Barrotes de Pinho N\u00f3rdico Tosco 200cm - Deli Home Iberia<\/title>\n<meta name=\"robots\" content=\"index, follow, max-snippet:-1, max-image-preview:large, max-video-preview:-1\" \/>\n<link rel=\"canonical\" href=\"https:\/\/deli-home.pt\/es\/produtos\/packs-barrotes-pn-tosco-200cm\/\" \/>\n<meta property=\"og:locale\" content=\"es_ES\" \/>\n<meta property=\"og:type\" content=\"article\" \/>\n<meta property=\"og:title\" content=\"Packs de 4\/6\/9\/10 Barrotes de Pinho N\u00f3rdico Tosco 200cm - Deli Home Iberia\" \/>\n<meta property=\"og:description\" content=\"Estes packs de barrotes de pinho n\u00f3rdico tosco oferece uma solu\u00e7\u00e3o robusta e natural para uma variedade de projetos de constru\u00e7\u00e3o e design. Feitos de pinho n\u00f3rdico, possuem uma apar\u00eancia r\u00fastica e aut\u00eantica, adicionando charme e calor a qualquer espa\u00e7o. A sua textura tosca real\u00e7a o aspecto natural da madeira, conferindo um visual \u00fanico e [&hellip;]\" \/>\n<meta property=\"og:url\" content=\"https:\/\/deli-home.pt\/es\/produtos\/packs-barrotes-pn-tosco-200cm\/\" \/>\n<meta property=\"og:site_name\" content=\"Deli Home Iberia\" \/>\n<meta property=\"article:modified_time\" content=\"2024-10-29T17:03:42+00:00\" \/>\n<meta property=\"og:image\" content=\"https:\/\/deli-home.pt\/wp-content\/uploads\/2024\/10\/5600437700792.jpg\" \/>\n\t<meta property=\"og:image:width\" content=\"1000\" \/>\n\t<meta property=\"og:image:height\" content=\"1000\" \/>\n\t<meta property=\"og:image:type\" content=\"image\/jpeg\" \/>\n<meta name=\"twitter:card\" content=\"summary_large_image\" \/>\n<meta name=\"twitter:label1\" content=\"Tiempo de lectura\" \/>\n\t<meta name=\"twitter:data1\" content=\"1 minuto\" \/>\n<script type=\"application\/ld+json\" class=\"yoast-schema-graph\">{\"@context\":\"https:\\\/\\\/schema.org\",\"@graph\":[{\"@type\":\"WebPage\",\"@id\":\"https:\\\/\\\/deli-home.pt\\\/produtos\\\/packs-barrotes-pn-tosco-200cm\\\/\",\"url\":\"https:\\\/\\\/deli-home.pt\\\/produtos\\\/packs-barrotes-pn-tosco-200cm\\\/\",\"name\":\"Packs de 4\\\/6\\\/9\\\/10 Barrotes de Pinho N\u00f3rdico Tosco 200cm - Deli Home Iberia\",\"isPartOf\":{\"@id\":\"https:\\\/\\\/deli-home.pt\\\/#website\"},\"primaryImageOfPage\":{\"@id\":\"https:\\\/\\\/deli-home.pt\\\/produtos\\\/packs-barrotes-pn-tosco-200cm\\\/#primaryimage\"},\"image\":{\"@id\":\"https:\\\/\\\/deli-home.pt\\\/produtos\\\/packs-barrotes-pn-tosco-200cm\\\/#primaryimage\"},\"thumbnailUrl\":\"https:\\\/\\\/deli-home.pt\\\/wp-content\\\/uploads\\\/2024\\\/10\\\/5600437700792.jpg\",\"datePublished\":\"2024-10-29T15:16:42+00:00\",\"dateModified\":\"2024-10-29T17:03:42+00:00\",\"breadcrumb\":{\"@id\":\"https:\\\/\\\/deli-home.pt\\\/produtos\\\/packs-barrotes-pn-tosco-200cm\\\/#breadcrumb\"},\"inLanguage\":\"es\",\"potentialAction\":[{\"@type\":\"ReadAction\",\"target\":[\"https:\\\/\\\/deli-home.pt\\\/produtos\\\/packs-barrotes-pn-tosco-200cm\\\/\"]}]},{\"@type\":\"ImageObject\",\"inLanguage\":\"es\",\"@id\":\"https:\\\/\\\/deli-home.pt\\\/produtos\\\/packs-barrotes-pn-tosco-200cm\\\/#primaryimage\",\"url\":\"https:\\\/\\\/deli-home.pt\\\/wp-content\\\/uploads\\\/2024\\\/10\\\/5600437700792.jpg\",\"contentUrl\":\"https:\\\/\\\/deli-home.pt\\\/wp-content\\\/uploads\\\/2024\\\/10\\\/5600437700792.jpg\",\"width\":1000,\"height\":1000,\"caption\":\"10229-24\"},{\"@type\":\"BreadcrumbList\",\"@id\":\"https:\\\/\\\/deli-home.pt\\\/produtos\\\/packs-barrotes-pn-tosco-200cm\\\/#breadcrumb\",\"itemListElement\":[{\"@type\":\"ListItem\",\"position\":1,\"name\":\"Home\",\"item\":\"https:\\\/\\\/deli-home.pt\\\/\"},{\"@type\":\"ListItem\",\"position\":2,\"name\":\"Produtos\",\"item\":\"https:\\\/\\\/deli-home.pt\\\/store-2\\\/\"},{\"@type\":\"ListItem\",\"position\":3,\"name\":\"Packs de 4\\\/6\\\/9\\\/10 Barrotes de Pinho N\u00f3rdico Tosco 200cm\"}]},{\"@type\":\"WebSite\",\"@id\":\"https:\\\/\\\/deli-home.pt\\\/#website\",\"url\":\"https:\\\/\\\/deli-home.pt\\\/\",\"name\":\"Deli Home Iberia\",\"description\":\"\",\"publisher\":{\"@id\":\"https:\\\/\\\/deli-home.pt\\\/#organization\"},\"potentialAction\":[{\"@type\":\"SearchAction\",\"target\":{\"@type\":\"EntryPoint\",\"urlTemplate\":\"https:\\\/\\\/deli-home.pt\\\/?s={search_term_string}\"},\"query-input\":{\"@type\":\"PropertyValueSpecification\",\"valueRequired\":true,\"valueName\":\"search_term_string\"}}],\"inLanguage\":\"es\"},{\"@type\":\"Organization\",\"@id\":\"https:\\\/\\\/deli-home.pt\\\/#organization\",\"name\":\"Deli Home Iberia\",\"url\":\"https:\\\/\\\/deli-home.pt\\\/\",\"logo\":{\"@type\":\"ImageObject\",\"inLanguage\":\"es\",\"@id\":\"https:\\\/\\\/deli-home.pt\\\/#\\\/schema\\\/logo\\\/image\\\/\",\"url\":\"https:\\\/\\\/deli-home.pt\\\/wp-content\\\/uploads\\\/2024\\\/09\\\/cropped-cropped-logo-DH-png.png\",\"contentUrl\":\"https:\\\/\\\/deli-home.pt\\\/wp-content\\\/uploads\\\/2024\\\/09\\\/cropped-cropped-logo-DH-png.png\",\"width\":1181,\"height\":429,\"caption\":\"Deli Home Iberia\"},\"image\":{\"@id\":\"https:\\\/\\\/deli-home.pt\\\/#\\\/schema\\\/logo\\\/image\\\/\"}}]}<\/script>\n<!-- \/ Yoast SEO plugin. -->","yoast_head_json":{"title":"Packs de 4\/6\/9\/10 Barrotes de Pinho N\u00f3rdico Tosco 200cm - Deli Home Iberia","robots":{"index":"index","follow":"follow","max-snippet":"max-snippet:-1","max-image-preview":"max-image-preview:large","max-video-preview":"max-video-preview:-1"},"canonical":"https:\/\/deli-home.pt\/es\/produtos\/packs-barrotes-pn-tosco-200cm\/","og_locale":"es_ES","og_type":"article","og_title":"Packs de 4\/6\/9\/10 Barrotes de Pinho N\u00f3rdico Tosco 200cm - Deli Home Iberia","og_description":"Estes packs de barrotes de pinho n\u00f3rdico tosco oferece uma solu\u00e7\u00e3o robusta e natural para uma variedade de projetos de constru\u00e7\u00e3o e design. Feitos de pinho n\u00f3rdico, possuem uma apar\u00eancia r\u00fastica e aut\u00eantica, adicionando charme e calor a qualquer espa\u00e7o. A sua textura tosca real\u00e7a o aspecto natural da madeira, conferindo um visual \u00fanico e [&hellip;]","og_url":"https:\/\/deli-home.pt\/es\/produtos\/packs-barrotes-pn-tosco-200cm\/","og_site_name":"Deli Home Iberia","article_modified_time":"2024-10-29T17:03:42+00:00","og_image":[{"width":1000,"height":1000,"url":"https:\/\/deli-home.pt\/wp-content\/uploads\/2024\/10\/5600437700792.jpg","type":"image\/jpeg"}],"twitter_card":"summary_large_image","twitter_misc":{"Tiempo de lectura":"1 minuto"},"schema":{"@context":"https:\/\/schema.org","@graph":[{"@type":"WebPage","@id":"https:\/\/deli-home.pt\/produtos\/packs-barrotes-pn-tosco-200cm\/","url":"https:\/\/deli-home.pt\/produtos\/packs-barrotes-pn-tosco-200cm\/","name":"Packs de 4\/6\/9\/10 Barrotes de Pinho N\u00f3rdico Tosco 200cm - Deli Home Iberia","isPartOf":{"@id":"https:\/\/deli-home.pt\/#website"},"primaryImageOfPage":{"@id":"https:\/\/deli-home.pt\/produtos\/packs-barrotes-pn-tosco-200cm\/#primaryimage"},"image":{"@id":"https:\/\/deli-home.pt\/produtos\/packs-barrotes-pn-tosco-200cm\/#primaryimage"},"thumbnailUrl":"https:\/\/deli-home.pt\/wp-content\/uploads\/2024\/10\/5600437700792.jpg","datePublished":"2024-10-29T15:16:42+00:00","dateModified":"2024-10-29T17:03:42+00:00","breadcrumb":{"@id":"https:\/\/deli-home.pt\/produtos\/packs-barrotes-pn-tosco-200cm\/#breadcrumb"},"inLanguage":"es","potentialAction":[{"@type":"ReadAction","target":["https:\/\/deli-home.pt\/produtos\/packs-barrotes-pn-tosco-200cm\/"]}]},{"@type":"ImageObject","inLanguage":"es","@id":"https:\/\/deli-home.pt\/produtos\/packs-barrotes-pn-tosco-200cm\/#primaryimage","url":"https:\/\/deli-home.pt\/wp-content\/uploads\/2024\/10\/5600437700792.jpg","contentUrl":"https:\/\/deli-home.pt\/wp-content\/uploads\/2024\/10\/5600437700792.jpg","width":1000,"height":1000,"caption":"10229-24"},{"@type":"BreadcrumbList","@id":"https:\/\/deli-home.pt\/produtos\/packs-barrotes-pn-tosco-200cm\/#breadcrumb","itemListElement":[{"@type":"ListItem","position":1,"name":"Home","item":"https:\/\/deli-home.pt\/"},{"@type":"ListItem","position":2,"name":"Produtos","item":"https:\/\/deli-home.pt\/store-2\/"},{"@type":"ListItem","position":3,"name":"Packs de 4\/6\/9\/10 Barrotes de Pinho N\u00f3rdico Tosco 200cm"}]},{"@type":"WebSite","@id":"https:\/\/deli-home.pt\/#website","url":"https:\/\/deli-home.pt\/","name":"Deli Home Iberia","description":"","publisher":{"@id":"https:\/\/deli-home.pt\/#organization"},"potentialAction":[{"@type":"SearchAction","target":{"@type":"EntryPoint","urlTemplate":"https:\/\/deli-home.pt\/?s={search_term_string}"},"query-input":{"@type":"PropertyValueSpecification","valueRequired":true,"valueName":"search_term_string"}}],"inLanguage":"es"},{"@type":"Organization","@id":"https:\/\/deli-home.pt\/#organization","name":"Deli Home Iberia","url":"https:\/\/deli-home.pt\/","logo":{"@type":"ImageObject","inLanguage":"es","@id":"https:\/\/deli-home.pt\/#\/schema\/logo\/image\/","url":"https:\/\/deli-home.pt\/wp-content\/uploads\/2024\/09\/cropped-cropped-logo-DH-png.png","contentUrl":"https:\/\/deli-home.pt\/wp-content\/uploads\/2024\/09\/cropped-cropped-logo-DH-png.png","width":1181,"height":429,"caption":"Deli Home Iberia"},"image":{"@id":"https:\/\/deli-home.pt\/#\/schema\/logo\/image\/"}}]}},"_links":{"self":[{"href":"https:\/\/deli-home.pt\/es\/wp-json\/wp\/v2\/product\/4147","targetHints":{"allow":["GET"]}}],"collection":[{"href":"https:\/\/deli-home.pt\/es\/wp-json\/wp\/v2\/product"}],"about":[{"href":"https:\/\/deli-home.pt\/es\/wp-json\/wp\/v2\/types\/product"}],"wp:featuredmedia":[{"embeddable":true,"href":"https:\/\/deli-home.pt\/es\/wp-json\/wp\/v2\/media\/4152"}],"wp:attachment":[{"href":"https:\/\/deli-home.pt\/es\/wp-json\/wp\/v2\/media?parent=4147"}],"wp:term":[{"taxonomy":"product_brand","embeddable":true,"href":"https:\/\/deli-home.pt\/es\/wp-json\/wp\/v2\/product_brand?post=4147"},{"taxonomy":"product_cat","embeddable":true,"href":"https:\/\/deli-home.pt\/es\/wp-json\/wp\/v2\/product_cat?post=4147"},{"taxonomy":"product_tag","embeddable":true,"href":"https:\/\/deli-home.pt\/es\/wp-json\/wp\/v2\/product_tag?post=4147"}],"curies":[{"name":"wp","href":"https:\/\/api.w.org\/{rel}","templated":true}]}}