{"id":2059,"date":"2024-10-09T10:00:19","date_gmt":"2024-10-09T10:00:19","guid":{"rendered":"https:\/\/deli-home.pt\/?post_type=product&#038;p=2059"},"modified":"2025-02-04T17:49:42","modified_gmt":"2025-02-04T17:49:42","slug":"bloco-porta-duplo","status":"publish","type":"product","link":"https:\/\/deli-home.pt\/es\/produtos\/bloco-porta-duplo\/","title":{"rendered":"Puerta con fijo"},"content":{"rendered":"<p>Puerta con fijo<\/p>\n<p>A porta interior mecanizada dupla \u00e9 uma adi\u00e7\u00e3o moderna e vers\u00e1til para qualquer ambiente.<\/p>\n<p>Dispon\u00edvel com acabamento branco ou carvalho, esta porta integra-se facilmente a uma variedade de estilos de decora\u00e7\u00e3o.<\/p>\n<p>A sua reversibilidade permite uma instala\u00e7\u00e3o flex\u00edvel em diferentes configura\u00e7\u00f5es de sala, com a possibilidade de abertura esquerda ou direita.<\/p>\n<p>Seja para separar ambientes ou adicionar um toque de luminosidade, podendo selecionar a op\u00e7\u00e3o de vidro, esta porta \u00e9 uma escolha pr\u00e1tica e elegante para a sua casa.<\/p>\n<p>Dispon\u00edvel em larguras de 60cm a 90cm.<\/p>","protected":false},"excerpt":{"rendered":"<p>Porta interior dupla mecanizada com fixo, revers\u00edvel, com acabamentos em branco ou carvalho.<\/p>\n<p>Op\u00e7\u00e3o com vidro, dispon\u00edvel em larguras de 60 a 90 cm.<\/p>","protected":false},"featured_media":2931,"template":"","meta":{"site-sidebar-layout":"default","site-content-layout":"","ast-site-content-layout":"default","site-content-style":"default","site-sidebar-style":"default","ast-global-header-display":"","ast-banner-title-visibility":"","ast-main-header-display":"","ast-hfb-above-header-display":"","ast-hfb-below-header-display":"","ast-hfb-mobile-header-display":"","site-post-title":"","ast-breadcrumbs-content":"","ast-featured-img":"","footer-sml-layout":"","ast-disable-related-posts":"","theme-transparent-header-meta":"default","adv-header-id-meta":"","stick-header-meta":"","header-above-stick-meta":"","header-main-stick-meta":"","header-below-stick-meta":"","astra-migrate-meta-layouts":"set","ast-page-background-enabled":"default","ast-page-background-meta":{"desktop":{"background-color":"var(--ast-global-color-4)","background-image":"","background-repeat":"repeat","background-position":"center center","background-size":"auto","background-attachment":"scroll","background-type":"","background-media":"","overlay-type":"","overlay-color":"","overlay-opacity":"","overlay-gradient":""},"tablet":{"background-color":"","background-image":"","background-repeat":"repeat","background-position":"center center","background-size":"auto","background-attachment":"scroll","background-type":"","background-media":"","overlay-type":"","overlay-color":"","overlay-opacity":"","overlay-gradient":""},"mobile":{"background-color":"","background-image":"","background-repeat":"repeat","background-position":"center center","background-size":"auto","background-attachment":"scroll","background-type":"","background-media":"","overlay-type":"","overlay-color":"","overlay-opacity":"","overlay-gradient":""}},"ast-content-background-meta":{"desktop":{"background-color":"var(--ast-global-color-5)","background-image":"","background-repeat":"repeat","background-position":"center center","background-size":"auto","background-attachment":"scroll","background-type":"","background-media":"","overlay-type":"","overlay-color":"","overlay-opacity":"","overlay-gradient":""},"tablet":{"background-color":"var(--ast-global-color-5)","background-image":"","background-repeat":"repeat","background-position":"center center","background-size":"auto","background-attachment":"scroll","background-type":"","background-media":"","overlay-type":"","overlay-color":"","overlay-opacity":"","overlay-gradient":""},"mobile":{"background-color":"var(--ast-global-color-5)","background-image":"","background-repeat":"repeat","background-position":"center center","background-size":"auto","background-attachment":"scroll","background-type":"","background-media":"","overlay-type":"","overlay-color":"","overlay-opacity":"","overlay-gradient":""}}},"product_brand":[],"product_cat":[33],"product_tag":[],"class_list":{"0":"post-2059","1":"product","2":"type-product","3":"status-publish","4":"has-post-thumbnail","6":"product_cat-portas-interiores","7":"desktop-align-left","8":"tablet-align-left","9":"mobile-align-left","11":"first","12":"instock","13":"taxable","14":"shipping-taxable","15":"purchasable","16":"product-type-variable","17":"has-default-attributes"},"yoast_head":"<!-- This site is optimized with the Yoast SEO plugin v27.5 - https:\/\/yoast.com\/product\/yoast-seo-wordpress\/ -->\n<title>Bloco de Porta Duplo - Deli Home Iberia<\/title>\n<meta name=\"description\" content=\"Porta interior dupla mecanizada com fixo, revers\u00edvel, com acabamentos em branco ou carvalho. Op\u00e7\u00e3o com vidro, dispon\u00edvel em larguras de 60 a 90 cm.\" \/>\n<meta name=\"robots\" content=\"index, follow, max-snippet:-1, max-image-preview:large, max-video-preview:-1\" \/>\n<link rel=\"canonical\" href=\"https:\/\/deli-home.pt\/es\/produtos\/bloco-porta-duplo\/\" \/>\n<meta property=\"og:locale\" content=\"es_ES\" \/>\n<meta property=\"og:type\" content=\"article\" \/>\n<meta property=\"og:title\" content=\"Bloco de Porta Duplo - Deli Home Iberia\" \/>\n<meta property=\"og:description\" content=\"Porta interior dupla mecanizada com fixo, revers\u00edvel, com acabamentos em branco ou carvalho. Op\u00e7\u00e3o com vidro, dispon\u00edvel em larguras de 60 a 90 cm.\" \/>\n<meta property=\"og:url\" content=\"https:\/\/deli-home.pt\/es\/produtos\/bloco-porta-duplo\/\" \/>\n<meta property=\"og:site_name\" content=\"Deli Home Iberia\" \/>\n<meta property=\"article:modified_time\" content=\"2025-02-04T17:49:42+00:00\" \/>\n<meta property=\"og:image\" content=\"https:\/\/deli-home.pt\/wp-content\/uploads\/2024\/10\/placeholder-bloco-de-porta-duplo.png\" \/>\n\t<meta property=\"og:image:width\" content=\"1000\" \/>\n\t<meta property=\"og:image:height\" content=\"1000\" \/>\n\t<meta property=\"og:image:type\" content=\"image\/png\" \/>\n<meta name=\"twitter:card\" content=\"summary_large_image\" \/>\n<meta name=\"twitter:label1\" content=\"Tiempo de lectura\" \/>\n\t<meta name=\"twitter:data1\" content=\"1 minuto\" \/>\n<script type=\"application\/ld+json\" class=\"yoast-schema-graph\">{\"@context\":\"https:\\\/\\\/schema.org\",\"@graph\":[{\"@type\":\"WebPage\",\"@id\":\"https:\\\/\\\/deli-home.pt\\\/produtos\\\/bloco-porta-duplo\\\/\",\"url\":\"https:\\\/\\\/deli-home.pt\\\/produtos\\\/bloco-porta-duplo\\\/\",\"name\":\"Bloco de Porta Duplo - Deli Home Iberia\",\"isPartOf\":{\"@id\":\"https:\\\/\\\/deli-home.pt\\\/#website\"},\"primaryImageOfPage\":{\"@id\":\"https:\\\/\\\/deli-home.pt\\\/produtos\\\/bloco-porta-duplo\\\/#primaryimage\"},\"image\":{\"@id\":\"https:\\\/\\\/deli-home.pt\\\/produtos\\\/bloco-porta-duplo\\\/#primaryimage\"},\"thumbnailUrl\":\"https:\\\/\\\/deli-home.pt\\\/wp-content\\\/uploads\\\/2024\\\/10\\\/placeholder-bloco-de-porta-duplo.png\",\"datePublished\":\"2024-10-09T10:00:19+00:00\",\"dateModified\":\"2025-02-04T17:49:42+00:00\",\"description\":\"Porta interior dupla mecanizada com fixo, revers\u00edvel, com acabamentos em branco ou carvalho. Op\u00e7\u00e3o com vidro, dispon\u00edvel em larguras de 60 a 90 cm.\",\"breadcrumb\":{\"@id\":\"https:\\\/\\\/deli-home.pt\\\/produtos\\\/bloco-porta-duplo\\\/#breadcrumb\"},\"inLanguage\":\"es\",\"potentialAction\":[{\"@type\":\"ReadAction\",\"target\":[\"https:\\\/\\\/deli-home.pt\\\/produtos\\\/bloco-porta-duplo\\\/\"]}]},{\"@type\":\"ImageObject\",\"inLanguage\":\"es\",\"@id\":\"https:\\\/\\\/deli-home.pt\\\/produtos\\\/bloco-porta-duplo\\\/#primaryimage\",\"url\":\"https:\\\/\\\/deli-home.pt\\\/wp-content\\\/uploads\\\/2024\\\/10\\\/placeholder-bloco-de-porta-duplo.png\",\"contentUrl\":\"https:\\\/\\\/deli-home.pt\\\/wp-content\\\/uploads\\\/2024\\\/10\\\/placeholder-bloco-de-porta-duplo.png\",\"width\":1000,\"height\":1000,\"caption\":\"Portas Interiores\"},{\"@type\":\"BreadcrumbList\",\"@id\":\"https:\\\/\\\/deli-home.pt\\\/produtos\\\/bloco-porta-duplo\\\/#breadcrumb\",\"itemListElement\":[{\"@type\":\"ListItem\",\"position\":1,\"name\":\"Home\",\"item\":\"https:\\\/\\\/deli-home.pt\\\/\"},{\"@type\":\"ListItem\",\"position\":2,\"name\":\"Produtos\",\"item\":\"https:\\\/\\\/deli-home.pt\\\/store-2\\\/\"},{\"@type\":\"ListItem\",\"position\":3,\"name\":\"Bloco de Porta Duplo\"}]},{\"@type\":\"WebSite\",\"@id\":\"https:\\\/\\\/deli-home.pt\\\/#website\",\"url\":\"https:\\\/\\\/deli-home.pt\\\/\",\"name\":\"Deli Home Iberia\",\"description\":\"\",\"publisher\":{\"@id\":\"https:\\\/\\\/deli-home.pt\\\/#organization\"},\"potentialAction\":[{\"@type\":\"SearchAction\",\"target\":{\"@type\":\"EntryPoint\",\"urlTemplate\":\"https:\\\/\\\/deli-home.pt\\\/?s={search_term_string}\"},\"query-input\":{\"@type\":\"PropertyValueSpecification\",\"valueRequired\":true,\"valueName\":\"search_term_string\"}}],\"inLanguage\":\"es\"},{\"@type\":\"Organization\",\"@id\":\"https:\\\/\\\/deli-home.pt\\\/#organization\",\"name\":\"Deli Home Iberia\",\"url\":\"https:\\\/\\\/deli-home.pt\\\/\",\"logo\":{\"@type\":\"ImageObject\",\"inLanguage\":\"es\",\"@id\":\"https:\\\/\\\/deli-home.pt\\\/#\\\/schema\\\/logo\\\/image\\\/\",\"url\":\"https:\\\/\\\/deli-home.pt\\\/wp-content\\\/uploads\\\/2024\\\/09\\\/cropped-cropped-logo-DH-png.png\",\"contentUrl\":\"https:\\\/\\\/deli-home.pt\\\/wp-content\\\/uploads\\\/2024\\\/09\\\/cropped-cropped-logo-DH-png.png\",\"width\":1181,\"height\":429,\"caption\":\"Deli Home Iberia\"},\"image\":{\"@id\":\"https:\\\/\\\/deli-home.pt\\\/#\\\/schema\\\/logo\\\/image\\\/\"}}]}<\/script>\n<!-- \/ Yoast SEO plugin. -->","yoast_head_json":{"title":"Bloco de Porta Duplo - Deli Home Iberia","description":"Porta interior dupla mecanizada com fixo, revers\u00edvel, com acabamentos em branco ou carvalho. Op\u00e7\u00e3o com vidro, dispon\u00edvel em larguras de 60 a 90 cm.","robots":{"index":"index","follow":"follow","max-snippet":"max-snippet:-1","max-image-preview":"max-image-preview:large","max-video-preview":"max-video-preview:-1"},"canonical":"https:\/\/deli-home.pt\/es\/produtos\/bloco-porta-duplo\/","og_locale":"es_ES","og_type":"article","og_title":"Bloco de Porta Duplo - Deli Home Iberia","og_description":"Porta interior dupla mecanizada com fixo, revers\u00edvel, com acabamentos em branco ou carvalho. Op\u00e7\u00e3o com vidro, dispon\u00edvel em larguras de 60 a 90 cm.","og_url":"https:\/\/deli-home.pt\/es\/produtos\/bloco-porta-duplo\/","og_site_name":"Deli Home Iberia","article_modified_time":"2025-02-04T17:49:42+00:00","og_image":[{"width":1000,"height":1000,"url":"https:\/\/deli-home.pt\/wp-content\/uploads\/2024\/10\/placeholder-bloco-de-porta-duplo.png","type":"image\/png"}],"twitter_card":"summary_large_image","twitter_misc":{"Tiempo de lectura":"1 minuto"},"schema":{"@context":"https:\/\/schema.org","@graph":[{"@type":"WebPage","@id":"https:\/\/deli-home.pt\/produtos\/bloco-porta-duplo\/","url":"https:\/\/deli-home.pt\/produtos\/bloco-porta-duplo\/","name":"Bloco de Porta Duplo - Deli Home Iberia","isPartOf":{"@id":"https:\/\/deli-home.pt\/#website"},"primaryImageOfPage":{"@id":"https:\/\/deli-home.pt\/produtos\/bloco-porta-duplo\/#primaryimage"},"image":{"@id":"https:\/\/deli-home.pt\/produtos\/bloco-porta-duplo\/#primaryimage"},"thumbnailUrl":"https:\/\/deli-home.pt\/wp-content\/uploads\/2024\/10\/placeholder-bloco-de-porta-duplo.png","datePublished":"2024-10-09T10:00:19+00:00","dateModified":"2025-02-04T17:49:42+00:00","description":"Porta interior dupla mecanizada com fixo, revers\u00edvel, com acabamentos em branco ou carvalho. Op\u00e7\u00e3o com vidro, dispon\u00edvel em larguras de 60 a 90 cm.","breadcrumb":{"@id":"https:\/\/deli-home.pt\/produtos\/bloco-porta-duplo\/#breadcrumb"},"inLanguage":"es","potentialAction":[{"@type":"ReadAction","target":["https:\/\/deli-home.pt\/produtos\/bloco-porta-duplo\/"]}]},{"@type":"ImageObject","inLanguage":"es","@id":"https:\/\/deli-home.pt\/produtos\/bloco-porta-duplo\/#primaryimage","url":"https:\/\/deli-home.pt\/wp-content\/uploads\/2024\/10\/placeholder-bloco-de-porta-duplo.png","contentUrl":"https:\/\/deli-home.pt\/wp-content\/uploads\/2024\/10\/placeholder-bloco-de-porta-duplo.png","width":1000,"height":1000,"caption":"Portas Interiores"},{"@type":"BreadcrumbList","@id":"https:\/\/deli-home.pt\/produtos\/bloco-porta-duplo\/#breadcrumb","itemListElement":[{"@type":"ListItem","position":1,"name":"Home","item":"https:\/\/deli-home.pt\/"},{"@type":"ListItem","position":2,"name":"Produtos","item":"https:\/\/deli-home.pt\/store-2\/"},{"@type":"ListItem","position":3,"name":"Bloco de Porta Duplo"}]},{"@type":"WebSite","@id":"https:\/\/deli-home.pt\/#website","url":"https:\/\/deli-home.pt\/","name":"Deli Home Iberia","description":"","publisher":{"@id":"https:\/\/deli-home.pt\/#organization"},"potentialAction":[{"@type":"SearchAction","target":{"@type":"EntryPoint","urlTemplate":"https:\/\/deli-home.pt\/?s={search_term_string}"},"query-input":{"@type":"PropertyValueSpecification","valueRequired":true,"valueName":"search_term_string"}}],"inLanguage":"es"},{"@type":"Organization","@id":"https:\/\/deli-home.pt\/#organization","name":"Deli Home Iberia","url":"https:\/\/deli-home.pt\/","logo":{"@type":"ImageObject","inLanguage":"es","@id":"https:\/\/deli-home.pt\/#\/schema\/logo\/image\/","url":"https:\/\/deli-home.pt\/wp-content\/uploads\/2024\/09\/cropped-cropped-logo-DH-png.png","contentUrl":"https:\/\/deli-home.pt\/wp-content\/uploads\/2024\/09\/cropped-cropped-logo-DH-png.png","width":1181,"height":429,"caption":"Deli Home Iberia"},"image":{"@id":"https:\/\/deli-home.pt\/#\/schema\/logo\/image\/"}}]}},"_links":{"self":[{"href":"https:\/\/deli-home.pt\/es\/wp-json\/wp\/v2\/product\/2059","targetHints":{"allow":["GET"]}}],"collection":[{"href":"https:\/\/deli-home.pt\/es\/wp-json\/wp\/v2\/product"}],"about":[{"href":"https:\/\/deli-home.pt\/es\/wp-json\/wp\/v2\/types\/product"}],"wp:featuredmedia":[{"embeddable":true,"href":"https:\/\/deli-home.pt\/es\/wp-json\/wp\/v2\/media\/2931"}],"wp:attachment":[{"href":"https:\/\/deli-home.pt\/es\/wp-json\/wp\/v2\/media?parent=2059"}],"wp:term":[{"taxonomy":"product_brand","embeddable":true,"href":"https:\/\/deli-home.pt\/es\/wp-json\/wp\/v2\/product_brand?post=2059"},{"taxonomy":"product_cat","embeddable":true,"href":"https:\/\/deli-home.pt\/es\/wp-json\/wp\/v2\/product_cat?post=2059"},{"taxonomy":"product_tag","embeddable":true,"href":"https:\/\/deli-home.pt\/es\/wp-json\/wp\/v2\/product_tag?post=2059"}],"curies":[{"name":"wp","href":"https:\/\/api.w.org\/{rel}","templated":true}]}}