{"id":1387,"date":"2024-10-02T16:09:27","date_gmt":"2024-10-02T16:09:27","guid":{"rendered":"https:\/\/deli-home.pt\/?post_type=product&#038;p=1387"},"modified":"2025-02-04T16:04:53","modified_gmt":"2025-02-04T16:04:53","slug":"tapajunta-trapezoidal-pinho","status":"publish","type":"product","link":"https:\/\/deli-home.pt\/es\/produtos\/tapajunta-trapezoidal-pinho\/","title":{"rendered":"Tapajunta trapezoidal em Pinho"},"content":{"rendered":"<p>Tapajunta trapezoidal em Pinho<\/p>\n<p>Os perfis tapa junta em pinho s\u00e3o uma solu\u00e7\u00e3o pr\u00e1tica e est\u00e9tica para acabamentos em projetos de carpintaria e constru\u00e7\u00e3o.<\/p>\n<p>Proporcionam uma maneira eficiente de cobrir as juntas entre diferentes materiais, como paredes e pisos, portas e batentes, entre outros.<\/p>\n<p>A sua tonalidade natural de pinho permite uma integra\u00e7\u00e3o suave com diversos estilos de decora\u00e7\u00e3o.<\/p>\n<p>Al\u00e9m disso, a sua instala\u00e7\u00e3o \u00e9 simples e r\u00e1pida, oferecendo um acabamento limpo e elegante aos seus espa\u00e7os.<\/p>\n<p>Dispon\u00edveis em tamanhos de 8&#215;33 mm a 12x90mm, com 240 cm de comprimento, s\u00e3o uma op\u00e7\u00e3o duradoura e elegante para os seus espa\u00e7os.<\/p>","protected":false},"excerpt":{"rendered":"<p>Tapajunta trapezoidal em pinho, ideal para cobrir juntas entre superf\u00edcies com acabamento limpo e elegante.<\/p>\n<p>Dispon\u00edvel em tamanhos de 8x33mm a 12x90mm, 240 cm.<\/p>","protected":false},"featured_media":1394,"template":"","meta":{"site-sidebar-layout":"default","site-content-layout":"","ast-site-content-layout":"default","site-content-style":"default","site-sidebar-style":"default","ast-global-header-display":"","ast-banner-title-visibility":"","ast-main-header-display":"","ast-hfb-above-header-display":"","ast-hfb-below-header-display":"","ast-hfb-mobile-header-display":"","site-post-title":"","ast-breadcrumbs-content":"","ast-featured-img":"","footer-sml-layout":"","ast-disable-related-posts":"","theme-transparent-header-meta":"default","adv-header-id-meta":"","stick-header-meta":"","header-above-stick-meta":"","header-main-stick-meta":"","header-below-stick-meta":"","astra-migrate-meta-layouts":"set","ast-page-background-enabled":"default","ast-page-background-meta":{"desktop":{"background-color":"var(--ast-global-color-4)","background-image":"","background-repeat":"repeat","background-position":"center center","background-size":"auto","background-attachment":"scroll","background-type":"","background-media":"","overlay-type":"","overlay-color":"","overlay-opacity":"","overlay-gradient":""},"tablet":{"background-color":"","background-image":"","background-repeat":"repeat","background-position":"center center","background-size":"auto","background-attachment":"scroll","background-type":"","background-media":"","overlay-type":"","overlay-color":"","overlay-opacity":"","overlay-gradient":""},"mobile":{"background-color":"","background-image":"","background-repeat":"repeat","background-position":"center center","background-size":"auto","background-attachment":"scroll","background-type":"","background-media":"","overlay-type":"","overlay-color":"","overlay-opacity":"","overlay-gradient":""}},"ast-content-background-meta":{"desktop":{"background-color":"var(--ast-global-color-5)","background-image":"","background-repeat":"repeat","background-position":"center center","background-size":"auto","background-attachment":"scroll","background-type":"","background-media":"","overlay-type":"","overlay-color":"","overlay-opacity":"","overlay-gradient":""},"tablet":{"background-color":"var(--ast-global-color-5)","background-image":"","background-repeat":"repeat","background-position":"center center","background-size":"auto","background-attachment":"scroll","background-type":"","background-media":"","overlay-type":"","overlay-color":"","overlay-opacity":"","overlay-gradient":""},"mobile":{"background-color":"var(--ast-global-color-5)","background-image":"","background-repeat":"repeat","background-position":"center center","background-size":"auto","background-attachment":"scroll","background-type":"","background-media":"","overlay-type":"","overlay-color":"","overlay-opacity":"","overlay-gradient":""}}},"product_brand":[],"product_cat":[20,41],"product_tag":[],"class_list":{"0":"post-1387","1":"product","2":"type-product","3":"status-publish","4":"has-post-thumbnail","6":"product_cat-perfis","7":"product_cat-tapajuntas","8":"desktop-align-left","9":"tablet-align-left","10":"mobile-align-left","12":"first","13":"instock","14":"taxable","15":"shipping-taxable","16":"purchasable","17":"product-type-variable"},"yoast_head":"<!-- This site is optimized with the Yoast SEO plugin v27.5 - https:\/\/yoast.com\/product\/yoast-seo-wordpress\/ -->\n<title>Tapajunta trapezoidal em Pinho - Deli Home Iberia<\/title>\n<meta name=\"description\" content=\"Tapajunta trapezoidal em pinho, ideal para cobrir juntas entre superf\u00edcies com acabamento limpo e elegante. Dispon\u00edvel em tamanhos de 8x33mm a 12x90mm, 240 cm.\" \/>\n<meta name=\"robots\" content=\"index, follow, max-snippet:-1, max-image-preview:large, max-video-preview:-1\" \/>\n<link rel=\"canonical\" href=\"https:\/\/deli-home.pt\/es\/produtos\/tapajunta-trapezoidal-pinho\/\" \/>\n<meta property=\"og:locale\" content=\"es_ES\" \/>\n<meta property=\"og:type\" content=\"article\" \/>\n<meta property=\"og:title\" content=\"Tapajunta trapezoidal em Pinho - Deli Home Iberia\" \/>\n<meta property=\"og:description\" content=\"Tapajunta trapezoidal em pinho, ideal para cobrir juntas entre superf\u00edcies com acabamento limpo e elegante. Dispon\u00edvel em tamanhos de 8x33mm a 12x90mm, 240 cm.\" \/>\n<meta property=\"og:url\" content=\"https:\/\/deli-home.pt\/es\/produtos\/tapajunta-trapezoidal-pinho\/\" \/>\n<meta property=\"og:site_name\" content=\"Deli Home Iberia\" \/>\n<meta property=\"article:modified_time\" content=\"2025-02-04T16:04:53+00:00\" \/>\n<meta property=\"og:image\" content=\"https:\/\/deli-home.pt\/wp-content\/uploads\/2024\/10\/5600437704462.jpg\" \/>\n\t<meta property=\"og:image:width\" content=\"1000\" \/>\n\t<meta property=\"og:image:height\" content=\"1000\" \/>\n\t<meta property=\"og:image:type\" content=\"image\/jpeg\" \/>\n<meta name=\"twitter:card\" content=\"summary_large_image\" \/>\n<meta name=\"twitter:label1\" content=\"Tiempo de lectura\" \/>\n\t<meta name=\"twitter:data1\" content=\"1 minuto\" \/>\n<script type=\"application\/ld+json\" class=\"yoast-schema-graph\">{\"@context\":\"https:\\\/\\\/schema.org\",\"@graph\":[{\"@type\":\"WebPage\",\"@id\":\"https:\\\/\\\/deli-home.pt\\\/produtos\\\/tapajunta-trapezoidal-pinho\\\/\",\"url\":\"https:\\\/\\\/deli-home.pt\\\/produtos\\\/tapajunta-trapezoidal-pinho\\\/\",\"name\":\"Tapajunta trapezoidal em Pinho - Deli Home Iberia\",\"isPartOf\":{\"@id\":\"https:\\\/\\\/deli-home.pt\\\/#website\"},\"primaryImageOfPage\":{\"@id\":\"https:\\\/\\\/deli-home.pt\\\/produtos\\\/tapajunta-trapezoidal-pinho\\\/#primaryimage\"},\"image\":{\"@id\":\"https:\\\/\\\/deli-home.pt\\\/produtos\\\/tapajunta-trapezoidal-pinho\\\/#primaryimage\"},\"thumbnailUrl\":\"https:\\\/\\\/deli-home.pt\\\/wp-content\\\/uploads\\\/2024\\\/10\\\/5600437704462.jpg\",\"datePublished\":\"2024-10-02T16:09:27+00:00\",\"dateModified\":\"2025-02-04T16:04:53+00:00\",\"description\":\"Tapajunta trapezoidal em pinho, ideal para cobrir juntas entre superf\u00edcies com acabamento limpo e elegante. Dispon\u00edvel em tamanhos de 8x33mm a 12x90mm, 240 cm.\",\"breadcrumb\":{\"@id\":\"https:\\\/\\\/deli-home.pt\\\/produtos\\\/tapajunta-trapezoidal-pinho\\\/#breadcrumb\"},\"inLanguage\":\"es\",\"potentialAction\":[{\"@type\":\"ReadAction\",\"target\":[\"https:\\\/\\\/deli-home.pt\\\/produtos\\\/tapajunta-trapezoidal-pinho\\\/\"]}]},{\"@type\":\"ImageObject\",\"inLanguage\":\"es\",\"@id\":\"https:\\\/\\\/deli-home.pt\\\/produtos\\\/tapajunta-trapezoidal-pinho\\\/#primaryimage\",\"url\":\"https:\\\/\\\/deli-home.pt\\\/wp-content\\\/uploads\\\/2024\\\/10\\\/5600437704462.jpg\",\"contentUrl\":\"https:\\\/\\\/deli-home.pt\\\/wp-content\\\/uploads\\\/2024\\\/10\\\/5600437704462.jpg\",\"width\":1000,\"height\":1000,\"caption\":\"10229-24\"},{\"@type\":\"BreadcrumbList\",\"@id\":\"https:\\\/\\\/deli-home.pt\\\/produtos\\\/tapajunta-trapezoidal-pinho\\\/#breadcrumb\",\"itemListElement\":[{\"@type\":\"ListItem\",\"position\":1,\"name\":\"Home\",\"item\":\"https:\\\/\\\/deli-home.pt\\\/\"},{\"@type\":\"ListItem\",\"position\":2,\"name\":\"Produtos\",\"item\":\"https:\\\/\\\/deli-home.pt\\\/store-2\\\/\"},{\"@type\":\"ListItem\",\"position\":3,\"name\":\"Tapajunta trapezoidal em Pinho\"}]},{\"@type\":\"WebSite\",\"@id\":\"https:\\\/\\\/deli-home.pt\\\/#website\",\"url\":\"https:\\\/\\\/deli-home.pt\\\/\",\"name\":\"Deli Home Iberia\",\"description\":\"\",\"publisher\":{\"@id\":\"https:\\\/\\\/deli-home.pt\\\/#organization\"},\"potentialAction\":[{\"@type\":\"SearchAction\",\"target\":{\"@type\":\"EntryPoint\",\"urlTemplate\":\"https:\\\/\\\/deli-home.pt\\\/?s={search_term_string}\"},\"query-input\":{\"@type\":\"PropertyValueSpecification\",\"valueRequired\":true,\"valueName\":\"search_term_string\"}}],\"inLanguage\":\"es\"},{\"@type\":\"Organization\",\"@id\":\"https:\\\/\\\/deli-home.pt\\\/#organization\",\"name\":\"Deli Home Iberia\",\"url\":\"https:\\\/\\\/deli-home.pt\\\/\",\"logo\":{\"@type\":\"ImageObject\",\"inLanguage\":\"es\",\"@id\":\"https:\\\/\\\/deli-home.pt\\\/#\\\/schema\\\/logo\\\/image\\\/\",\"url\":\"https:\\\/\\\/deli-home.pt\\\/wp-content\\\/uploads\\\/2024\\\/09\\\/cropped-cropped-logo-DH-png.png\",\"contentUrl\":\"https:\\\/\\\/deli-home.pt\\\/wp-content\\\/uploads\\\/2024\\\/09\\\/cropped-cropped-logo-DH-png.png\",\"width\":1181,\"height\":429,\"caption\":\"Deli Home Iberia\"},\"image\":{\"@id\":\"https:\\\/\\\/deli-home.pt\\\/#\\\/schema\\\/logo\\\/image\\\/\"}}]}<\/script>\n<!-- \/ Yoast SEO plugin. -->","yoast_head_json":{"title":"Tapajunta trapezoidal em Pinho - Deli Home Iberia","description":"Tapajunta trapezoidal em pinho, ideal para cobrir juntas entre superf\u00edcies com acabamento limpo e elegante. Dispon\u00edvel em tamanhos de 8x33mm a 12x90mm, 240 cm.","robots":{"index":"index","follow":"follow","max-snippet":"max-snippet:-1","max-image-preview":"max-image-preview:large","max-video-preview":"max-video-preview:-1"},"canonical":"https:\/\/deli-home.pt\/es\/produtos\/tapajunta-trapezoidal-pinho\/","og_locale":"es_ES","og_type":"article","og_title":"Tapajunta trapezoidal em Pinho - Deli Home Iberia","og_description":"Tapajunta trapezoidal em pinho, ideal para cobrir juntas entre superf\u00edcies com acabamento limpo e elegante. Dispon\u00edvel em tamanhos de 8x33mm a 12x90mm, 240 cm.","og_url":"https:\/\/deli-home.pt\/es\/produtos\/tapajunta-trapezoidal-pinho\/","og_site_name":"Deli Home Iberia","article_modified_time":"2025-02-04T16:04:53+00:00","og_image":[{"width":1000,"height":1000,"url":"https:\/\/deli-home.pt\/wp-content\/uploads\/2024\/10\/5600437704462.jpg","type":"image\/jpeg"}],"twitter_card":"summary_large_image","twitter_misc":{"Tiempo de lectura":"1 minuto"},"schema":{"@context":"https:\/\/schema.org","@graph":[{"@type":"WebPage","@id":"https:\/\/deli-home.pt\/produtos\/tapajunta-trapezoidal-pinho\/","url":"https:\/\/deli-home.pt\/produtos\/tapajunta-trapezoidal-pinho\/","name":"Tapajunta trapezoidal em Pinho - Deli Home Iberia","isPartOf":{"@id":"https:\/\/deli-home.pt\/#website"},"primaryImageOfPage":{"@id":"https:\/\/deli-home.pt\/produtos\/tapajunta-trapezoidal-pinho\/#primaryimage"},"image":{"@id":"https:\/\/deli-home.pt\/produtos\/tapajunta-trapezoidal-pinho\/#primaryimage"},"thumbnailUrl":"https:\/\/deli-home.pt\/wp-content\/uploads\/2024\/10\/5600437704462.jpg","datePublished":"2024-10-02T16:09:27+00:00","dateModified":"2025-02-04T16:04:53+00:00","description":"Tapajunta trapezoidal em pinho, ideal para cobrir juntas entre superf\u00edcies com acabamento limpo e elegante. Dispon\u00edvel em tamanhos de 8x33mm a 12x90mm, 240 cm.","breadcrumb":{"@id":"https:\/\/deli-home.pt\/produtos\/tapajunta-trapezoidal-pinho\/#breadcrumb"},"inLanguage":"es","potentialAction":[{"@type":"ReadAction","target":["https:\/\/deli-home.pt\/produtos\/tapajunta-trapezoidal-pinho\/"]}]},{"@type":"ImageObject","inLanguage":"es","@id":"https:\/\/deli-home.pt\/produtos\/tapajunta-trapezoidal-pinho\/#primaryimage","url":"https:\/\/deli-home.pt\/wp-content\/uploads\/2024\/10\/5600437704462.jpg","contentUrl":"https:\/\/deli-home.pt\/wp-content\/uploads\/2024\/10\/5600437704462.jpg","width":1000,"height":1000,"caption":"10229-24"},{"@type":"BreadcrumbList","@id":"https:\/\/deli-home.pt\/produtos\/tapajunta-trapezoidal-pinho\/#breadcrumb","itemListElement":[{"@type":"ListItem","position":1,"name":"Home","item":"https:\/\/deli-home.pt\/"},{"@type":"ListItem","position":2,"name":"Produtos","item":"https:\/\/deli-home.pt\/store-2\/"},{"@type":"ListItem","position":3,"name":"Tapajunta trapezoidal em Pinho"}]},{"@type":"WebSite","@id":"https:\/\/deli-home.pt\/#website","url":"https:\/\/deli-home.pt\/","name":"Deli Home Iberia","description":"","publisher":{"@id":"https:\/\/deli-home.pt\/#organization"},"potentialAction":[{"@type":"SearchAction","target":{"@type":"EntryPoint","urlTemplate":"https:\/\/deli-home.pt\/?s={search_term_string}"},"query-input":{"@type":"PropertyValueSpecification","valueRequired":true,"valueName":"search_term_string"}}],"inLanguage":"es"},{"@type":"Organization","@id":"https:\/\/deli-home.pt\/#organization","name":"Deli Home Iberia","url":"https:\/\/deli-home.pt\/","logo":{"@type":"ImageObject","inLanguage":"es","@id":"https:\/\/deli-home.pt\/#\/schema\/logo\/image\/","url":"https:\/\/deli-home.pt\/wp-content\/uploads\/2024\/09\/cropped-cropped-logo-DH-png.png","contentUrl":"https:\/\/deli-home.pt\/wp-content\/uploads\/2024\/09\/cropped-cropped-logo-DH-png.png","width":1181,"height":429,"caption":"Deli Home Iberia"},"image":{"@id":"https:\/\/deli-home.pt\/#\/schema\/logo\/image\/"}}]}},"_links":{"self":[{"href":"https:\/\/deli-home.pt\/es\/wp-json\/wp\/v2\/product\/1387","targetHints":{"allow":["GET"]}}],"collection":[{"href":"https:\/\/deli-home.pt\/es\/wp-json\/wp\/v2\/product"}],"about":[{"href":"https:\/\/deli-home.pt\/es\/wp-json\/wp\/v2\/types\/product"}],"wp:featuredmedia":[{"embeddable":true,"href":"https:\/\/deli-home.pt\/es\/wp-json\/wp\/v2\/media\/1394"}],"wp:attachment":[{"href":"https:\/\/deli-home.pt\/es\/wp-json\/wp\/v2\/media?parent=1387"}],"wp:term":[{"taxonomy":"product_brand","embeddable":true,"href":"https:\/\/deli-home.pt\/es\/wp-json\/wp\/v2\/product_brand?post=1387"},{"taxonomy":"product_cat","embeddable":true,"href":"https:\/\/deli-home.pt\/es\/wp-json\/wp\/v2\/product_cat?post=1387"},{"taxonomy":"product_tag","embeddable":true,"href":"https:\/\/deli-home.pt\/es\/wp-json\/wp\/v2\/product_tag?post=1387"}],"curies":[{"name":"wp","href":"https:\/\/api.w.org\/{rel}","templated":true}]}}