{"id":10611,"date":"2025-12-16T14:54:46","date_gmt":"2025-12-16T14:54:46","guid":{"rendered":"https:\/\/deli-home.pt\/?post_type=product&#038;p=10611"},"modified":"2025-12-16T14:56:11","modified_gmt":"2025-12-16T14:56:11","slug":"porta-exterior-de-pvc-sevilhana-vidro-fosco-esquerda-2000x900","status":"publish","type":"product","link":"https:\/\/deli-home.pt\/es\/produtos\/porta-exterior-de-pvc-sevilhana-vidro-fosco-esquerda-2000x900\/","title":{"rendered":"Porta Exterior de PVC Sevilhana Vidro Fosco Esquerda 2000&#215;900"},"content":{"rendered":"<p data-path-to-node=\"2\">Porta Exterior de PVC Sevilhana Vidro Fosco Esquerda 2000&#215;900<\/p>\n<p data-path-to-node=\"2\">A porta de entrada Sevilhana apresenta um design robusto e seguro, perfeito para garantir a prote\u00e7\u00e3o e o isolamento t\u00e9rmico da sua resid\u00eancia.<\/p>\n<p data-path-to-node=\"2\">Com um perfil de PVC refor\u00e7ado, oferece durabilidade e resist\u00eancia, enquanto o n\u00facleo interno de espuma de poliuretano proporciona excelente isolamento t\u00e9rmico.<\/p>\n<p data-path-to-node=\"2\">Equipada com uma fechadura de seguran\u00e7a de 5 pontos, garante prote\u00e7\u00e3o total, contando ainda com vidro martelado que permite a entrada de luz e total privacidade.<\/p>\n<p data-path-to-node=\"2\">As dobradi\u00e7as de seguran\u00e7a garantem uma instala\u00e7\u00e3o firme e confi\u00e1vel, enquanto o puxador duplo em PVC proporciona praticidade e estilo.<\/p>\n<p data-path-to-node=\"2\">Al\u00e9m disso, a inclus\u00e3o de uma soleira em alum\u00ednio ajuda a evitar o desgaste e a prolongar a vida \u00fatil da porta.<\/p>\n<p data-path-to-node=\"2\">Com qualidade certificada, esta porta \u00e9 uma escolha confi\u00e1vel para garantir a seguran\u00e7a e o conforto da sua casa.<\/p>","protected":false},"excerpt":{"rendered":"<p>A porta de entrada Sevilhana branca apresenta um design robusto e seguro garantindo a prote\u00e7\u00e3o e o isolamento t\u00e9rmico da sua resid\u00eancia.<\/p>\n<p>Com perfil de PVC refor\u00e7ado e n\u00facleo interno de espuma de poliuretano oferece durabilidade e excelente isolamento t\u00e9rmico.<\/p>\n<p>Equipada com fechadura de seguran\u00e7a de 5 pontos inclui vidro fosco que permite a entrada de luz com total privacidade.<\/p>\n<p><a href=\"https:\/\/youtu.be\/Sd0H1qhz6PI?si=sXw5uUNlkLFLg_nl\" target=\"_blank\" rel=\"noopener\">Instala\u00e7\u00e3o de Portas de PVC (Portugu\u00eas) <\/a><\/p>\n<p><a href=\"https:\/\/deli-home.pt\/wp-content\/uploads\/2025\/12\/ES-e-PT-Manual-de-instrucoes-Portas-PVC-24.11.25.pdf\" target=\"_blank\" rel=\"noopener\">Manual de Instru\u00e7\u00f5es &#8211; Portas de PVC (Portugu\u00eas)<\/a><\/p>\n<p><strong>EAN: 5600437713235<\/strong><\/p>","protected":false},"featured_media":9731,"template":"","meta":{"site-sidebar-layout":"default","site-content-layout":"","ast-site-content-layout":"default","site-content-style":"default","site-sidebar-style":"default","ast-global-header-display":"","ast-banner-title-visibility":"","ast-main-header-display":"","ast-hfb-above-header-display":"","ast-hfb-below-header-display":"","ast-hfb-mobile-header-display":"","site-post-title":"","ast-breadcrumbs-content":"","ast-featured-img":"","footer-sml-layout":"","ast-disable-related-posts":"","theme-transparent-header-meta":"default","adv-header-id-meta":"","stick-header-meta":"","header-above-stick-meta":"","header-main-stick-meta":"","header-below-stick-meta":"","astra-migrate-meta-layouts":"set","ast-page-background-enabled":"default","ast-page-background-meta":{"desktop":{"background-color":"var(--ast-global-color-4)","background-image":"","background-repeat":"repeat","background-position":"center center","background-size":"auto","background-attachment":"scroll","background-type":"","background-media":"","overlay-type":"","overlay-color":"","overlay-opacity":"","overlay-gradient":""},"tablet":{"background-color":"","background-image":"","background-repeat":"repeat","background-position":"center center","background-size":"auto","background-attachment":"scroll","background-type":"","background-media":"","overlay-type":"","overlay-color":"","overlay-opacity":"","overlay-gradient":""},"mobile":{"background-color":"","background-image":"","background-repeat":"repeat","background-position":"center center","background-size":"auto","background-attachment":"scroll","background-type":"","background-media":"","overlay-type":"","overlay-color":"","overlay-opacity":"","overlay-gradient":""}},"ast-content-background-meta":{"desktop":{"background-color":"var(--ast-global-color-5)","background-image":"","background-repeat":"repeat","background-position":"center center","background-size":"auto","background-attachment":"scroll","background-type":"","background-media":"","overlay-type":"","overlay-color":"","overlay-opacity":"","overlay-gradient":""},"tablet":{"background-color":"var(--ast-global-color-5)","background-image":"","background-repeat":"repeat","background-position":"center center","background-size":"auto","background-attachment":"scroll","background-type":"","background-media":"","overlay-type":"","overlay-color":"","overlay-opacity":"","overlay-gradient":""},"mobile":{"background-color":"var(--ast-global-color-5)","background-image":"","background-repeat":"repeat","background-position":"center center","background-size":"auto","background-attachment":"scroll","background-type":"","background-media":"","overlay-type":"","overlay-color":"","overlay-opacity":"","overlay-gradient":""}}},"product_brand":[],"product_cat":[72,73],"product_tag":[],"class_list":{"0":"post-10611","1":"product","2":"type-product","3":"status-publish","4":"has-post-thumbnail","6":"product_cat-linha-pvc","7":"product_cat-portas-pvc-linha-pvc","8":"desktop-align-left","9":"tablet-align-left","10":"mobile-align-left","12":"first","13":"instock","14":"taxable","15":"shipping-taxable","16":"product-type-simple"},"yoast_head":"<!-- This site is optimized with the Yoast SEO plugin v27.5 - https:\/\/yoast.com\/product\/yoast-seo-wordpress\/ -->\n<title>Porta Exterior de PVC Sevilhana Vidro Fosco Esquerda 2000x900<\/title>\n<meta name=\"description\" content=\"Porta Exterior de PVC Sevilhana Vidro Fosco Esquerda 2000x900. Oferece isolamento t\u00e9rmico, fechadura de 5 pontos e luz natural com total privacidade.\" \/>\n<meta name=\"robots\" content=\"index, follow, max-snippet:-1, max-image-preview:large, max-video-preview:-1\" \/>\n<link rel=\"canonical\" href=\"https:\/\/deli-home.pt\/es\/produtos\/porta-exterior-de-pvc-sevilhana-vidro-fosco-esquerda-2000x900\/\" \/>\n<meta property=\"og:locale\" content=\"es_ES\" \/>\n<meta property=\"og:type\" content=\"article\" \/>\n<meta property=\"og:title\" content=\"Porta Exterior de PVC Sevilhana Vidro Fosco Esquerda 2000x900\" \/>\n<meta property=\"og:description\" content=\"Porta Exterior de PVC Sevilhana Vidro Fosco Esquerda 2000x900. Oferece isolamento t\u00e9rmico, fechadura de 5 pontos e luz natural com total privacidade.\" \/>\n<meta property=\"og:url\" content=\"https:\/\/deli-home.pt\/es\/produtos\/porta-exterior-de-pvc-sevilhana-vidro-fosco-esquerda-2000x900\/\" \/>\n<meta property=\"og:site_name\" content=\"Deli Home Iberia\" \/>\n<meta property=\"article:modified_time\" content=\"2025-12-16T14:56:11+00:00\" \/>\n<meta property=\"og:image\" content=\"https:\/\/deli-home.pt\/wp-content\/uploads\/2025\/01\/5600437713235.jpg\" \/>\n\t<meta property=\"og:image:width\" content=\"1000\" \/>\n\t<meta property=\"og:image:height\" content=\"1000\" \/>\n\t<meta property=\"og:image:type\" content=\"image\/jpeg\" \/>\n<meta name=\"twitter:card\" content=\"summary_large_image\" \/>\n<meta name=\"twitter:label1\" content=\"Tiempo de lectura\" \/>\n\t<meta name=\"twitter:data1\" content=\"1 minuto\" \/>\n<script type=\"application\/ld+json\" class=\"yoast-schema-graph\">{\"@context\":\"https:\\\/\\\/schema.org\",\"@graph\":[{\"@type\":\"WebPage\",\"@id\":\"https:\\\/\\\/deli-home.pt\\\/produtos\\\/porta-exterior-de-pvc-sevilhana-vidro-fosco-esquerda-2000x900\\\/\",\"url\":\"https:\\\/\\\/deli-home.pt\\\/produtos\\\/porta-exterior-de-pvc-sevilhana-vidro-fosco-esquerda-2000x900\\\/\",\"name\":\"Porta Exterior de PVC Sevilhana Vidro Fosco Esquerda 2000x900\",\"isPartOf\":{\"@id\":\"https:\\\/\\\/deli-home.pt\\\/#website\"},\"primaryImageOfPage\":{\"@id\":\"https:\\\/\\\/deli-home.pt\\\/produtos\\\/porta-exterior-de-pvc-sevilhana-vidro-fosco-esquerda-2000x900\\\/#primaryimage\"},\"image\":{\"@id\":\"https:\\\/\\\/deli-home.pt\\\/produtos\\\/porta-exterior-de-pvc-sevilhana-vidro-fosco-esquerda-2000x900\\\/#primaryimage\"},\"thumbnailUrl\":\"https:\\\/\\\/deli-home.pt\\\/wp-content\\\/uploads\\\/2025\\\/01\\\/5600437713235.jpg\",\"datePublished\":\"2025-12-16T14:54:46+00:00\",\"dateModified\":\"2025-12-16T14:56:11+00:00\",\"description\":\"Porta Exterior de PVC Sevilhana Vidro Fosco Esquerda 2000x900. Oferece isolamento t\u00e9rmico, fechadura de 5 pontos e luz natural com total privacidade.\",\"breadcrumb\":{\"@id\":\"https:\\\/\\\/deli-home.pt\\\/produtos\\\/porta-exterior-de-pvc-sevilhana-vidro-fosco-esquerda-2000x900\\\/#breadcrumb\"},\"inLanguage\":\"es\",\"potentialAction\":[{\"@type\":\"ReadAction\",\"target\":[\"https:\\\/\\\/deli-home.pt\\\/produtos\\\/porta-exterior-de-pvc-sevilhana-vidro-fosco-esquerda-2000x900\\\/\"]}]},{\"@type\":\"ImageObject\",\"inLanguage\":\"es\",\"@id\":\"https:\\\/\\\/deli-home.pt\\\/produtos\\\/porta-exterior-de-pvc-sevilhana-vidro-fosco-esquerda-2000x900\\\/#primaryimage\",\"url\":\"https:\\\/\\\/deli-home.pt\\\/wp-content\\\/uploads\\\/2025\\\/01\\\/5600437713235.jpg\",\"contentUrl\":\"https:\\\/\\\/deli-home.pt\\\/wp-content\\\/uploads\\\/2025\\\/01\\\/5600437713235.jpg\",\"width\":1000,\"height\":1000,\"caption\":\"10229-24\"},{\"@type\":\"BreadcrumbList\",\"@id\":\"https:\\\/\\\/deli-home.pt\\\/produtos\\\/porta-exterior-de-pvc-sevilhana-vidro-fosco-esquerda-2000x900\\\/#breadcrumb\",\"itemListElement\":[{\"@type\":\"ListItem\",\"position\":1,\"name\":\"Home\",\"item\":\"https:\\\/\\\/deli-home.pt\\\/\"},{\"@type\":\"ListItem\",\"position\":2,\"name\":\"Produtos\",\"item\":\"https:\\\/\\\/deli-home.pt\\\/store-2\\\/\"},{\"@type\":\"ListItem\",\"position\":3,\"name\":\"Porta Exterior de PVC Sevilhana Vidro Fosco Esquerda 2000&#215;900\"}]},{\"@type\":\"WebSite\",\"@id\":\"https:\\\/\\\/deli-home.pt\\\/#website\",\"url\":\"https:\\\/\\\/deli-home.pt\\\/\",\"name\":\"Deli Home Iberia\",\"description\":\"\",\"publisher\":{\"@id\":\"https:\\\/\\\/deli-home.pt\\\/#organization\"},\"potentialAction\":[{\"@type\":\"SearchAction\",\"target\":{\"@type\":\"EntryPoint\",\"urlTemplate\":\"https:\\\/\\\/deli-home.pt\\\/?s={search_term_string}\"},\"query-input\":{\"@type\":\"PropertyValueSpecification\",\"valueRequired\":true,\"valueName\":\"search_term_string\"}}],\"inLanguage\":\"es\"},{\"@type\":\"Organization\",\"@id\":\"https:\\\/\\\/deli-home.pt\\\/#organization\",\"name\":\"Deli Home Iberia\",\"url\":\"https:\\\/\\\/deli-home.pt\\\/\",\"logo\":{\"@type\":\"ImageObject\",\"inLanguage\":\"es\",\"@id\":\"https:\\\/\\\/deli-home.pt\\\/#\\\/schema\\\/logo\\\/image\\\/\",\"url\":\"https:\\\/\\\/deli-home.pt\\\/wp-content\\\/uploads\\\/2024\\\/09\\\/cropped-cropped-logo-DH-png.png\",\"contentUrl\":\"https:\\\/\\\/deli-home.pt\\\/wp-content\\\/uploads\\\/2024\\\/09\\\/cropped-cropped-logo-DH-png.png\",\"width\":1181,\"height\":429,\"caption\":\"Deli Home Iberia\"},\"image\":{\"@id\":\"https:\\\/\\\/deli-home.pt\\\/#\\\/schema\\\/logo\\\/image\\\/\"}}]}<\/script>\n<!-- \/ Yoast SEO plugin. -->","yoast_head_json":{"title":"Porta Exterior de PVC Sevilhana Vidro Fosco Esquerda 2000x900","description":"Porta Exterior de PVC Sevilhana Vidro Fosco Esquerda 2000x900. Oferece isolamento t\u00e9rmico, fechadura de 5 pontos e luz natural com total privacidade.","robots":{"index":"index","follow":"follow","max-snippet":"max-snippet:-1","max-image-preview":"max-image-preview:large","max-video-preview":"max-video-preview:-1"},"canonical":"https:\/\/deli-home.pt\/es\/produtos\/porta-exterior-de-pvc-sevilhana-vidro-fosco-esquerda-2000x900\/","og_locale":"es_ES","og_type":"article","og_title":"Porta Exterior de PVC Sevilhana Vidro Fosco Esquerda 2000x900","og_description":"Porta Exterior de PVC Sevilhana Vidro Fosco Esquerda 2000x900. Oferece isolamento t\u00e9rmico, fechadura de 5 pontos e luz natural com total privacidade.","og_url":"https:\/\/deli-home.pt\/es\/produtos\/porta-exterior-de-pvc-sevilhana-vidro-fosco-esquerda-2000x900\/","og_site_name":"Deli Home Iberia","article_modified_time":"2025-12-16T14:56:11+00:00","og_image":[{"width":1000,"height":1000,"url":"https:\/\/deli-home.pt\/wp-content\/uploads\/2025\/01\/5600437713235.jpg","type":"image\/jpeg"}],"twitter_card":"summary_large_image","twitter_misc":{"Tiempo de lectura":"1 minuto"},"schema":{"@context":"https:\/\/schema.org","@graph":[{"@type":"WebPage","@id":"https:\/\/deli-home.pt\/produtos\/porta-exterior-de-pvc-sevilhana-vidro-fosco-esquerda-2000x900\/","url":"https:\/\/deli-home.pt\/produtos\/porta-exterior-de-pvc-sevilhana-vidro-fosco-esquerda-2000x900\/","name":"Porta Exterior de PVC Sevilhana Vidro Fosco Esquerda 2000x900","isPartOf":{"@id":"https:\/\/deli-home.pt\/#website"},"primaryImageOfPage":{"@id":"https:\/\/deli-home.pt\/produtos\/porta-exterior-de-pvc-sevilhana-vidro-fosco-esquerda-2000x900\/#primaryimage"},"image":{"@id":"https:\/\/deli-home.pt\/produtos\/porta-exterior-de-pvc-sevilhana-vidro-fosco-esquerda-2000x900\/#primaryimage"},"thumbnailUrl":"https:\/\/deli-home.pt\/wp-content\/uploads\/2025\/01\/5600437713235.jpg","datePublished":"2025-12-16T14:54:46+00:00","dateModified":"2025-12-16T14:56:11+00:00","description":"Porta Exterior de PVC Sevilhana Vidro Fosco Esquerda 2000x900. Oferece isolamento t\u00e9rmico, fechadura de 5 pontos e luz natural com total privacidade.","breadcrumb":{"@id":"https:\/\/deli-home.pt\/produtos\/porta-exterior-de-pvc-sevilhana-vidro-fosco-esquerda-2000x900\/#breadcrumb"},"inLanguage":"es","potentialAction":[{"@type":"ReadAction","target":["https:\/\/deli-home.pt\/produtos\/porta-exterior-de-pvc-sevilhana-vidro-fosco-esquerda-2000x900\/"]}]},{"@type":"ImageObject","inLanguage":"es","@id":"https:\/\/deli-home.pt\/produtos\/porta-exterior-de-pvc-sevilhana-vidro-fosco-esquerda-2000x900\/#primaryimage","url":"https:\/\/deli-home.pt\/wp-content\/uploads\/2025\/01\/5600437713235.jpg","contentUrl":"https:\/\/deli-home.pt\/wp-content\/uploads\/2025\/01\/5600437713235.jpg","width":1000,"height":1000,"caption":"10229-24"},{"@type":"BreadcrumbList","@id":"https:\/\/deli-home.pt\/produtos\/porta-exterior-de-pvc-sevilhana-vidro-fosco-esquerda-2000x900\/#breadcrumb","itemListElement":[{"@type":"ListItem","position":1,"name":"Home","item":"https:\/\/deli-home.pt\/"},{"@type":"ListItem","position":2,"name":"Produtos","item":"https:\/\/deli-home.pt\/store-2\/"},{"@type":"ListItem","position":3,"name":"Porta Exterior de PVC Sevilhana Vidro Fosco Esquerda 2000&#215;900"}]},{"@type":"WebSite","@id":"https:\/\/deli-home.pt\/#website","url":"https:\/\/deli-home.pt\/","name":"Deli Home Iberia","description":"","publisher":{"@id":"https:\/\/deli-home.pt\/#organization"},"potentialAction":[{"@type":"SearchAction","target":{"@type":"EntryPoint","urlTemplate":"https:\/\/deli-home.pt\/?s={search_term_string}"},"query-input":{"@type":"PropertyValueSpecification","valueRequired":true,"valueName":"search_term_string"}}],"inLanguage":"es"},{"@type":"Organization","@id":"https:\/\/deli-home.pt\/#organization","name":"Deli Home Iberia","url":"https:\/\/deli-home.pt\/","logo":{"@type":"ImageObject","inLanguage":"es","@id":"https:\/\/deli-home.pt\/#\/schema\/logo\/image\/","url":"https:\/\/deli-home.pt\/wp-content\/uploads\/2024\/09\/cropped-cropped-logo-DH-png.png","contentUrl":"https:\/\/deli-home.pt\/wp-content\/uploads\/2024\/09\/cropped-cropped-logo-DH-png.png","width":1181,"height":429,"caption":"Deli Home Iberia"},"image":{"@id":"https:\/\/deli-home.pt\/#\/schema\/logo\/image\/"}}]}},"_links":{"self":[{"href":"https:\/\/deli-home.pt\/es\/wp-json\/wp\/v2\/product\/10611","targetHints":{"allow":["GET"]}}],"collection":[{"href":"https:\/\/deli-home.pt\/es\/wp-json\/wp\/v2\/product"}],"about":[{"href":"https:\/\/deli-home.pt\/es\/wp-json\/wp\/v2\/types\/product"}],"wp:featuredmedia":[{"embeddable":true,"href":"https:\/\/deli-home.pt\/es\/wp-json\/wp\/v2\/media\/9731"}],"wp:attachment":[{"href":"https:\/\/deli-home.pt\/es\/wp-json\/wp\/v2\/media?parent=10611"}],"wp:term":[{"taxonomy":"product_brand","embeddable":true,"href":"https:\/\/deli-home.pt\/es\/wp-json\/wp\/v2\/product_brand?post=10611"},{"taxonomy":"product_cat","embeddable":true,"href":"https:\/\/deli-home.pt\/es\/wp-json\/wp\/v2\/product_cat?post=10611"},{"taxonomy":"product_tag","embeddable":true,"href":"https:\/\/deli-home.pt\/es\/wp-json\/wp\/v2\/product_tag?post=10611"}],"curies":[{"name":"wp","href":"https:\/\/api.w.org\/{rel}","templated":true}]}}