{"id":10477,"date":"2025-09-01T15:08:41","date_gmt":"2025-09-01T15:08:41","guid":{"rendered":"https:\/\/deli-home.pt\/?post_type=product&#038;p=10477"},"modified":"2025-09-02T11:13:30","modified_gmt":"2025-09-02T11:13:30","slug":"telheiro-lotus-preto","status":"publish","type":"product","link":"https:\/\/deli-home.pt\/es\/produtos\/telheiro-lotus-preto\/","title":{"rendered":"Telheiro p\/ porta exterior Lotus 1200&#215;700 Preto"},"content":{"rendered":"<p><span style=\"color: #333333;\">Telheiro p\/ porta exterior Lotus 1200&#215;700 Preto<\/span><\/p>\n<p>Proteja a sua entrada com estilo e funcionalidade!<br \/>\nO telheiro Lotus preto \u00e9 perfeito para qualquer porta exterior, uma vez que oferece prote\u00e7\u00e3o extra contra os elementos e combina resist\u00eancia com durabilidade.<br \/>\nFabricado em PVC de alta qualidade, este protege eficazmente a sua entrada contra a chuva, o sol e outros fatores clim\u00e1ticos.<br \/>\nCon unas medidas de 120x70cm, se adapta a la mayor\u00eda de las puertas, preservando la entrada a tu hogar.<br \/>\nAdem\u00e1s de evitar el desgaste provocado por el sol y la humedad, el elegante dise\u00f1o de la marquesina realza la fachada con un toque moderno y sofisticado.<br \/>\nF\u00e1cil de instalar y de bajo mantenimiento, la marquesina Lotus es ideal para proteger y embellecer su puerta de entrada.<\/p>\n<p><strong>EAN: 5600437716632<\/strong><\/p>\n<p><span style=\"color: #333399;\"><strong><a style=\"color: #333399;\" href=\"https:\/\/deli-home.pt\/wp-content\/uploads\/2025\/09\/Livro-de-Instrucoes-Telheiro-Lotus.pdf\" target=\"_blank\" rel=\"noopener\">Manual de Instru\u00e7\u00f5es &#8211; Telheiro Lotus<\/a><br \/>\n<\/strong><\/span><\/p>","protected":false},"excerpt":{"rendered":"<p>Proteja a sua entrada com estilo e funcionalidade!<br \/>\nO telheiro Lotus preto \u00e9 perfeito para qualquer porta exterior, uma vez que oferece prote\u00e7\u00e3o extra contra os elementos e combina resist\u00eancia com durabilidade.<br \/>\nFabricado em PVC de alta qualidade, este protege eficazmente a sua entrada contra a chuva, o sol e outros fatores clim\u00e1ticos.<br \/>\nCon unas medidas de 120x70cm, se adapta a la mayor\u00eda de las puertas, preservando la entrada a tu hogar.<br \/>\nAdem\u00e1s de evitar el desgaste provocado por el sol y la humedad, el elegante dise\u00f1o de la marquesina realza la fachada con un toque moderno y sofisticado.<br \/>\nF\u00e1cil de instalar y de bajo mantenimiento, la marquesina Lotus es ideal para proteger y embellecer su puerta de entrada.<\/p>\n<p><strong>EAN: 5600437716632<\/strong><\/p>\n<p><span style=\"color: #333399;\"><strong><a style=\"color: #333399;\" href=\"https:\/\/deli-home.pt\/wp-content\/uploads\/2025\/09\/Livro-de-Instrucoes-Telheiro-Lotus.pdf\" target=\"_blank\" rel=\"noopener\">Manual de Instru\u00e7\u00f5es &#8211; Telheiro Lotus<\/a><br \/>\n<\/strong><\/span><\/p>","protected":false},"featured_media":9786,"template":"","meta":{"site-sidebar-layout":"default","site-content-layout":"","ast-site-content-layout":"default","site-content-style":"default","site-sidebar-style":"default","ast-global-header-display":"","ast-banner-title-visibility":"","ast-main-header-display":"","ast-hfb-above-header-display":"","ast-hfb-below-header-display":"","ast-hfb-mobile-header-display":"","site-post-title":"","ast-breadcrumbs-content":"","ast-featured-img":"","footer-sml-layout":"","ast-disable-related-posts":"","theme-transparent-header-meta":"default","adv-header-id-meta":"","stick-header-meta":"","header-above-stick-meta":"","header-main-stick-meta":"","header-below-stick-meta":"","astra-migrate-meta-layouts":"set","ast-page-background-enabled":"default","ast-page-background-meta":{"desktop":{"background-color":"var(--ast-global-color-4)","background-image":"","background-repeat":"repeat","background-position":"center center","background-size":"auto","background-attachment":"scroll","background-type":"","background-media":"","overlay-type":"","overlay-color":"","overlay-opacity":"","overlay-gradient":""},"tablet":{"background-color":"","background-image":"","background-repeat":"repeat","background-position":"center center","background-size":"auto","background-attachment":"scroll","background-type":"","background-media":"","overlay-type":"","overlay-color":"","overlay-opacity":"","overlay-gradient":""},"mobile":{"background-color":"","background-image":"","background-repeat":"repeat","background-position":"center center","background-size":"auto","background-attachment":"scroll","background-type":"","background-media":"","overlay-type":"","overlay-color":"","overlay-opacity":"","overlay-gradient":""}},"ast-content-background-meta":{"desktop":{"background-color":"var(--ast-global-color-5)","background-image":"","background-repeat":"repeat","background-position":"center center","background-size":"auto","background-attachment":"scroll","background-type":"","background-media":"","overlay-type":"","overlay-color":"","overlay-opacity":"","overlay-gradient":""},"tablet":{"background-color":"var(--ast-global-color-5)","background-image":"","background-repeat":"repeat","background-position":"center center","background-size":"auto","background-attachment":"scroll","background-type":"","background-media":"","overlay-type":"","overlay-color":"","overlay-opacity":"","overlay-gradient":""},"mobile":{"background-color":"var(--ast-global-color-5)","background-image":"","background-repeat":"repeat","background-position":"center center","background-size":"auto","background-attachment":"scroll","background-type":"","background-media":"","overlay-type":"","overlay-color":"","overlay-opacity":"","overlay-gradient":""}}},"product_brand":[],"product_cat":[37],"product_tag":[],"class_list":{"0":"post-10477","1":"product","2":"type-product","3":"status-publish","4":"has-post-thumbnail","6":"product_cat-telheiros","7":"desktop-align-left","8":"tablet-align-left","9":"mobile-align-left","11":"first","12":"instock","13":"taxable","14":"shipping-taxable","15":"purchasable","16":"product-type-simple"},"yoast_head":"<!-- This site is optimized with the Yoast SEO plugin v27.5 - https:\/\/yoast.com\/product\/yoast-seo-wordpress\/ -->\n<title>Telheiro p\/ porta exterior Lotus 1200x700 Preto - Deli Home Iberia<\/title>\n<meta name=\"description\" content=\"Telheiro p\/ porta exterior Lotus 1200x700 Preto. Protege contra chuva e sol, preserva a entrada e adiciona um toque moderno \u00e0 fachada. EAN: 5600437716632\" \/>\n<meta name=\"robots\" content=\"index, follow, max-snippet:-1, max-image-preview:large, max-video-preview:-1\" \/>\n<link rel=\"canonical\" href=\"https:\/\/deli-home.pt\/es\/produtos\/telheiro-lotus-preto\/\" \/>\n<meta property=\"og:locale\" content=\"es_ES\" \/>\n<meta property=\"og:type\" content=\"article\" \/>\n<meta property=\"og:title\" content=\"Telheiro p\/ porta exterior Lotus 1200x700 Preto\" \/>\n<meta property=\"og:description\" content=\"Telheiro p\/ porta exterior Lotus 1200x700 Preto. Proteja a sua entrada com estilo e funcionalidade. O telheiro Lotus preto \u00e9 perfeito para qualquer porta exterior. Este oferece prote\u00e7\u00e3o extra contra os elementos e combina resist\u00eancia com durabilidade. Fabricado em PVC de alta qualidade, protege eficazmente contra chuva, sol e outros fatores clim\u00e1ticos. Com dimens\u00f5es de 120x70cm, adapta-se \u00e0 maioria das portas, preservando a entrada da sua casa. Al\u00e9m de evitar o desgaste causado pelo sol e pela humidade, o design elegante do telheiro valoriza a fachada com um toque moderno e sofisticado. F\u00e1cil de instalar e com baixa manuten\u00e7\u00e3o, o telheiro Lotus \u00e9 ideal para proteger e embelezar a sua porta de entrada. EAN: 5600437716632\" \/>\n<meta property=\"og:url\" content=\"https:\/\/deli-home.pt\/es\/produtos\/telheiro-lotus-preto\/\" \/>\n<meta property=\"og:site_name\" content=\"Deli Home Iberia\" \/>\n<meta property=\"article:modified_time\" content=\"2025-09-02T11:13:30+00:00\" \/>\n<meta property=\"og:image\" content=\"https:\/\/deli-home.pt\/wp-content\/uploads\/2025\/01\/5600437716632.jpg\" \/>\n\t<meta property=\"og:image:width\" content=\"1000\" \/>\n\t<meta property=\"og:image:height\" content=\"1000\" \/>\n\t<meta property=\"og:image:type\" content=\"image\/jpeg\" \/>\n<meta name=\"twitter:card\" content=\"summary_large_image\" \/>\n<meta name=\"twitter:label1\" content=\"Tiempo de lectura\" \/>\n\t<meta name=\"twitter:data1\" content=\"1 minuto\" \/>\n<script type=\"application\/ld+json\" class=\"yoast-schema-graph\">{\"@context\":\"https:\\\/\\\/schema.org\",\"@graph\":[{\"@type\":\"WebPage\",\"@id\":\"https:\\\/\\\/deli-home.pt\\\/produtos\\\/telheiro-lotus-preto\\\/\",\"url\":\"https:\\\/\\\/deli-home.pt\\\/produtos\\\/telheiro-lotus-preto\",\"name\":\"Telheiro p\\\/ porta exterior Lotus 1200x700 Preto - Deli Home Iberia\",\"isPartOf\":{\"@id\":\"https:\\\/\\\/deli-home.pt\\\/#website\"},\"primaryImageOfPage\":{\"@id\":\"https:\\\/\\\/deli-home.pt\\\/produtos\\\/telheiro-lotus-preto#primaryimage\"},\"image\":{\"@id\":\"https:\\\/\\\/deli-home.pt\\\/produtos\\\/telheiro-lotus-preto#primaryimage\"},\"thumbnailUrl\":\"https:\\\/\\\/deli-home.pt\\\/wp-content\\\/uploads\\\/2025\\\/01\\\/5600437716632.jpg\",\"datePublished\":\"2025-09-01T15:08:41+00:00\",\"dateModified\":\"2025-09-02T11:13:30+00:00\",\"description\":\"Telheiro p\\\/ porta exterior Lotus 1200x700 Preto. Protege contra chuva e sol, preserva a entrada e adiciona um toque moderno \u00e0 fachada. EAN: 5600437716632\",\"breadcrumb\":{\"@id\":\"https:\\\/\\\/deli-home.pt\\\/produtos\\\/telheiro-lotus-preto#breadcrumb\"},\"inLanguage\":\"es\",\"potentialAction\":[{\"@type\":\"ReadAction\",\"target\":[\"https:\\\/\\\/deli-home.pt\\\/produtos\\\/telheiro-lotus-preto\"]}]},{\"@type\":\"ImageObject\",\"inLanguage\":\"es\",\"@id\":\"https:\\\/\\\/deli-home.pt\\\/produtos\\\/telheiro-lotus-preto#primaryimage\",\"url\":\"https:\\\/\\\/deli-home.pt\\\/wp-content\\\/uploads\\\/2025\\\/01\\\/5600437716632.jpg\",\"contentUrl\":\"https:\\\/\\\/deli-home.pt\\\/wp-content\\\/uploads\\\/2025\\\/01\\\/5600437716632.jpg\",\"width\":1000,\"height\":1000,\"caption\":\"10229-24\"},{\"@type\":\"BreadcrumbList\",\"@id\":\"https:\\\/\\\/deli-home.pt\\\/produtos\\\/telheiro-lotus-preto#breadcrumb\",\"itemListElement\":[{\"@type\":\"ListItem\",\"position\":1,\"name\":\"Home\",\"item\":\"https:\\\/\\\/deli-home.pt\\\/\"},{\"@type\":\"ListItem\",\"position\":2,\"name\":\"Produtos\",\"item\":\"https:\\\/\\\/deli-home.pt\\\/store-2\\\/\"},{\"@type\":\"ListItem\",\"position\":3,\"name\":\"Telheiro p\\\/ porta exterior Lotus 1200&#215;700 Preto\"}]},{\"@type\":\"WebSite\",\"@id\":\"https:\\\/\\\/deli-home.pt\\\/#website\",\"url\":\"https:\\\/\\\/deli-home.pt\\\/\",\"name\":\"Deli Home Iberia\",\"description\":\"\",\"publisher\":{\"@id\":\"https:\\\/\\\/deli-home.pt\\\/#organization\"},\"potentialAction\":[{\"@type\":\"SearchAction\",\"target\":{\"@type\":\"EntryPoint\",\"urlTemplate\":\"https:\\\/\\\/deli-home.pt\\\/?s={search_term_string}\"},\"query-input\":{\"@type\":\"PropertyValueSpecification\",\"valueRequired\":true,\"valueName\":\"search_term_string\"}}],\"inLanguage\":\"es\"},{\"@type\":\"Organization\",\"@id\":\"https:\\\/\\\/deli-home.pt\\\/#organization\",\"name\":\"Deli Home Iberia\",\"url\":\"https:\\\/\\\/deli-home.pt\\\/\",\"logo\":{\"@type\":\"ImageObject\",\"inLanguage\":\"es\",\"@id\":\"https:\\\/\\\/deli-home.pt\\\/#\\\/schema\\\/logo\\\/image\\\/\",\"url\":\"https:\\\/\\\/deli-home.pt\\\/wp-content\\\/uploads\\\/2024\\\/09\\\/cropped-cropped-logo-DH-png.png\",\"contentUrl\":\"https:\\\/\\\/deli-home.pt\\\/wp-content\\\/uploads\\\/2024\\\/09\\\/cropped-cropped-logo-DH-png.png\",\"width\":1181,\"height\":429,\"caption\":\"Deli Home Iberia\"},\"image\":{\"@id\":\"https:\\\/\\\/deli-home.pt\\\/#\\\/schema\\\/logo\\\/image\\\/\"}}]}<\/script>\n<!-- \/ Yoast SEO plugin. -->","yoast_head_json":{"title":"Telheiro p\/ porta exterior Lotus 1200x700 Preto - Deli Home Iberia","description":"Telheiro p\/ porta exterior Lotus 1200x700 Preto. Protege contra chuva e sol, preserva a entrada e adiciona um toque moderno \u00e0 fachada. EAN: 5600437716632","robots":{"index":"index","follow":"follow","max-snippet":"max-snippet:-1","max-image-preview":"max-image-preview:large","max-video-preview":"max-video-preview:-1"},"canonical":"https:\/\/deli-home.pt\/es\/produtos\/telheiro-lotus-preto\/","og_locale":"es_ES","og_type":"article","og_title":"Telheiro p\/ porta exterior Lotus 1200x700 Preto","og_description":"Telheiro p\/ porta exterior Lotus 1200x700 Preto. Proteja a sua entrada com estilo e funcionalidade. O telheiro Lotus preto \u00e9 perfeito para qualquer porta exterior. Este oferece prote\u00e7\u00e3o extra contra os elementos e combina resist\u00eancia com durabilidade. Fabricado em PVC de alta qualidade, protege eficazmente contra chuva, sol e outros fatores clim\u00e1ticos. Com dimens\u00f5es de 120x70cm, adapta-se \u00e0 maioria das portas, preservando a entrada da sua casa. Al\u00e9m de evitar o desgaste causado pelo sol e pela humidade, o design elegante do telheiro valoriza a fachada com um toque moderno e sofisticado. F\u00e1cil de instalar e com baixa manuten\u00e7\u00e3o, o telheiro Lotus \u00e9 ideal para proteger e embelezar a sua porta de entrada. EAN: 5600437716632","og_url":"https:\/\/deli-home.pt\/es\/produtos\/telheiro-lotus-preto\/","og_site_name":"Deli Home Iberia","article_modified_time":"2025-09-02T11:13:30+00:00","og_image":[{"width":1000,"height":1000,"url":"https:\/\/deli-home.pt\/wp-content\/uploads\/2025\/01\/5600437716632.jpg","type":"image\/jpeg"}],"twitter_card":"summary_large_image","twitter_misc":{"Tiempo de lectura":"1 minuto"},"schema":{"@context":"https:\/\/schema.org","@graph":[{"@type":"WebPage","@id":"https:\/\/deli-home.pt\/produtos\/telheiro-lotus-preto\/","url":"https:\/\/deli-home.pt\/produtos\/telheiro-lotus-preto","name":"Telheiro p\/ porta exterior Lotus 1200x700 Preto - Deli Home Iberia","isPartOf":{"@id":"https:\/\/deli-home.pt\/#website"},"primaryImageOfPage":{"@id":"https:\/\/deli-home.pt\/produtos\/telheiro-lotus-preto#primaryimage"},"image":{"@id":"https:\/\/deli-home.pt\/produtos\/telheiro-lotus-preto#primaryimage"},"thumbnailUrl":"https:\/\/deli-home.pt\/wp-content\/uploads\/2025\/01\/5600437716632.jpg","datePublished":"2025-09-01T15:08:41+00:00","dateModified":"2025-09-02T11:13:30+00:00","description":"Telheiro p\/ porta exterior Lotus 1200x700 Preto. Protege contra chuva e sol, preserva a entrada e adiciona um toque moderno \u00e0 fachada. EAN: 5600437716632","breadcrumb":{"@id":"https:\/\/deli-home.pt\/produtos\/telheiro-lotus-preto#breadcrumb"},"inLanguage":"es","potentialAction":[{"@type":"ReadAction","target":["https:\/\/deli-home.pt\/produtos\/telheiro-lotus-preto"]}]},{"@type":"ImageObject","inLanguage":"es","@id":"https:\/\/deli-home.pt\/produtos\/telheiro-lotus-preto#primaryimage","url":"https:\/\/deli-home.pt\/wp-content\/uploads\/2025\/01\/5600437716632.jpg","contentUrl":"https:\/\/deli-home.pt\/wp-content\/uploads\/2025\/01\/5600437716632.jpg","width":1000,"height":1000,"caption":"10229-24"},{"@type":"BreadcrumbList","@id":"https:\/\/deli-home.pt\/produtos\/telheiro-lotus-preto#breadcrumb","itemListElement":[{"@type":"ListItem","position":1,"name":"Home","item":"https:\/\/deli-home.pt\/"},{"@type":"ListItem","position":2,"name":"Produtos","item":"https:\/\/deli-home.pt\/store-2\/"},{"@type":"ListItem","position":3,"name":"Telheiro p\/ porta exterior Lotus 1200&#215;700 Preto"}]},{"@type":"WebSite","@id":"https:\/\/deli-home.pt\/#website","url":"https:\/\/deli-home.pt\/","name":"Deli Home Iberia","description":"","publisher":{"@id":"https:\/\/deli-home.pt\/#organization"},"potentialAction":[{"@type":"SearchAction","target":{"@type":"EntryPoint","urlTemplate":"https:\/\/deli-home.pt\/?s={search_term_string}"},"query-input":{"@type":"PropertyValueSpecification","valueRequired":true,"valueName":"search_term_string"}}],"inLanguage":"es"},{"@type":"Organization","@id":"https:\/\/deli-home.pt\/#organization","name":"Deli Home Iberia","url":"https:\/\/deli-home.pt\/","logo":{"@type":"ImageObject","inLanguage":"es","@id":"https:\/\/deli-home.pt\/#\/schema\/logo\/image\/","url":"https:\/\/deli-home.pt\/wp-content\/uploads\/2024\/09\/cropped-cropped-logo-DH-png.png","contentUrl":"https:\/\/deli-home.pt\/wp-content\/uploads\/2024\/09\/cropped-cropped-logo-DH-png.png","width":1181,"height":429,"caption":"Deli Home Iberia"},"image":{"@id":"https:\/\/deli-home.pt\/#\/schema\/logo\/image\/"}}]}},"_links":{"self":[{"href":"https:\/\/deli-home.pt\/es\/wp-json\/wp\/v2\/product\/10477","targetHints":{"allow":["GET"]}}],"collection":[{"href":"https:\/\/deli-home.pt\/es\/wp-json\/wp\/v2\/product"}],"about":[{"href":"https:\/\/deli-home.pt\/es\/wp-json\/wp\/v2\/types\/product"}],"wp:featuredmedia":[{"embeddable":true,"href":"https:\/\/deli-home.pt\/es\/wp-json\/wp\/v2\/media\/9786"}],"wp:attachment":[{"href":"https:\/\/deli-home.pt\/es\/wp-json\/wp\/v2\/media?parent=10477"}],"wp:term":[{"taxonomy":"product_brand","embeddable":true,"href":"https:\/\/deli-home.pt\/es\/wp-json\/wp\/v2\/product_brand?post=10477"},{"taxonomy":"product_cat","embeddable":true,"href":"https:\/\/deli-home.pt\/es\/wp-json\/wp\/v2\/product_cat?post=10477"},{"taxonomy":"product_tag","embeddable":true,"href":"https:\/\/deli-home.pt\/es\/wp-json\/wp\/v2\/product_tag?post=10477"}],"curies":[{"name":"wp","href":"https:\/\/api.w.org\/{rel}","templated":true}]}}