{"id":9852,"date":"2025-01-21T15:35:27","date_gmt":"2025-01-21T15:35:27","guid":{"rendered":"https:\/\/deli-home.pt\/?page_id=9852"},"modified":"2025-01-31T12:57:05","modified_gmt":"2025-01-31T12:57:05","slug":"politica-de-privacidade-e-cookies","status":"publish","type":"page","link":"https:\/\/deli-home.pt\/es\/politica-de-privacidade-e-cookies\/","title":{"rendered":"Pol\u00edtica de Privacidade e Cookies"},"content":{"rendered":"<div data-elementor-type=\"wp-page\" data-elementor-id=\"9852\" class=\"elementor elementor-9852\" data-elementor-post-type=\"page\">\n\t\t\t\t<div class=\"elementor-element elementor-element-319f11ec e-flex e-con-boxed e-con e-parent\" data-id=\"319f11ec\" data-element_type=\"container\" data-e-type=\"container\" data-settings=\"{&quot;background_background&quot;:&quot;classic&quot;}\">\n\t\t\t\t\t<div class=\"e-con-inner\">\n\t\t\t\t<div class=\"elementor-element elementor-element-44ba634c elementor-widget-mobile__width-inherit elementor-widget elementor-widget-heading\" data-id=\"44ba634c\" data-element_type=\"widget\" data-e-type=\"widget\" data-widget_type=\"heading.default\">\n\t\t\t\t\t<h1 class=\"elementor-heading-title elementor-size-default\">Pol\u00edtica de Privacidade e Cookies<\/h1>\t\t\t\t<\/div>\n\t\t\t\t\t<\/div>\n\t\t\t\t<\/div>\n\t\t<div class=\"elementor-element elementor-element-4b15bd4 e-flex e-con-boxed e-con e-parent\" data-id=\"4b15bd4\" data-element_type=\"container\" data-e-type=\"container\">\n\t\t\t\t\t<div class=\"e-con-inner\">\n\t\t\t\t<div class=\"elementor-element elementor-element-fe5e255 elementor-widget elementor-widget-text-editor\" data-id=\"fe5e255\" data-element_type=\"widget\" data-e-type=\"widget\" data-widget_type=\"text-editor.default\">\n\t\t\t\t\t\t\t\t\t<p>A presente Pol\u00edtica de Privacidade e Cookies destina-se a explicar como a <strong><em>Deli Home Iberia <\/em><\/strong>recolhe, armazena e trata os seus dados pessoais e outros que possam ser recolhidos para fins de an\u00e1lise estat\u00edstica.<\/p><p>A <strong><em>Deli Home Iberia<\/em><\/strong> com sede no <strong><em>Parque Industrial Manuel da Mota, Lote 5 3100-354 Pombal<\/em><\/strong>, NIPC <strong><em>504486713<\/em><\/strong> \u00e9 respons\u00e1vel pelo site <strong><em>deli-home.pt<\/em><\/strong>, compromete-se a garantir a privacidade e a protec\u00e7\u00e3o dos dados pessoais dos clientes e visitantes, seguindo todas as normas legais e regulamentares em vigor.<\/p><p>A <strong><em>Deli Home Iberia <\/em><\/strong>reserva-se no direito de actualizar e alterar periodicamente a sua Pol\u00edtica de Privacidade e Cookies, de forma a reflectir qualquer modifica\u00e7\u00e3o na forma como os dados pessoais dos nossos clientes s\u00e3o processados ou em termos legais. Na <strong><em>Deli Home Iberia <\/em><\/strong>ser\u00e1 exibida a vers\u00e3o mais recente e actual da Pol\u00edtica de Privacidade e Cookies, sendo aconselh\u00e1vel que a verifique periodicamente, para averiguar qualquer actualiza\u00e7\u00e3o ou altera\u00e7\u00e3o.\u00a0<\/p><p>PRINC\u00cdPIOS ORIENTADORES<\/p><p>O objectivo principal desta pol\u00edtica \u00e9 consolidar a rela\u00e7\u00e3o de confian\u00e7a e proximidade entre a <strong><em>Deli Home Iberia<\/em><\/strong> e respectivos clientes. A mesma tem tamb\u00e9m como objectivo demonstrar a transpar\u00eancia no tratamento dos dados recolhidos e informar todos os clientes dos seus direitos e da forma como podem exerc\u00ea-los, enquanto titulares de dados pessoais.<\/p><p>BASE LEGAL<\/p><p>A <strong>Deli Home Iberia<\/strong> actua no estrito cumprimento dos princ\u00edpios descritos nesta pol\u00edtica, do Regulamento (UE) 2016\/679 (Regulamento Geral sobre a Prote\u00e7\u00e3o de Dados \u2013 RGPD) e da legisla\u00e7\u00e3o de protec\u00e7\u00e3o de dados aplic\u00e1vel, em todos os processos que envolvam o tratamento de dados pessoais.<\/p><p>Segundo o Acordo com o RGPD, por dados pessoais define-se: \u201cQualquer informa\u00e7\u00e3o relativa a uma pessoa singular identificada ou identific\u00e1vel (\u201dtitular da informa\u00e7\u00e3o\u201c); uma pessoa singular identific\u00e1vel \u00e9 aquela que pode ser identificado, direta ou indiretamente, em particular por refer\u00eancia a um identificador, como um nome, um n\u00famero de identifica\u00e7\u00e3o, dados de localiza\u00e7\u00e3o, um identificador online ou a um ou mais fatores espec\u00edficos do f\u00edsico, fisiol\u00f3gico, identidade gen\u00e9tica, mental, econ\u00f3mica, cultural ou social dessa pessoa natural.\u201d<\/p><p>PROTEC\u00c7\u00c3O DOS DADOS<strong style=\"font-style: inherit; color: var( --e-global-color-astglobalcolor2 ); text-align: var(--text-align); background-color: var(--ast-global-color-5);\">\u00a0<\/strong><\/p><p>Utilizamos v\u00e1rias medidas que visam garantir a seguran\u00e7a da informa\u00e7\u00e3o recolhida, a protec\u00e7\u00e3o dos dados pessoais recolhidos, impedir a utiliza\u00e7\u00e3o, altera\u00e7\u00e3o ou acesso indevido, a divulga\u00e7\u00e3o, a perda ou destrui\u00e7\u00e3o n\u00e3o autorizadas.<\/p><p>Como titular dos dados, o cliente tem direito a saber quais os dados recolhidos e armazenados, assim como a alterar os mesmos na \u00e1rea de cliente e solicitar \u00e0 loja a sua exporta\u00e7\u00e3o ou elimina\u00e7\u00e3o.<\/p><p><strong>OS DADOS QUE S\u00c3O RECOLHIDOS<\/strong><strong style=\"font-style: inherit; color: var( --e-global-color-astglobalcolor2 ); text-align: var(--text-align); background-color: var(--ast-global-color-5);\">\u00a0<\/strong><\/p><p>I.\u00a0\u00a0\u00a0\u00a0\u00a0\u00a0\u00a0\u00a0\u00a0 Registo de cliente ou compra<\/p><p>No registo ou compra na <strong>Deli Home Iberia<\/strong>, s\u00e3o recolhidos os seguintes dados: <strong>e-mail,<\/strong><strong> nome, morada, c\u00f3digo-postal, localidade, telefone e NIF. <\/strong>Os dados recolhidos atrav\u00e9s do processo de compra do cliente ser\u00e3o processados automaticamente e destinam-se ao tratamento das encomendas como por exemplo a expedi\u00e7\u00e3o de encomendas ou a emiss\u00e3o de facturas.<\/p><p>II.\u00a0\u00a0\u00a0\u00a0\u00a0\u00a0\u00a0\u00a0\u00a0 Newsletter<\/p><p>Na inscri\u00e7\u00e3o na Newsletter da <strong>Deli Home Iberia<\/strong>, s\u00e3o recolhidos os seguintes dados: nome e e-mail.<\/p><p>III.\u00a0\u00a0\u00a0\u00a0\u00a0\u00a0\u00a0\u00a0\u00a0 Formul\u00e1rio de contacto<\/p><p>A <strong>Deli Home Iberia <\/strong>pode ainda solicitar dados pessoais nos formul\u00e1rios de contacto, nomeadamente, o nome, e-mail e outras informa\u00e7\u00f5es que o visitante nos forne\u00e7a.<\/p><p>IV.\u00a0\u00a0\u00a0\u00a0\u00a0\u00a0\u00a0\u00a0\u00a0 Navega\u00e7\u00e3o na <em>Deli Home Iberia <\/em><\/p><p>Tamb\u00e9m s\u00e3o sempre recolhidos dados relacionados com a navega\u00e7\u00e3o na loja. Exemplos deste tipo de dados s\u00e3o a informa\u00e7\u00e3o do dispositivo e browser (navegador), informa\u00e7\u00f5es de rede e endere\u00e7o de IP.<\/p><p>FINALIDADE COM QUE OS DADOS RECOLHIDOS<strong>\u00a0<\/strong><\/p><p>Os dados pessoais s\u00e3o recolhidos e tratados com vista ao cumprimento das finalidades a seguir indicadas:<\/p><p><strong><em>\u00a0<\/em><\/strong><strong style=\"font-style: inherit; color: var( --e-global-color-astglobalcolor2 ); text-align: var(--text-align); background-color: var(--ast-global-color-5);\"><em>Presta\u00e7\u00e3o de servi\u00e7o:<\/em><\/strong><\/p><ul><li>Cumprimento das obriga\u00e7\u00f5es fiscais;<\/li><li>Expedi\u00e7\u00e3o de encomendas;<\/li><li>Tratamento de encomendas;<\/li><li>Factura\u00e7\u00e3o;<\/li><li>Resolu\u00e7\u00e3o de problemas como o cancelamento, devolu\u00e7\u00e3o de produtos ou reembolso do valor dos produtos e\/ou servi\u00e7o de acordo com a lei em vigor;<\/li><li>Apoio ao cliente: esclarecimento de d\u00favidas sobre produtos, o funcionamento da\u00a0<strong style=\"font-style: inherit; color: var( --e-global-color-astglobalcolor2 ); text-align: var(--text-align); background-color: var(--ast-global-color-5);\">Deli Home Iberia<\/strong><span style=\"font-style: inherit; font-weight: inherit; color: var( --e-global-color-astglobalcolor2 ); text-align: var(--text-align); background-color: var(--ast-global-color-5);\">\u00a0ou qualquer outra quest\u00e3o solicitada pelo cliente;<\/span><\/li><\/ul><p><strong><em>Marketing Directo (ex. e-mail marketing): <\/em><\/strong><\/p><p><strong><em>\u00a0<\/em><\/strong><span style=\"font-style: inherit; font-weight: inherit; color: var( --e-global-color-astglobalcolor2 ); text-align: var(--text-align); background-color: var(--ast-global-color-5);\">Para que o cliente esteja actualizado sobre estados de encomendas ou qualquer novidade na Deli Home Iberia, podemos enviar e-mails e\/ou SMS com comunica\u00e7\u00f5es comerciais referentes a ofertas, produtos ou campanhas, assim como conte\u00fados tem\u00e1ticos e informa\u00e7\u00f5es sobre o processamento de encomendas registadas.<\/span><\/p><p>Para efeitos de marketing, na <strong><em>Deli Home Iberia <\/em><\/strong>poderemos considerar e utilizar determinados dados como produtos visualizados, produtos em wishlist ou deixados no carrinho abandonado.\u00a0<\/p><p>As comunica\u00e7\u00f5es de marketing s\u00e3o efectuadas ap\u00f3s e com o consentimento pr\u00e9vio do cliente.<\/p><p>Em todo e qualquer caso, a <strong><em>Deli Home Iberia<\/em><\/strong> procura garantir que a informa\u00e7\u00e3o e dados recolhidos e utilizados s\u00e3o adequados \u00e0s finalidades descritas e que n\u00e3o constituem uma invas\u00e3o da privacidade do cliente.\u00a0<\/p><p><strong>QUANDO RECOLHEMOS OS DADOS? <\/strong><\/p><p>Os dados s\u00e3o recolhidos quando h\u00e1 um registo de cliente na <strong>Deli Home Iberia<\/strong>, inscri\u00e7\u00e3o na newsletter, preenchimento do formul\u00e1rio de contacto, registo de uma encomenda ou durante a navega\u00e7\u00e3o na loja.\u00a0<\/p><p><strong>QUAIS S\u00c3O OS SEUS DIREITOS E COMO PODE EXERC\u00ca-LOS? <\/strong><\/p><p>O titular de dados pessoais tem direito, a qualquer momento, a requerer o acesso, rectifica\u00e7\u00e3o, oposi\u00e7\u00e3o, exporta\u00e7\u00e3o e\/ou elimina\u00e7\u00e3o, assim como o direito de n\u00e3o ficar sujeito a decis\u00f5es automatizadas.\u00a0<\/p><p>O cliente pode exercer qualquer um destes direitos junto da <strong><em>Deli Home Iberia<\/em><\/strong>, com a submiss\u00e3o de um pedido enviado para o endere\u00e7o seguinte <strong><em>geral@deli-home.com<\/em><\/strong>. O cliente pode tamb\u00e9m apresentar uma reclama\u00e7\u00e3o junto da Comiss\u00e3o Nacional de Protec\u00e7\u00e3o de Dados (CNPD).<\/p><p>RETEN\u00c7\u00c3O DOS DADOS<\/p><p>A <strong><em>Deli Home Iberia<\/em><\/strong> est\u00e1 obrigada a reter informa\u00e7\u00f5es para fins fiscais e auditorias de acordo com a lei em vigor.\u00a0<\/p><p>A <strong><em>Deli Home Iberia<\/em><\/strong> guarda os seus dados por <strong><em>2 anos<\/em><\/strong> devido a requisitos e pr\u00e1ticas espec\u00edficas inerentes \u00e0 <strong><em>Deli Home Iberia <\/em><\/strong>e ao seu sector de actividade, ou at\u00e9 que o cliente solicite para que os mesmos sejam eliminados da base de dados.\u00a0<\/p><p>O titular pode, a qualquer momento, pedir para aceder, rectificar ou eliminar os seus dados pessoais ao enviar um email para <strong><em>geral@deli-home.com<\/em><\/strong>.<\/p><p>Caso o cliente efectue um registo na <strong><em>Deli Home Iberia<\/em>, <\/strong>pode verificar, editar ou eliminar as suas informa\u00e7\u00f5es pessoais a qualquer momento a partir da \u00e1rea de cliente na<strong> <em>Deli Home Iberia<\/em>.\u00a0 <\/strong><\/p><p><strong>\u00a0<\/strong><span style=\"font-style: inherit; font-weight: inherit; color: var( --e-global-color-astglobalcolor2 ); text-align: var(--text-align); background-color: var(--ast-global-color-5);\">A pedido do cliente, a<\/span><strong style=\"font-style: inherit; color: var( --e-global-color-astglobalcolor2 ); text-align: var(--text-align); background-color: var(--ast-global-color-5);\"> <em>Deli Home Iberia<\/em> <\/strong><span style=\"font-style: inherit; font-weight: inherit; color: var( --e-global-color-astglobalcolor2 ); text-align: var(--text-align); background-color: var(--ast-global-color-5);\">pode alterar determinados dados do cliente associados a encomendas registadas.<\/span><strong style=\"font-style: inherit; color: var( --e-global-color-astglobalcolor2 ); text-align: var(--text-align); background-color: var(--ast-global-color-5);\">\u00a0<\/strong><\/p><p>PARTILHA DOS DADOS<strong>\u00a0<\/strong><\/p><p>A <strong><em>Deli Home Iberia<\/em><\/strong> n\u00e3o cede ou vende qualquer tipo de dado pessoal a outra entidade al\u00e9m das que s\u00e3o necess\u00e1rias ao funcionamento do servi\u00e7o. N\u00e3o ser\u00e3o tamb\u00e9m utilizados dados pessoais para qualquer outro fim sem o devido consentimento do titular.<\/p><p>Qualquer entidade terceira, com a qual os dados do cliente possam ser partilhados, \u00e9 obrigada a utiliz\u00e1-los exclusivamente como forma de executar o bom funcionamento do seu servi\u00e7o em nome da <strong><em>Deli Home Iberia<\/em><\/strong> <strong>. <\/strong><\/p><p><strong>\u00a0<\/strong><span style=\"font-style: inherit; font-weight: inherit; color: var( --e-global-color-astglobalcolor2 ); text-align: var(--text-align); background-color: var(--ast-global-color-5);\">A <\/span><strong style=\"font-style: inherit; color: var( --e-global-color-astglobalcolor2 ); text-align: var(--text-align); background-color: var(--ast-global-color-5);\"><em>Deli Home Iberia<\/em><\/strong><span style=\"font-style: inherit; font-weight: inherit; color: var( --e-global-color-astglobalcolor2 ); text-align: var(--text-align); background-color: var(--ast-global-color-5);\"> pode ainda revelar informa\u00e7\u00f5es pessoalmente identific\u00e1veis sob circunst\u00e2ncias especiais, tais como no cumprimento de ordens judiciais que assim o exijam ou quando determinadas ac\u00e7\u00f5es violam os Termos e Condi\u00e7\u00f5es do neg\u00f3cio.<\/span><\/p><p>COOKIES<\/p><p>A <strong><em>Deli Home Iberia<\/em> <\/strong>utiliza cookies no site. Os cookies utilizados n\u00e3o recolhem informa\u00e7\u00f5es que identifiquem o visitante, mas sim sobre a forma como este interage com o website da loja. Os dados recolhidos s\u00e3o utilizados para fins estat\u00edsticos, presta\u00e7\u00e3o e melhoria do servi\u00e7o e da experi\u00eancia de utiliza\u00e7\u00e3o.<\/p><p><strong>QUE TIPOS DE COOKIES S\u00c3O UTILIZADOS? <\/strong><\/p><p><strong>Cookies Anal\u00edticos<\/strong>: s\u00e3o utilizados para efeitos de cria\u00e7\u00e3o e an\u00e1lise de estat\u00edsticas, no sentido de melhorar o funcionamento do website, sem nunca recolher informa\u00e7\u00e3o de car\u00e1cter pessoal.<\/p><p><strong>Cookies de Funcionalidade:<\/strong> Guardam as prefer\u00eancias do utilizador relativamente \u00e0 utiliza\u00e7\u00e3o do site, de forma que n\u00e3o seja necess\u00e1rio voltar a configurar o site cada vez que o visita.<\/p><p><strong>Cookies de Terceiros:<\/strong> Estes cookies s\u00e3o criados a partir de servi\u00e7os de terceiros, como o Google, Youtube, Facebook, entre outros. Podem ser usados para mostrar-lhe publicidade relacionada com as suas ac\u00e7\u00f5es no website.<\/p><p>Para qualquer outra quest\u00e3o relacionada com a protec\u00e7\u00e3o dos seus dados pessoais ou sobre os cookies utilizados poder\u00e1 contactar-nos atrav\u00e9s do endere\u00e7o seguinte: <strong><em>geral@deli-home.com<\/em><\/strong>.<\/p>\t\t\t\t\t\t\t\t<\/div>\n\t\t\t\t\t<\/div>\n\t\t\t\t<\/div>\n\t\t\t\t<\/div>","protected":false},"excerpt":{"rendered":"<p>Pol\u00edtica de Privacidade e Cookies A presente Pol\u00edtica de Privacidade e Cookies destina-se a explicar como a Deli Home Iberia recolhe, armazena e trata os seus dados pessoais e outros que possam ser recolhidos para fins de an\u00e1lise estat\u00edstica. A Deli Home Iberia com sede no Parque Industrial Manuel da Mota, Lote 5 3100-354 Pombal, [&hellip;]<\/p>\n","protected":false},"author":1,"featured_media":0,"parent":0,"menu_order":0,"comment_status":"closed","ping_status":"closed","template":"","meta":{"site-sidebar-layout":"no-sidebar","site-content-layout":"page-builder","ast-site-content-layout":"full-width-container","site-content-style":"default","site-sidebar-style":"default","ast-global-header-display":"","ast-banner-title-visibility":"","ast-main-header-display":"","ast-hfb-above-header-display":"","ast-hfb-below-header-display":"","ast-hfb-mobile-header-display":"","site-post-title":"disabled","ast-breadcrumbs-content":"","ast-featured-img":"disabled","footer-sml-layout":"","ast-disable-related-posts":"","theme-transparent-header-meta":"","adv-header-id-meta":"","stick-header-meta":"","header-above-stick-meta":"","header-main-stick-meta":"","header-below-stick-meta":"","astra-migrate-meta-layouts":"set","ast-page-background-enabled":"default","ast-page-background-meta":{"desktop":{"background-color":"var(--ast-global-color-4)","background-image":"","background-repeat":"repeat","background-position":"center center","background-size":"auto","background-attachment":"scroll","background-type":"","background-media":"","overlay-type":"","overlay-color":"","overlay-opacity":"","overlay-gradient":""},"tablet":{"background-color":"","background-image":"","background-repeat":"repeat","background-position":"center center","background-size":"auto","background-attachment":"scroll","background-type":"","background-media":"","overlay-type":"","overlay-color":"","overlay-opacity":"","overlay-gradient":""},"mobile":{"background-color":"","background-image":"","background-repeat":"repeat","background-position":"center center","background-size":"auto","background-attachment":"scroll","background-type":"","background-media":"","overlay-type":"","overlay-color":"","overlay-opacity":"","overlay-gradient":""}},"ast-content-background-meta":{"desktop":{"background-color":"var(--ast-global-color-5)","background-image":"","background-repeat":"repeat","background-position":"center center","background-size":"auto","background-attachment":"scroll","background-type":"","background-media":"","overlay-type":"","overlay-color":"","overlay-opacity":"","overlay-gradient":""},"tablet":{"background-color":"var(--ast-global-color-5)","background-image":"","background-repeat":"repeat","background-position":"center center","background-size":"auto","background-attachment":"scroll","background-type":"","background-media":"","overlay-type":"","overlay-color":"","overlay-opacity":"","overlay-gradient":""},"mobile":{"background-color":"var(--ast-global-color-5)","background-image":"","background-repeat":"repeat","background-position":"center center","background-size":"auto","background-attachment":"scroll","background-type":"","background-media":"","overlay-type":"","overlay-color":"","overlay-opacity":"","overlay-gradient":""}},"footnotes":""},"class_list":["post-9852","page","type-page","status-publish","hentry"],"yoast_head":"<!-- This site is optimized with the Yoast SEO plugin v27.5 - https:\/\/yoast.com\/product\/yoast-seo-wordpress\/ -->\n<title>Pol\u00edtica de Privacidade e Cookies - Deli Home Iberia<\/title>\n<meta name=\"robots\" content=\"index, follow, max-snippet:-1, max-image-preview:large, max-video-preview:-1\" \/>\n<link rel=\"canonical\" href=\"https:\/\/deli-home.pt\/es\/politica-de-privacidade-e-cookies\/\" \/>\n<meta property=\"og:locale\" content=\"es_ES\" \/>\n<meta property=\"og:type\" content=\"article\" \/>\n<meta property=\"og:title\" content=\"Pol\u00edtica de Privacidade e Cookies - Deli Home Iberia\" \/>\n<meta property=\"og:description\" content=\"Pol\u00edtica de Privacidade e Cookies A presente Pol\u00edtica de Privacidade e Cookies destina-se a explicar como a Deli Home Iberia recolhe, armazena e trata os seus dados pessoais e outros que possam ser recolhidos para fins de an\u00e1lise estat\u00edstica. A Deli Home Iberia com sede no Parque Industrial Manuel da Mota, Lote 5 3100-354 Pombal, [&hellip;]\" \/>\n<meta property=\"og:url\" content=\"https:\/\/deli-home.pt\/es\/politica-de-privacidade-e-cookies\/\" \/>\n<meta property=\"og:site_name\" content=\"Deli Home Iberia\" \/>\n<meta property=\"article:modified_time\" content=\"2025-01-31T12:57:05+00:00\" \/>\n<meta name=\"twitter:card\" content=\"summary_large_image\" \/>\n<meta name=\"twitter:label1\" content=\"Tiempo de lectura\" \/>\n\t<meta name=\"twitter:data1\" content=\"8 minutos\" \/>\n<script type=\"application\/ld+json\" class=\"yoast-schema-graph\">{\"@context\":\"https:\\\/\\\/schema.org\",\"@graph\":[{\"@type\":\"WebPage\",\"@id\":\"https:\\\/\\\/deli-home.pt\\\/politica-de-privacidade-e-cookies\\\/\",\"url\":\"https:\\\/\\\/deli-home.pt\\\/politica-de-privacidade-e-cookies\\\/\",\"name\":\"Pol\u00edtica de Privacidade e Cookies - Deli Home Iberia\",\"isPartOf\":{\"@id\":\"https:\\\/\\\/deli-home.pt\\\/#website\"},\"datePublished\":\"2025-01-21T15:35:27+00:00\",\"dateModified\":\"2025-01-31T12:57:05+00:00\",\"breadcrumb\":{\"@id\":\"https:\\\/\\\/deli-home.pt\\\/politica-de-privacidade-e-cookies\\\/#breadcrumb\"},\"inLanguage\":\"es\",\"potentialAction\":[{\"@type\":\"ReadAction\",\"target\":[\"https:\\\/\\\/deli-home.pt\\\/politica-de-privacidade-e-cookies\\\/\"]}]},{\"@type\":\"BreadcrumbList\",\"@id\":\"https:\\\/\\\/deli-home.pt\\\/politica-de-privacidade-e-cookies\\\/#breadcrumb\",\"itemListElement\":[{\"@type\":\"ListItem\",\"position\":1,\"name\":\"Home\",\"item\":\"https:\\\/\\\/deli-home.pt\\\/\"},{\"@type\":\"ListItem\",\"position\":2,\"name\":\"Pol\u00edtica de Privacidade e Cookies\"}]},{\"@type\":\"WebSite\",\"@id\":\"https:\\\/\\\/deli-home.pt\\\/#website\",\"url\":\"https:\\\/\\\/deli-home.pt\\\/\",\"name\":\"Deli Home Iberia\",\"description\":\"\",\"publisher\":{\"@id\":\"https:\\\/\\\/deli-home.pt\\\/#organization\"},\"potentialAction\":[{\"@type\":\"SearchAction\",\"target\":{\"@type\":\"EntryPoint\",\"urlTemplate\":\"https:\\\/\\\/deli-home.pt\\\/?s={search_term_string}\"},\"query-input\":{\"@type\":\"PropertyValueSpecification\",\"valueRequired\":true,\"valueName\":\"search_term_string\"}}],\"inLanguage\":\"es\"},{\"@type\":\"Organization\",\"@id\":\"https:\\\/\\\/deli-home.pt\\\/#organization\",\"name\":\"Deli Home Iberia\",\"url\":\"https:\\\/\\\/deli-home.pt\\\/\",\"logo\":{\"@type\":\"ImageObject\",\"inLanguage\":\"es\",\"@id\":\"https:\\\/\\\/deli-home.pt\\\/#\\\/schema\\\/logo\\\/image\\\/\",\"url\":\"https:\\\/\\\/deli-home.pt\\\/wp-content\\\/uploads\\\/2024\\\/09\\\/cropped-cropped-logo-DH-png.png\",\"contentUrl\":\"https:\\\/\\\/deli-home.pt\\\/wp-content\\\/uploads\\\/2024\\\/09\\\/cropped-cropped-logo-DH-png.png\",\"width\":1181,\"height\":429,\"caption\":\"Deli Home Iberia\"},\"image\":{\"@id\":\"https:\\\/\\\/deli-home.pt\\\/#\\\/schema\\\/logo\\\/image\\\/\"}}]}<\/script>\n<!-- \/ Yoast SEO plugin. -->","yoast_head_json":{"title":"Pol\u00edtica de Privacidade e Cookies - Deli Home Iberia","robots":{"index":"index","follow":"follow","max-snippet":"max-snippet:-1","max-image-preview":"max-image-preview:large","max-video-preview":"max-video-preview:-1"},"canonical":"https:\/\/deli-home.pt\/es\/politica-de-privacidade-e-cookies\/","og_locale":"es_ES","og_type":"article","og_title":"Pol\u00edtica de Privacidade e Cookies - Deli Home Iberia","og_description":"Pol\u00edtica de Privacidade e Cookies A presente Pol\u00edtica de Privacidade e Cookies destina-se a explicar como a Deli Home Iberia recolhe, armazena e trata os seus dados pessoais e outros que possam ser recolhidos para fins de an\u00e1lise estat\u00edstica. A Deli Home Iberia com sede no Parque Industrial Manuel da Mota, Lote 5 3100-354 Pombal, [&hellip;]","og_url":"https:\/\/deli-home.pt\/es\/politica-de-privacidade-e-cookies\/","og_site_name":"Deli Home Iberia","article_modified_time":"2025-01-31T12:57:05+00:00","twitter_card":"summary_large_image","twitter_misc":{"Tiempo de lectura":"8 minutos"},"schema":{"@context":"https:\/\/schema.org","@graph":[{"@type":"WebPage","@id":"https:\/\/deli-home.pt\/politica-de-privacidade-e-cookies\/","url":"https:\/\/deli-home.pt\/politica-de-privacidade-e-cookies\/","name":"Pol\u00edtica de Privacidade e Cookies - Deli Home Iberia","isPartOf":{"@id":"https:\/\/deli-home.pt\/#website"},"datePublished":"2025-01-21T15:35:27+00:00","dateModified":"2025-01-31T12:57:05+00:00","breadcrumb":{"@id":"https:\/\/deli-home.pt\/politica-de-privacidade-e-cookies\/#breadcrumb"},"inLanguage":"es","potentialAction":[{"@type":"ReadAction","target":["https:\/\/deli-home.pt\/politica-de-privacidade-e-cookies\/"]}]},{"@type":"BreadcrumbList","@id":"https:\/\/deli-home.pt\/politica-de-privacidade-e-cookies\/#breadcrumb","itemListElement":[{"@type":"ListItem","position":1,"name":"Home","item":"https:\/\/deli-home.pt\/"},{"@type":"ListItem","position":2,"name":"Pol\u00edtica de Privacidade e Cookies"}]},{"@type":"WebSite","@id":"https:\/\/deli-home.pt\/#website","url":"https:\/\/deli-home.pt\/","name":"Deli Home Iberia","description":"","publisher":{"@id":"https:\/\/deli-home.pt\/#organization"},"potentialAction":[{"@type":"SearchAction","target":{"@type":"EntryPoint","urlTemplate":"https:\/\/deli-home.pt\/?s={search_term_string}"},"query-input":{"@type":"PropertyValueSpecification","valueRequired":true,"valueName":"search_term_string"}}],"inLanguage":"es"},{"@type":"Organization","@id":"https:\/\/deli-home.pt\/#organization","name":"Deli Home Iberia","url":"https:\/\/deli-home.pt\/","logo":{"@type":"ImageObject","inLanguage":"es","@id":"https:\/\/deli-home.pt\/#\/schema\/logo\/image\/","url":"https:\/\/deli-home.pt\/wp-content\/uploads\/2024\/09\/cropped-cropped-logo-DH-png.png","contentUrl":"https:\/\/deli-home.pt\/wp-content\/uploads\/2024\/09\/cropped-cropped-logo-DH-png.png","width":1181,"height":429,"caption":"Deli Home Iberia"},"image":{"@id":"https:\/\/deli-home.pt\/#\/schema\/logo\/image\/"}}]}},"_links":{"self":[{"href":"https:\/\/deli-home.pt\/es\/wp-json\/wp\/v2\/pages\/9852","targetHints":{"allow":["GET"]}}],"collection":[{"href":"https:\/\/deli-home.pt\/es\/wp-json\/wp\/v2\/pages"}],"about":[{"href":"https:\/\/deli-home.pt\/es\/wp-json\/wp\/v2\/types\/page"}],"author":[{"embeddable":true,"href":"https:\/\/deli-home.pt\/es\/wp-json\/wp\/v2\/users\/1"}],"replies":[{"embeddable":true,"href":"https:\/\/deli-home.pt\/es\/wp-json\/wp\/v2\/comments?post=9852"}],"version-history":[{"count":8,"href":"https:\/\/deli-home.pt\/es\/wp-json\/wp\/v2\/pages\/9852\/revisions"}],"predecessor-version":[{"id":9884,"href":"https:\/\/deli-home.pt\/es\/wp-json\/wp\/v2\/pages\/9852\/revisions\/9884"}],"wp:attachment":[{"href":"https:\/\/deli-home.pt\/es\/wp-json\/wp\/v2\/media?parent=9852"}],"curies":[{"name":"wp","href":"https:\/\/api.w.org\/{rel}","templated":true}]}}